{"id":12107,"date":"2018-05-14T15:22:05","date_gmt":"2018-05-14T14:22:05","guid":{"rendered":"https:\/\/shemeshautomation.com\/politique-de-confidentialite\/"},"modified":"2023-08-01T09:32:03","modified_gmt":"2023-08-01T08:32:03","slug":"politique-de-confidentialite","status":"publish","type":"page","link":"https:\/\/shemeshautomation.com\/fr\/politique-de-confidentialite\/","title":{"rendered":"Politique de confidentialit\u00e9"},"content":{"rendered":"<p>Cette politique de confidentialit\u00e9 d\u00e9finit la mani\u00e8re dont Shemesh Automation utilise et prot\u00e8ge les informations que vous lui communiquez lorsque vous utilisez ce site web.<\/p>\n<p>Shemesh Automation s&rsquo;engage \u00e0 assurer la protection de votre vie priv\u00e9e. Si nous vous demandons de fournir certaines informations permettant de vous identifier lorsque vous utilisez ce site web, vous pouvez \u00eatre assur\u00e9 qu&rsquo;elles ne seront utilis\u00e9es que conform\u00e9ment \u00e0 la pr\u00e9sente d\u00e9claration de confidentialit\u00e9.<\/p>\n<p>Shemesh Automation peut modifier cette politique de temps \u00e0 autre en mettant \u00e0 jour cette page. Vous devriez consulter cette page de temps en temps pour vous assurer que vous \u00eates satisfait de tout changement. Cette politique est en vigueur depuis le 24 mai 2018.<\/p>\n<p><strong>Ce que nous recueillons<\/strong><\/p>\n<p>Nous pouvons recueillir les informations suivantes :<br \/>\n\u2022 nom et fonction<br \/>\n\u2022 informations de contact, y compris l&rsquo;adresse \u00e9lectronique<br \/>\n\u2022 des informations d\u00e9mographiques telles que le code postal, les pr\u00e9f\u00e9rences et les int\u00e9r\u00eats.<br \/>\n\u2022 d&rsquo;autres informations relatives aux enqu\u00eates et\/ou aux offres destin\u00e9es aux clients<\/p>\n<p><strong>Ce que nous faisons des informations que nous recueillons<\/strong><\/p>\n<p>Nous avons besoin de ces informations pour comprendre vos besoins et vous fournir un meilleur service, et en particulier pour les raisons suivantes :<br \/>\n\u2022 Tenue de registres internes.<br \/>\n\u2022 Nous pouvons utiliser ces informations pour am\u00e9liorer nos produits et services.<br \/>\n\u2022 Nous pouvons p\u00e9riodiquement envoyer des courriels promotionnels sur de nouveaux produits, des offres sp\u00e9ciales ou d&rsquo;autres informations que nous pensons pouvoir vous int\u00e9resser en utilisant l&rsquo;adresse \u00e9lectronique que vous avez fournie.<br \/>\n\u2022 De temps \u00e0 autre, nous pouvons \u00e9galement utiliser vos informations pour vous contacter \u00e0 des fins d&rsquo;\u00e9tudes de march\u00e9. Nous pouvons vous contacter par courriel, t\u00e9l\u00e9phone, t\u00e9l\u00e9copie ou courrier. Nous pouvons utiliser ces informations pour personnaliser le site web en fonction de vos int\u00e9r\u00eats.<\/p>\n<p><strong>S\u00e9curit\u00e9<\/strong><\/p>\n<p>Nous nous engageons \u00e0 assurer la s\u00e9curit\u00e9 de vos informations. Afin d&#8217;emp\u00eacher tout acc\u00e8s ou toute divulgation non autoris\u00e9s, nous avons mis en place des proc\u00e9dures physiques, \u00e9lectroniques et de gestion appropri\u00e9es pour sauvegarder et s\u00e9curiser les informations que nous recueillons en ligne.<\/p>\n<p><strong>Cookies<\/strong><\/p>\n<p>Consultez notre politique en mati\u00e8re de cookies <a href=\"https:\/\/shemeshautomation.com\/cookie-policy\/\">ici<\/a><\/p>\n<p><strong>Liens vers d&rsquo;autres sites web<\/strong><\/p>\n<p>Notre site web peut contenir des liens vers d&rsquo;autres sites web int\u00e9ressants. Toutefois, une fois que vous avez utilis\u00e9 ces liens pour quitter notre site, vous devez savoir que nous n&rsquo;avons aucun contr\u00f4le sur cet autre site web. Par cons\u00e9quent, nous ne pouvons pas \u00eatre responsables de la protection et de la confidentialit\u00e9 des informations que vous fournissez lorsque vous visitez ces sites et ces sites ne sont pas r\u00e9gis par la pr\u00e9sente d\u00e9claration de confidentialit\u00e9. Vous devez faire preuve de prudence et consulter la d\u00e9claration de confidentialit\u00e9 applicable au site web en question.<\/p>\n<p><strong>Contr\u00f4le de vos informations personnelles<\/strong><\/p>\n<p>Vous pouvez choisir de restreindre la collecte ou l&rsquo;utilisation de vos informations personnelles de la mani\u00e8re suivante :<br \/>\n\u2022 chaque fois que vous \u00eates invit\u00e9 \u00e0 remplir un formulaire sur le site web, recherchez la case sur laquelle vous pouvez cliquer pour indiquer que vous ne souhaitez pas que les informations soient utilis\u00e9es par quiconque \u00e0 des fins de marketing direct.<br \/>\n\u2022 Si vous avez pr\u00e9c\u00e9demment accept\u00e9 que nous utilisions vos informations personnelles \u00e0 des fins de marketing direct, vous pouvez changer d&rsquo;avis \u00e0 tout moment en nous \u00e9crivant ou en nous envoyant un courriel \u00e0 l&rsquo;adresse sa@shemeshautomation.com.<\/p>\n<p>Nous ne vendrons pas, ne distribuerons pas et ne louerons pas vos informations personnelles \u00e0 des tiers, sauf si nous avons votre autorisation ou si la loi nous y oblige. Nous pouvons utiliser vos informations personnelles pour vous envoyer des informations promotionnelles sur des tiers qui, selon nous, pourraient vous int\u00e9resser, si vous nous dites que vous le souhaitez.<\/p>\n<p>Vous pouvez demander des d\u00e9tails sur les informations personnelles que nous d\u00e9tenons \u00e0 votre sujet en vertu de la loi de 1998 sur la protection des donn\u00e9es. Si vous souhaitez obtenir une copie des informations d\u00e9tenues sur vous, veuillez \u00e9crire \u00e0 Shemesh Automation, 85 Great Portland Street, First Floor, London W1W 7LT UK.<\/p>\n<p>Si vous pensez que les informations que nous d\u00e9tenons sur vous sont incorrectes ou incompl\u00e8tes, veuillez nous \u00e9crire ou nous envoyer un courriel d\u00e8s que possible, \u00e0 l&rsquo;adresse ci-dessus. Nous corrigerons rapidement toute information jug\u00e9e incorrecte.<\/p>\n<p>Par ailleurs, pour toute question ou demande concernant les donn\u00e9es, vous pouvez contacter notre responsable du traitement des donn\u00e9es \u00e0 l&rsquo;adresse carl.g@shemeshautomation.com.<\/p>\n","protected":false},"excerpt":{"rendered":"<p>Cette politique de confidentialit\u00e9 d\u00e9finit la mani\u00e8re dont Shemesh Automation utilise et prot\u00e8ge les informations que vous lui communiquez lorsque vous utilisez ce site web. Shemesh Automation s&rsquo;engage \u00e0 assurer la protection de votre vie priv\u00e9e. Si nous vous demandons de fournir certaines informations permettant de vous identifier lorsque vous utilisez ce site web, vous&#8230;  <a class=\"excerpt-read-more\" href=\"https:\/\/shemeshautomation.com\/fr\/politique-de-confidentialite\/\" title=\"LirePolitique de confidentialit\u00e9\">Lire la suite &raquo;<\/a><\/p>\n","protected":false},"author":6,"featured_media":0,"parent":0,"menu_order":27,"comment_status":"closed","ping_status":"closed","template":"","meta":{"_acf_changed":false,"inline_featured_image":false,"footnotes":""},"class_list":["post-12107","page","type-page","status-publish","hentry"],"acf":[],"yoast_head":"<!-- This site is optimized with the Yoast SEO plugin v24.5 - https:\/\/yoast.com\/wordpress\/plugins\/seo\/ -->\n<title>Politique de confidentialit\u00e9 - Shemesh Automation<\/title>\n<meta name=\"robots\" content=\"index, follow, max-snippet:-1, max-image-preview:large, max-video-preview:-1\" \/>\n<link rel=\"canonical\" href=\"https:\/\/shemeshautomation.com\/fr\/politique-de-confidentialite\/\" \/>\n<meta property=\"og:locale\" content=\"fr_FR\" \/>\n<meta property=\"og:type\" content=\"article\" \/>\n<meta property=\"og:title\" content=\"Politique de confidentialit\u00e9 - Shemesh Automation\" \/>\n<meta property=\"og:description\" content=\"Cette politique de confidentialit\u00e9 d\u00e9finit la mani\u00e8re dont Shemesh Automation utilise et prot\u00e8ge les informations que vous lui communiquez lorsque vous utilisez ce site web. Shemesh Automation s&rsquo;engage \u00e0 assurer la protection de votre vie priv\u00e9e. Si nous vous demandons de fournir certaines informations permettant de vous identifier lorsque vous utilisez ce site web, vous... Lire la suite &raquo;\" \/>\n<meta property=\"og:url\" content=\"https:\/\/shemeshautomation.com\/fr\/politique-de-confidentialite\/\" \/>\n<meta property=\"og:site_name\" content=\"Shemesh Automation\" \/>\n<meta property=\"article:modified_time\" content=\"2023-08-01T08:32:03+00:00\" \/>\n<meta name=\"twitter:card\" content=\"summary_large_image\" \/>\n<meta name=\"twitter:label1\" content=\"Dur\u00e9e de lecture estim\u00e9e\" \/>\n\t<meta name=\"twitter:data1\" content=\"4 minutes\" \/>\n<script type=\"application\/ld+json\" class=\"yoast-schema-graph\">{\"@context\":\"https:\/\/schema.org\",\"@graph\":[{\"@type\":\"WebPage\",\"@id\":\"https:\/\/shemeshautomation.com\/fr\/politique-de-confidentialite\/\",\"url\":\"https:\/\/shemeshautomation.com\/fr\/politique-de-confidentialite\/\",\"name\":\"Politique de confidentialit\u00e9 - Shemesh Automation\",\"isPartOf\":{\"@id\":\"https:\/\/shemeshautomation.com\/fr\/#website\"},\"datePublished\":\"2018-05-14T14:22:05+00:00\",\"dateModified\":\"2023-08-01T08:32:03+00:00\",\"breadcrumb\":{\"@id\":\"https:\/\/shemeshautomation.com\/fr\/politique-de-confidentialite\/#breadcrumb\"},\"inLanguage\":\"fr-FR\",\"potentialAction\":[{\"@type\":\"ReadAction\",\"target\":[\"https:\/\/shemeshautomation.com\/fr\/politique-de-confidentialite\/\"]}]},{\"@type\":\"BreadcrumbList\",\"@id\":\"https:\/\/shemeshautomation.com\/fr\/politique-de-confidentialite\/#breadcrumb\",\"itemListElement\":[{\"@type\":\"ListItem\",\"position\":1,\"name\":\"Home\",\"item\":\"https:\/\/shemeshautomation.com\/fr\/\"},{\"@type\":\"ListItem\",\"position\":2,\"name\":\"Politique de confidentialit\u00e9\"}]},{\"@type\":\"WebSite\",\"@id\":\"https:\/\/shemeshautomation.com\/fr\/#website\",\"url\":\"https:\/\/shemeshautomation.com\/fr\/\",\"name\":\"Shemesh Automation\",\"description\":\"Prudent Packaging Solutions\",\"potentialAction\":[{\"@type\":\"SearchAction\",\"target\":{\"@type\":\"EntryPoint\",\"urlTemplate\":\"https:\/\/shemeshautomation.com\/fr\/?s={search_term_string}\"},\"query-input\":{\"@type\":\"PropertyValueSpecification\",\"valueRequired\":true,\"valueName\":\"search_term_string\"}}],\"inLanguage\":\"fr-FR\"}]}<\/script>\n<!-- \/ Yoast SEO plugin. -->","yoast_head_json":{"title":"Politique de confidentialit\u00e9 - Shemesh Automation","robots":{"index":"index","follow":"follow","max-snippet":"max-snippet:-1","max-image-preview":"max-image-preview:large","max-video-preview":"max-video-preview:-1"},"canonical":"https:\/\/shemeshautomation.com\/fr\/politique-de-confidentialite\/","og_locale":"fr_FR","og_type":"article","og_title":"Politique de confidentialit\u00e9 - Shemesh Automation","og_description":"Cette politique de confidentialit\u00e9 d\u00e9finit la mani\u00e8re dont Shemesh Automation utilise et prot\u00e8ge les informations que vous lui communiquez lorsque vous utilisez ce site web. Shemesh Automation s&rsquo;engage \u00e0 assurer la protection de votre vie priv\u00e9e. Si nous vous demandons de fournir certaines informations permettant de vous identifier lorsque vous utilisez ce site web, vous... Lire la suite &raquo;","og_url":"https:\/\/shemeshautomation.com\/fr\/politique-de-confidentialite\/","og_site_name":"Shemesh Automation","article_modified_time":"2023-08-01T08:32:03+00:00","twitter_card":"summary_large_image","twitter_misc":{"Dur\u00e9e de lecture estim\u00e9e":"4 minutes"},"schema":{"@context":"https:\/\/schema.org","@graph":[{"@type":"WebPage","@id":"https:\/\/shemeshautomation.com\/fr\/politique-de-confidentialite\/","url":"https:\/\/shemeshautomation.com\/fr\/politique-de-confidentialite\/","name":"Politique de confidentialit\u00e9 - Shemesh Automation","isPartOf":{"@id":"https:\/\/shemeshautomation.com\/fr\/#website"},"datePublished":"2018-05-14T14:22:05+00:00","dateModified":"2023-08-01T08:32:03+00:00","breadcrumb":{"@id":"https:\/\/shemeshautomation.com\/fr\/politique-de-confidentialite\/#breadcrumb"},"inLanguage":"fr-FR","potentialAction":[{"@type":"ReadAction","target":["https:\/\/shemeshautomation.com\/fr\/politique-de-confidentialite\/"]}]},{"@type":"BreadcrumbList","@id":"https:\/\/shemeshautomation.com\/fr\/politique-de-confidentialite\/#breadcrumb","itemListElement":[{"@type":"ListItem","position":1,"name":"Home","item":"https:\/\/shemeshautomation.com\/fr\/"},{"@type":"ListItem","position":2,"name":"Politique de confidentialit\u00e9"}]},{"@type":"WebSite","@id":"https:\/\/shemeshautomation.com\/fr\/#website","url":"https:\/\/shemeshautomation.com\/fr\/","name":"Shemesh Automation","description":"Prudent Packaging Solutions","potentialAction":[{"@type":"SearchAction","target":{"@type":"EntryPoint","urlTemplate":"https:\/\/shemeshautomation.com\/fr\/?s={search_term_string}"},"query-input":{"@type":"PropertyValueSpecification","valueRequired":true,"valueName":"search_term_string"}}],"inLanguage":"fr-FR"}]}},"_links":{"self":[{"href":"https:\/\/shemeshautomation.com\/fr\/wp-json\/wp\/v2\/pages\/12107","targetHints":{"allow":["GET"]}}],"collection":[{"href":"https:\/\/shemeshautomation.com\/fr\/wp-json\/wp\/v2\/pages"}],"about":[{"href":"https:\/\/shemeshautomation.com\/fr\/wp-json\/wp\/v2\/types\/page"}],"author":[{"embeddable":true,"href":"https:\/\/shemeshautomation.com\/fr\/wp-json\/wp\/v2\/users\/6"}],"replies":[{"embeddable":true,"href":"https:\/\/shemeshautomation.com\/fr\/wp-json\/wp\/v2\/comments?post=12107"}],"version-history":[{"count":5,"href":"https:\/\/shemeshautomation.com\/fr\/wp-json\/wp\/v2\/pages\/12107\/revisions"}],"predecessor-version":[{"id":18853,"href":"https:\/\/shemeshautomation.com\/fr\/wp-json\/wp\/v2\/pages\/12107\/revisions\/18853"}],"wp:attachment":[{"href":"https:\/\/shemeshautomation.com\/fr\/wp-json\/wp\/v2\/media?parent=12107"}],"curies":[{"name":"wp","href":"https:\/\/api.w.org\/{rel}","templated":true}]}}