{"id":12105,"date":"2015-09-21T12:03:40","date_gmt":"2015-09-21T11:03:40","guid":{"rendered":"https:\/\/shemeshautomation.com\/termes-et-conditions\/"},"modified":"2023-08-01T12:30:36","modified_gmt":"2023-08-01T11:30:36","slug":"conditions-generales","status":"publish","type":"page","link":"https:\/\/shemeshautomation.com\/fr\/conditions-generales\/","title":{"rendered":"Conditions g\u00e9n\u00e9rales"},"content":{"rendered":"<p>Mentions l\u00e9gales, informations sur les droits d&rsquo;auteur et conditions d&rsquo;utilisation<\/p>\n<h3>1. D\u00e9tails de l&rsquo;entreprise<\/h3>\n<p><strong>SHEMESH AUTOMATION &#8211; ISRA\u00cbL<\/strong><br \/>\nEntr\u00e9e B Hall 4, \u00e9tage B, rue Minister Haim Shapira 4, Nouvelle zone industrielle, Rishon Lezion, 75704, Isra\u00ebl<\/p>\n<p><strong>SHEMESH AUTOMATION &#8211; ROYAUME-UNI<\/strong><br \/>\n85 Great Portland Street, First Floor, London W1W 7LT, United Kingdom.<\/p>\n<h3>2. Termes et conditions<\/h3>\n<p>Veuillez lire attentivement ces conditions g\u00e9n\u00e9rales. En utilisant ce site web, vous acceptez d&rsquo;\u00eatre li\u00e9 par les conditions g\u00e9n\u00e9rales \u00e9nonc\u00e9es ci-dessous et par toutes les conditions g\u00e9n\u00e9rales suppl\u00e9mentaires \u00e9nonc\u00e9es sur les diff\u00e9rentes pages du site web. Si vous ne souhaitez pas \u00eatre li\u00e9 par ces termes et conditions, ne continuez pas \u00e0 utiliser ou \u00e0 acc\u00e9der \u00e0 ce site web. Le pr\u00e9sent accord est r\u00e9gi par le droit et la juridiction anglais.<\/p>\n<h3>3. Droits d&rsquo;auteur<\/h3>\n<p>Toutes les informations figurant sur ce site et distribu\u00e9es par l&rsquo;interm\u00e9diaire de celui-ci sont prot\u00e9g\u00e9es par le droit d&rsquo;auteur de Shemesh Automation. La reproduction, en tout ou en partie, du contenu de ce site ou de sa diffusion n&rsquo;est autoris\u00e9e qu&rsquo;avec l&rsquo;autorisation \u00e9crite de Shemesh Automation.<\/p>\n<h3>4. Responsabilit\u00e9 civile<\/h3>\n<p>Le contenu de ce site est fourni \u00e0 titre indicatif et est propos\u00e9 par Shemesh Automation en tant que mat\u00e9riel susceptible d&rsquo;int\u00e9resser les utilisateurs qui choisissent d&rsquo;acc\u00e9der \u00e0 ce site web. \u00c0 moins qu&rsquo;ils ne soient explicitement exprim\u00e9s comme \u00e9tant l&rsquo;opinion de Shemesh Automation, aucune d\u00e9claration, aucun point de vue, commentaire, croyance ou expression, qu&rsquo;ils soient exprim\u00e9s ou implicites, ne doivent \u00eatre consid\u00e9r\u00e9s comme \u00e9tant ceux de Shemesh Automation, de ses administrateurs ou de son personnel. On ne peut pas non plus en d\u00e9duire que Shemesh Automation est d&rsquo;accord, en tout ou en partie, avec ce mat\u00e9riel. Les commentaires consult\u00e9s sur ce site repr\u00e9sentent uniquement le point de vue de l&rsquo;organisation ou de l&rsquo;individu cr\u00e9dit\u00e9 de mani\u00e8re appropri\u00e9e. Shemesh Automation a fait tout son possible pour s&rsquo;assurer que les informations contenues dans ce site sont exactes, mais ne peut \u00eatre tenue responsable de toute perte pouvant r\u00e9sulter de l&rsquo;acc\u00e8s aux informations de ce site.<\/p>\n<h3>5. Liens vers d&rsquo;autres sites web<\/h3>\n<p>Ce site web contient des liens vers d&rsquo;autres sites qui ne sont pas la propri\u00e9t\u00e9 de Shemesh Automation ou qui ne sont pas sous son contr\u00f4le. Ces liens ne sont fournis qu&rsquo;\u00e0 titre de commodit\u00e9 pour les utilisateurs. Shemesh Automation n&rsquo;est pas responsable du contenu de ces sites et ne cautionne pas le mat\u00e9riel qui y est fourni. L&rsquo;inclusion de ces liens n&rsquo;implique pas n\u00e9cessairement une association avec les op\u00e9rateurs de ces sites.<\/p>\n<hr \/>\n<h3><\/h3>\n<h3>Cookies<\/h3>\n<p>Cette page pr\u00e9sente les cookies utilis\u00e9s sur notre site web et la mani\u00e8re de se retirer ou de rejeter les cookies.<\/p>\n<p>Le site web Shemesh Automation s&rsquo;engage \u00e0 prot\u00e9ger vos informations personnelles. Nous avons cr\u00e9\u00e9 cette politique en mati\u00e8re de cookies afin de fournir des informations compl\u00e8tes sur l&rsquo;utilisation des cookies par Shemesh Automation sur son site web.<\/p>\n<p>Cette politique fournit les informations suivantes aux utilisateurs :<br \/>\nInformations sur les cookies<br \/>\nTypes de cookies<br \/>\nComment utilisons-nous les cookies ?<br \/>\nGestion des cookies<br \/>\nInformations sur les cookies<\/p>\n<p><strong>Qu&rsquo;est-ce qu&rsquo;un cookie ?<\/strong><br \/>\nUn cookie est une petite quantit\u00e9 de donn\u00e9es, qui comprend souvent un identifiant unique, envoy\u00e9 au navigateur de votre ordinateur ou de votre appareil mobile (appel\u00e9 ici \u00ab\u00a0appareil\u00a0\u00bb) depuis le serveur d&rsquo;un site web et stock\u00e9 sur le disque dur de votre appareil.<\/p>\n<p>Chaque site web ou prestataire de services tiers utilis\u00e9 par le site web peut envoyer son propre cookie \u00e0 votre navigateur si les pr\u00e9f\u00e9rences de ce dernier le permettent, mais (pour prot\u00e9ger votre vie priv\u00e9e) votre navigateur ne permet \u00e0 un site web ou \u00e0 un prestataire de services tiers que d&rsquo;acc\u00e9der aux cookies qu&rsquo;il vous a d\u00e9j\u00e0 envoy\u00e9s, et non aux cookies qui vous ont \u00e9t\u00e9 envoy\u00e9s par d&rsquo;autres sites ou d&rsquo;autres prestataires de services tiers.<\/p>\n<p>Un cookie contient des informations anonymes telles qu&rsquo;un identifiant unique, le nom du site et quelques chiffres et nombres. Il permet \u00e0 un site web de se souvenir de choses comme vos pr\u00e9f\u00e9rences ou le contenu de votre panier.<\/p>\n<p><strong>Qu&rsquo;est-ce qu&rsquo;un navigateur ?<\/strong><br \/>\nUn navigateur est une application qui vous permet de naviguer sur l&rsquo;internet. Les navigateurs les plus courants sont Chrome, Internet Explorer, Firefox et Safari. La plupart des navigateurs sont s\u00e9curis\u00e9s et offrent des moyens rapides et faciles de supprimer des informations telles que les cookies.<\/p>\n<p><strong>Que font les cookies ?<\/strong><br \/>\nLes cookies enregistrent des informations sur vos pr\u00e9f\u00e9rences en ligne et nous permettent d&rsquo;adapter les sites web \u00e0 vos int\u00e9r\u00eats. Les informations fournies par les cookies peuvent nous aider \u00e0 analyser votre utilisation de notre site et nous aider \u00e0 vous offrir une meilleure exp\u00e9rience utilisateur.<\/p>\n<p><strong>Types de cookies<\/strong><\/p>\n<p><strong>Cookies du premier parti<\/strong><br \/>\nLes cookies de premi\u00e8re partie sont install\u00e9s par le site web que vous visitez et ils ne peuvent \u00eatre lus que par ce site.<\/p>\n<p><strong>Cookies de tierce partie<\/strong><br \/>\nLes cookies tiers sont plac\u00e9s par d&rsquo;autres organisations que nous utilisons pour diff\u00e9rents services. Par exemple, Shemesh Automation utilise des services d&rsquo;analyse externes et ces fournisseurs peuvent installer des cookies au nom de Shemesh Automation afin de faire des rapports. Le site web que vous visitez peut \u00e9galement contenir du contenu int\u00e9gr\u00e9 \u00e0 partir, par exemple, de YouTube ou de Flickr et ces sites peuvent installer leurs propres cookies.<\/p>\n<p><strong>Cookies de session<\/strong><br \/>\nLes cookies de session sont stock\u00e9s uniquement pour la dur\u00e9e de votre visite sur un site web et ils sont supprim\u00e9s de votre appareil lorsque votre session de navigation prend fin.<\/p>\n<p><strong>Cookies persistants<\/strong><br \/>\nCe type de cookie est enregistr\u00e9 sur votre appareil pour une p\u00e9riode d\u00e9termin\u00e9e. Les cookies persistants sont utilis\u00e9s lorsque nous avons besoin de savoir qui vous \u00eates pour plus d&rsquo;une session d&rsquo;utilisation. Par exemple, si vous nous avez demand\u00e9 de m\u00e9moriser des pr\u00e9f\u00e9rences comme votre nom d&rsquo;utilisateur.<\/p>\n<p><strong>Comment utilisons-nous les cookies ?<\/strong><\/p>\n<p><strong>Premier parti<\/strong><br \/>\nLe site web de Shemesh Automation utilise des cookies de premi\u00e8re partie. Ces cookies sont utilis\u00e9s pour nous aider \u00e0 recueillir des informations sur la fa\u00e7on dont les visiteurs utilisent le site web. Les cookies stockent des identifiants uniques qui permettent \u00e0 Shemesh Automation de suivre la progression d&rsquo;un visiteur sur le site web.<\/p>\n<p><strong>Analyse<\/strong><br \/>\nNous utilisons des cookies pour analyser notre site web via Google Analytics. Ces cookies nous permettent de voir comment notre site web fonctionne et comment les visiteurs interagissent avec le site web. Les donn\u00e9es et informations provenant de ces cookies nous permettent d&rsquo;apporter des am\u00e9liorations afin de fournir un meilleur service et une meilleure exp\u00e9rience utilisateur, ainsi que de rep\u00e9rer les zones o\u00f9 des erreurs peuvent se produire.<\/p>\n<p>Nous pouvons \u00e9galement savoir combien de fois les utilisateurs ont visit\u00e9 notre site, o\u00f9 ils le quittent, o\u00f9 ils y entrent et quel canal de marketing est le plus efficace pour nos campagnes de marketing.<\/p>\n<p><strong>Gestion des cookies<\/strong><br \/>\nVous pouvez choisir comment les cookies sont g\u00e9r\u00e9s par votre appareil via les param\u00e8tres de votre navigateur. Les navigateurs les plus populaires permettent aux utilisateurs de a) accepter tous les cookies, b) pour vous informer de l&rsquo;\u00e9mission d&rsquo;un cookie, ou c) de ne pas recevoir de cookies \u00e0 tout moment. Si vous choisissez de ne pas recevoir de cookies \u00e0 tout moment, le site web peut ne pas fonctionner correctement et certains services ne seront pas fournis, ce qui g\u00e2chera votre exp\u00e9rience du site web. Chaque navigateur \u00e9tant diff\u00e9rent, consultez le menu \u00ab\u00a0Aide\u00a0\u00bb de votre navigateur pour savoir comment modifier vos pr\u00e9f\u00e9rences en mati\u00e8re de cookies.<\/p>\n<p>&nbsp;<\/p>\n","protected":false},"excerpt":{"rendered":"<p>Mentions l\u00e9gales, informations sur les droits d&rsquo;auteur et conditions d&rsquo;utilisation 1. D\u00e9tails de l&rsquo;entreprise SHEMESH AUTOMATION &#8211; ISRA\u00cbL Entr\u00e9e B Hall 4, \u00e9tage B, rue Minister Haim Shapira 4, Nouvelle zone industrielle, Rishon Lezion, 75704, Isra\u00ebl SHEMESH AUTOMATION &#8211; ROYAUME-UNI 85 Great Portland Street, First Floor, London W1W 7LT, United Kingdom. 2. Termes et conditions&#8230;  <a class=\"excerpt-read-more\" href=\"https:\/\/shemeshautomation.com\/fr\/conditions-generales\/\" title=\"LireConditions g\u00e9n\u00e9rales\">Lire la suite &raquo;<\/a><\/p>\n","protected":false},"author":6,"featured_media":0,"parent":0,"menu_order":26,"comment_status":"closed","ping_status":"closed","template":"","meta":{"_acf_changed":false,"inline_featured_image":false,"footnotes":""},"class_list":["post-12105","page","type-page","status-publish","hentry"],"acf":[],"yoast_head":"<!-- This site is optimized with the Yoast SEO plugin v24.5 - https:\/\/yoast.com\/wordpress\/plugins\/seo\/ -->\n<title>Conditions g\u00e9n\u00e9rales - Shemesh Automation<\/title>\n<meta name=\"robots\" content=\"index, follow, max-snippet:-1, max-image-preview:large, max-video-preview:-1\" \/>\n<link rel=\"canonical\" href=\"https:\/\/shemeshautomation.com\/fr\/conditions-generales\/\" \/>\n<meta property=\"og:locale\" content=\"fr_FR\" \/>\n<meta property=\"og:type\" content=\"article\" \/>\n<meta property=\"og:title\" content=\"Conditions g\u00e9n\u00e9rales - Shemesh Automation\" \/>\n<meta property=\"og:description\" content=\"Mentions l\u00e9gales, informations sur les droits d&rsquo;auteur et conditions d&rsquo;utilisation 1. D\u00e9tails de l&rsquo;entreprise SHEMESH AUTOMATION &#8211; ISRA\u00cbL Entr\u00e9e B Hall 4, \u00e9tage B, rue Minister Haim Shapira 4, Nouvelle zone industrielle, Rishon Lezion, 75704, Isra\u00ebl SHEMESH AUTOMATION &#8211; ROYAUME-UNI 85 Great Portland Street, First Floor, London W1W 7LT, United Kingdom. 2. Termes et conditions... Lire la suite &raquo;\" \/>\n<meta property=\"og:url\" content=\"https:\/\/shemeshautomation.com\/fr\/conditions-generales\/\" \/>\n<meta property=\"og:site_name\" content=\"Shemesh Automation\" \/>\n<meta property=\"article:modified_time\" content=\"2023-08-01T11:30:36+00:00\" \/>\n<meta name=\"twitter:card\" content=\"summary_large_image\" \/>\n<meta name=\"twitter:label1\" content=\"Dur\u00e9e de lecture estim\u00e9e\" \/>\n\t<meta name=\"twitter:data1\" content=\"6 minutes\" \/>\n<script type=\"application\/ld+json\" class=\"yoast-schema-graph\">{\"@context\":\"https:\/\/schema.org\",\"@graph\":[{\"@type\":\"WebPage\",\"@id\":\"https:\/\/shemeshautomation.com\/fr\/conditions-generales\/\",\"url\":\"https:\/\/shemeshautomation.com\/fr\/conditions-generales\/\",\"name\":\"Conditions g\u00e9n\u00e9rales - Shemesh Automation\",\"isPartOf\":{\"@id\":\"https:\/\/shemeshautomation.com\/fr\/#website\"},\"datePublished\":\"2015-09-21T11:03:40+00:00\",\"dateModified\":\"2023-08-01T11:30:36+00:00\",\"breadcrumb\":{\"@id\":\"https:\/\/shemeshautomation.com\/fr\/conditions-generales\/#breadcrumb\"},\"inLanguage\":\"fr-FR\",\"potentialAction\":[{\"@type\":\"ReadAction\",\"target\":[\"https:\/\/shemeshautomation.com\/fr\/conditions-generales\/\"]}]},{\"@type\":\"BreadcrumbList\",\"@id\":\"https:\/\/shemeshautomation.com\/fr\/conditions-generales\/#breadcrumb\",\"itemListElement\":[{\"@type\":\"ListItem\",\"position\":1,\"name\":\"Home\",\"item\":\"https:\/\/shemeshautomation.com\/fr\/\"},{\"@type\":\"ListItem\",\"position\":2,\"name\":\"Conditions g\u00e9n\u00e9rales\"}]},{\"@type\":\"WebSite\",\"@id\":\"https:\/\/shemeshautomation.com\/fr\/#website\",\"url\":\"https:\/\/shemeshautomation.com\/fr\/\",\"name\":\"Shemesh Automation\",\"description\":\"Prudent Packaging Solutions\",\"potentialAction\":[{\"@type\":\"SearchAction\",\"target\":{\"@type\":\"EntryPoint\",\"urlTemplate\":\"https:\/\/shemeshautomation.com\/fr\/?s={search_term_string}\"},\"query-input\":{\"@type\":\"PropertyValueSpecification\",\"valueRequired\":true,\"valueName\":\"search_term_string\"}}],\"inLanguage\":\"fr-FR\"}]}<\/script>\n<!-- \/ Yoast SEO plugin. -->","yoast_head_json":{"title":"Conditions g\u00e9n\u00e9rales - Shemesh Automation","robots":{"index":"index","follow":"follow","max-snippet":"max-snippet:-1","max-image-preview":"max-image-preview:large","max-video-preview":"max-video-preview:-1"},"canonical":"https:\/\/shemeshautomation.com\/fr\/conditions-generales\/","og_locale":"fr_FR","og_type":"article","og_title":"Conditions g\u00e9n\u00e9rales - Shemesh Automation","og_description":"Mentions l\u00e9gales, informations sur les droits d&rsquo;auteur et conditions d&rsquo;utilisation 1. D\u00e9tails de l&rsquo;entreprise SHEMESH AUTOMATION &#8211; ISRA\u00cbL Entr\u00e9e B Hall 4, \u00e9tage B, rue Minister Haim Shapira 4, Nouvelle zone industrielle, Rishon Lezion, 75704, Isra\u00ebl SHEMESH AUTOMATION &#8211; ROYAUME-UNI 85 Great Portland Street, First Floor, London W1W 7LT, United Kingdom. 2. Termes et conditions... Lire la suite &raquo;","og_url":"https:\/\/shemeshautomation.com\/fr\/conditions-generales\/","og_site_name":"Shemesh Automation","article_modified_time":"2023-08-01T11:30:36+00:00","twitter_card":"summary_large_image","twitter_misc":{"Dur\u00e9e de lecture estim\u00e9e":"6 minutes"},"schema":{"@context":"https:\/\/schema.org","@graph":[{"@type":"WebPage","@id":"https:\/\/shemeshautomation.com\/fr\/conditions-generales\/","url":"https:\/\/shemeshautomation.com\/fr\/conditions-generales\/","name":"Conditions g\u00e9n\u00e9rales - Shemesh Automation","isPartOf":{"@id":"https:\/\/shemeshautomation.com\/fr\/#website"},"datePublished":"2015-09-21T11:03:40+00:00","dateModified":"2023-08-01T11:30:36+00:00","breadcrumb":{"@id":"https:\/\/shemeshautomation.com\/fr\/conditions-generales\/#breadcrumb"},"inLanguage":"fr-FR","potentialAction":[{"@type":"ReadAction","target":["https:\/\/shemeshautomation.com\/fr\/conditions-generales\/"]}]},{"@type":"BreadcrumbList","@id":"https:\/\/shemeshautomation.com\/fr\/conditions-generales\/#breadcrumb","itemListElement":[{"@type":"ListItem","position":1,"name":"Home","item":"https:\/\/shemeshautomation.com\/fr\/"},{"@type":"ListItem","position":2,"name":"Conditions g\u00e9n\u00e9rales"}]},{"@type":"WebSite","@id":"https:\/\/shemeshautomation.com\/fr\/#website","url":"https:\/\/shemeshautomation.com\/fr\/","name":"Shemesh Automation","description":"Prudent Packaging Solutions","potentialAction":[{"@type":"SearchAction","target":{"@type":"EntryPoint","urlTemplate":"https:\/\/shemeshautomation.com\/fr\/?s={search_term_string}"},"query-input":{"@type":"PropertyValueSpecification","valueRequired":true,"valueName":"search_term_string"}}],"inLanguage":"fr-FR"}]}},"_links":{"self":[{"href":"https:\/\/shemeshautomation.com\/fr\/wp-json\/wp\/v2\/pages\/12105","targetHints":{"allow":["GET"]}}],"collection":[{"href":"https:\/\/shemeshautomation.com\/fr\/wp-json\/wp\/v2\/pages"}],"about":[{"href":"https:\/\/shemeshautomation.com\/fr\/wp-json\/wp\/v2\/types\/page"}],"author":[{"embeddable":true,"href":"https:\/\/shemeshautomation.com\/fr\/wp-json\/wp\/v2\/users\/6"}],"replies":[{"embeddable":true,"href":"https:\/\/shemeshautomation.com\/fr\/wp-json\/wp\/v2\/comments?post=12105"}],"version-history":[{"count":4,"href":"https:\/\/shemeshautomation.com\/fr\/wp-json\/wp\/v2\/pages\/12105\/revisions"}],"predecessor-version":[{"id":18854,"href":"https:\/\/shemeshautomation.com\/fr\/wp-json\/wp\/v2\/pages\/12105\/revisions\/18854"}],"wp:attachment":[{"href":"https:\/\/shemeshautomation.com\/fr\/wp-json\/wp\/v2\/media?parent=12105"}],"curies":[{"name":"wp","href":"https:\/\/api.w.org\/{rel}","templated":true}]}}