{"id":11845,"date":"2017-03-24T15:48:31","date_gmt":"2017-03-24T15:48:31","guid":{"rendered":"https:\/\/shemeshautomation.com\/a-propos-shemesh-automation-solutions-d-emballage\/temoignages\/"},"modified":"2023-03-28T13:46:37","modified_gmt":"2023-03-28T12:46:37","slug":"temoignages","status":"publish","type":"page","link":"https:\/\/shemeshautomation.com\/fr\/a-propos\/temoignages\/","title":{"rendered":"T\u00e9moignages"},"content":{"rendered":"<p>Chez Shemesh Automation, nous savons que lorsque vous investissez dans de nouvelles installations de machines d&#8217;emballage, vous investissez pour l&rsquo;avenir de votre entreprise. Cet engagement ne doit pas \u00eatre pris \u00e0 la l\u00e9g\u00e8re.<\/p>\n<p><strong>Nous sommes fiers de la qualit\u00e9 haut de gamme, de la durabilit\u00e9 et de la fiabilit\u00e9 de nos \u00e9quipements, associ\u00e9s \u00e0 notre approche \u00ab\u00a0Client d&rsquo;abord\u00a0\u00bb. &#8211; Ils nous font confiance &#8211; <\/strong><\/p>\n","protected":false},"excerpt":{"rendered":"<p>Chez Shemesh Automation, nous savons que lorsque vous investissez dans de nouvelles installations de machines d&#8217;emballage, vous investissez pour l&rsquo;avenir de votre entreprise. Cet engagement ne doit pas \u00eatre pris \u00e0 la l\u00e9g\u00e8re. Nous sommes fiers de la qualit\u00e9 haut de gamme, de la durabilit\u00e9 et de la fiabilit\u00e9 de nos \u00e9quipements, associ\u00e9s \u00e0 notre&#8230;  <a class=\"excerpt-read-more\" href=\"https:\/\/shemeshautomation.com\/fr\/a-propos\/temoignages\/\" title=\"LireT\u00e9moignages\">Lire la suite &raquo;<\/a><\/p>\n","protected":false},"author":6,"featured_media":0,"parent":11795,"menu_order":0,"comment_status":"closed","ping_status":"closed","template":"page-about-testimonials.php","meta":{"_acf_changed":false,"inline_featured_image":false,"footnotes":""},"class_list":["post-11845","page","type-page","status-publish","hentry"],"acf":[],"yoast_head":"<!-- This site is optimized with the Yoast SEO plugin v24.5 - https:\/\/yoast.com\/wordpress\/plugins\/seo\/ -->\n<title>T\u00e9moignages - Shemesh Automation<\/title>\n<meta name=\"robots\" content=\"index, follow, max-snippet:-1, max-image-preview:large, max-video-preview:-1\" \/>\n<link rel=\"canonical\" href=\"https:\/\/shemeshautomation.com\/fr\/a-propos\/temoignages\/\" \/>\n<meta property=\"og:locale\" content=\"fr_FR\" \/>\n<meta property=\"og:type\" content=\"article\" \/>\n<meta property=\"og:title\" content=\"T\u00e9moignages - Shemesh Automation\" \/>\n<meta property=\"og:description\" content=\"Chez Shemesh Automation, nous savons que lorsque vous investissez dans de nouvelles installations de machines d&#8217;emballage, vous investissez pour l&rsquo;avenir de votre entreprise. Cet engagement ne doit pas \u00eatre pris \u00e0 la l\u00e9g\u00e8re. Nous sommes fiers de la qualit\u00e9 haut de gamme, de la durabilit\u00e9 et de la fiabilit\u00e9 de nos \u00e9quipements, associ\u00e9s \u00e0 notre... Lire la suite &raquo;\" \/>\n<meta property=\"og:url\" content=\"https:\/\/shemeshautomation.com\/fr\/a-propos\/temoignages\/\" \/>\n<meta property=\"og:site_name\" content=\"Shemesh Automation\" \/>\n<meta property=\"article:modified_time\" content=\"2023-03-28T12:46:37+00:00\" \/>\n<meta name=\"twitter:card\" content=\"summary_large_image\" \/>\n<meta name=\"twitter:label1\" content=\"Dur\u00e9e de lecture estim\u00e9e\" \/>\n\t<meta name=\"twitter:data1\" content=\"1 minute\" \/>\n<script type=\"application\/ld+json\" class=\"yoast-schema-graph\">{\"@context\":\"https:\/\/schema.org\",\"@graph\":[{\"@type\":\"WebPage\",\"@id\":\"https:\/\/shemeshautomation.com\/fr\/a-propos\/temoignages\/\",\"url\":\"https:\/\/shemeshautomation.com\/fr\/a-propos\/temoignages\/\",\"name\":\"T\u00e9moignages - Shemesh Automation\",\"isPartOf\":{\"@id\":\"https:\/\/shemeshautomation.com\/fr\/#website\"},\"datePublished\":\"2017-03-24T15:48:31+00:00\",\"dateModified\":\"2023-03-28T12:46:37+00:00\",\"breadcrumb\":{\"@id\":\"https:\/\/shemeshautomation.com\/fr\/a-propos\/temoignages\/#breadcrumb\"},\"inLanguage\":\"fr-FR\",\"potentialAction\":[{\"@type\":\"ReadAction\",\"target\":[\"https:\/\/shemeshautomation.com\/fr\/a-propos\/temoignages\/\"]}]},{\"@type\":\"BreadcrumbList\",\"@id\":\"https:\/\/shemeshautomation.com\/fr\/a-propos\/temoignages\/#breadcrumb\",\"itemListElement\":[{\"@type\":\"ListItem\",\"position\":1,\"name\":\"Home\",\"item\":\"https:\/\/shemeshautomation.com\/fr\/\"},{\"@type\":\"ListItem\",\"position\":2,\"name\":\"\u00c0 propos\",\"item\":\"https:\/\/shemeshautomation.com\/fr\/a-propos\/\"},{\"@type\":\"ListItem\",\"position\":3,\"name\":\"T\u00e9moignages\"}]},{\"@type\":\"WebSite\",\"@id\":\"https:\/\/shemeshautomation.com\/fr\/#website\",\"url\":\"https:\/\/shemeshautomation.com\/fr\/\",\"name\":\"Shemesh Automation\",\"description\":\"Prudent Packaging Solutions\",\"potentialAction\":[{\"@type\":\"SearchAction\",\"target\":{\"@type\":\"EntryPoint\",\"urlTemplate\":\"https:\/\/shemeshautomation.com\/fr\/?s={search_term_string}\"},\"query-input\":{\"@type\":\"PropertyValueSpecification\",\"valueRequired\":true,\"valueName\":\"search_term_string\"}}],\"inLanguage\":\"fr-FR\"}]}<\/script>\n<!-- \/ Yoast SEO plugin. -->","yoast_head_json":{"title":"T\u00e9moignages - Shemesh Automation","robots":{"index":"index","follow":"follow","max-snippet":"max-snippet:-1","max-image-preview":"max-image-preview:large","max-video-preview":"max-video-preview:-1"},"canonical":"https:\/\/shemeshautomation.com\/fr\/a-propos\/temoignages\/","og_locale":"fr_FR","og_type":"article","og_title":"T\u00e9moignages - Shemesh Automation","og_description":"Chez Shemesh Automation, nous savons que lorsque vous investissez dans de nouvelles installations de machines d&#8217;emballage, vous investissez pour l&rsquo;avenir de votre entreprise. Cet engagement ne doit pas \u00eatre pris \u00e0 la l\u00e9g\u00e8re. Nous sommes fiers de la qualit\u00e9 haut de gamme, de la durabilit\u00e9 et de la fiabilit\u00e9 de nos \u00e9quipements, associ\u00e9s \u00e0 notre... Lire la suite &raquo;","og_url":"https:\/\/shemeshautomation.com\/fr\/a-propos\/temoignages\/","og_site_name":"Shemesh Automation","article_modified_time":"2023-03-28T12:46:37+00:00","twitter_card":"summary_large_image","twitter_misc":{"Dur\u00e9e de lecture estim\u00e9e":"1 minute"},"schema":{"@context":"https:\/\/schema.org","@graph":[{"@type":"WebPage","@id":"https:\/\/shemeshautomation.com\/fr\/a-propos\/temoignages\/","url":"https:\/\/shemeshautomation.com\/fr\/a-propos\/temoignages\/","name":"T\u00e9moignages - Shemesh Automation","isPartOf":{"@id":"https:\/\/shemeshautomation.com\/fr\/#website"},"datePublished":"2017-03-24T15:48:31+00:00","dateModified":"2023-03-28T12:46:37+00:00","breadcrumb":{"@id":"https:\/\/shemeshautomation.com\/fr\/a-propos\/temoignages\/#breadcrumb"},"inLanguage":"fr-FR","potentialAction":[{"@type":"ReadAction","target":["https:\/\/shemeshautomation.com\/fr\/a-propos\/temoignages\/"]}]},{"@type":"BreadcrumbList","@id":"https:\/\/shemeshautomation.com\/fr\/a-propos\/temoignages\/#breadcrumb","itemListElement":[{"@type":"ListItem","position":1,"name":"Home","item":"https:\/\/shemeshautomation.com\/fr\/"},{"@type":"ListItem","position":2,"name":"\u00c0 propos","item":"https:\/\/shemeshautomation.com\/fr\/a-propos\/"},{"@type":"ListItem","position":3,"name":"T\u00e9moignages"}]},{"@type":"WebSite","@id":"https:\/\/shemeshautomation.com\/fr\/#website","url":"https:\/\/shemeshautomation.com\/fr\/","name":"Shemesh Automation","description":"Prudent Packaging Solutions","potentialAction":[{"@type":"SearchAction","target":{"@type":"EntryPoint","urlTemplate":"https:\/\/shemeshautomation.com\/fr\/?s={search_term_string}"},"query-input":{"@type":"PropertyValueSpecification","valueRequired":true,"valueName":"search_term_string"}}],"inLanguage":"fr-FR"}]}},"_links":{"self":[{"href":"https:\/\/shemeshautomation.com\/fr\/wp-json\/wp\/v2\/pages\/11845","targetHints":{"allow":["GET"]}}],"collection":[{"href":"https:\/\/shemeshautomation.com\/fr\/wp-json\/wp\/v2\/pages"}],"about":[{"href":"https:\/\/shemeshautomation.com\/fr\/wp-json\/wp\/v2\/types\/page"}],"author":[{"embeddable":true,"href":"https:\/\/shemeshautomation.com\/fr\/wp-json\/wp\/v2\/users\/6"}],"replies":[{"embeddable":true,"href":"https:\/\/shemeshautomation.com\/fr\/wp-json\/wp\/v2\/comments?post=11845"}],"version-history":[{"count":14,"href":"https:\/\/shemeshautomation.com\/fr\/wp-json\/wp\/v2\/pages\/11845\/revisions"}],"predecessor-version":[{"id":17640,"href":"https:\/\/shemeshautomation.com\/fr\/wp-json\/wp\/v2\/pages\/11845\/revisions\/17640"}],"up":[{"embeddable":true,"href":"https:\/\/shemeshautomation.com\/fr\/wp-json\/wp\/v2\/pages\/11795"}],"wp:attachment":[{"href":"https:\/\/shemeshautomation.com\/fr\/wp-json\/wp\/v2\/media?parent=11845"}],"curies":[{"name":"wp","href":"https:\/\/api.w.org\/{rel}","templated":true}]}}