{"id":11833,"date":"2020-12-23T15:05:43","date_gmt":"2020-12-23T15:05:43","guid":{"rendered":"https:\/\/shemeshautomation.com\/a-propos-shemesh-automation-solutions-d-emballage\/developpement-durable\/"},"modified":"2023-02-15T16:30:10","modified_gmt":"2023-02-15T16:30:10","slug":"developpement-durable","status":"publish","type":"page","link":"https:\/\/shemeshautomation.com\/fr\/a-propos\/developpement-durable\/","title":{"rendered":"D\u00e9veloppement durable"},"content":{"rendered":"<h1>Important pour vous. Important pour vos clients. Important pour nous.<\/h1>\n<p>Le d\u00e9veloppement durable est un sujet d&rsquo;actualit\u00e9 dans tous les secteurs d&rsquo;activit\u00e9, et cela est bien normal. Nous avons tous la responsabilit\u00e9 de prendre soin de l&rsquo;environnement et du monde qui nous entoure.<\/p>\n<p>Chez Shemesh, nous nous pr\u00e9occupons du d\u00e9veloppement durable &#8211; parce que nous savons que vous vous en souciez, et que vos clients aussi. C&rsquo;est pourquoi <strong>toutes les machines Shemesh sont construites dans un souci de durabilit\u00e9.<\/strong><strong>Voici comment :<\/strong><\/p>\n<h3><strong>Encombrement r\u00e9duit : <\/strong><\/h3>\n<p>Toutes les machines Shemesh b\u00e9n\u00e9ficient du savoir-faire que nous avons acquis au cours de nos plus de 30 ans d&rsquo;activit\u00e9. Cela signifie que toutes nos solutions sont con\u00e7ues pour avoir le plus petit encombrement possible.<\/p>\n<p>Nos monoblocs<a href=\"https:\/\/shemeshautomation.com\/machines\/monoblock-round-wipes-packaging-machine\/\">Xpander<\/a> et <a href=\"https:\/\/shemeshautomation.com\/machines\/citadel-packaging-automation\/\">Citadel<\/a>, par exemple, ont un encombrement inf\u00e9rieur \u00e0 2m x 2m &#8211; ce qui vous permet de gagner de la place dans votre installation !<\/p>\n<h3><strong>R\u00e9duction des d\u00e9chets : <\/strong><\/h3>\n<p>Les fabricants dont les machines d&#8217;emballage ne sont pas optimales risquent de gaspiller des quantit\u00e9s importantes de produits et de profits. <a href=\"https:\/\/shemeshautomation.com\/blog\/are-your-liquid-filling-machines-burning-money-and-your-reputation\/\">Vos remplisseuses de liquides vous font perdre de l&rsquo;argent et votre r\u00e9putation ?<\/a><\/p>\n<p>Les <a href=\"https:\/\/shemeshautomation.com\/machines\/sa-stratum-automatic-liquid-filling-machine\/\">remplisseuses<\/a> Shemesh utilisent une technologie brevet\u00e9e pour remplir \u00e0 +\/- 0,25 % du volume de remplissage, ce qui vous \u00e9vite, ainsi qu&rsquo;\u00e0 l&rsquo;environnement, de gaspiller du produit !<\/p>\n<h3><strong>R\u00e9duction de la consommation des services<\/strong><\/h3>\n<p>Con\u00e7ue sp\u00e9cifiquement pour remplir des liquides visqueux avec une tr\u00e8s grande pr\u00e9cision, la <a href=\"https:\/\/shemeshautomation.com\/machines\/sa-stratum-automatic-liquid-filling-machine\/\">STRATUM<\/a> est dot\u00e9e d&rsquo;une technologie \u00e0 double servomoteur pour assurer la constance de la production et la pr\u00e9cision du dosage en utilisant des pistons et des t\u00eates de dosage de marque Festo enti\u00e8rement synchronis\u00e9s \u00e0 chaque station de remplissage. Cette technologie permet \u00e9galement de r\u00e9duire consid\u00e9rablement la consommation de services et les co\u00fbts de production globaux de l&rsquo;entreprise.<\/p>\n<h3><strong>Les normes les plus \u00e9lev\u00e9es en mati\u00e8re d&rsquo;hygi\u00e8ne<\/strong><\/h3>\n<p>Lorsque vous achetez Shemesh, vous pouvez \u00eatre s\u00fbr qu&rsquo;il n&rsquo;y a aucun compromis sur l&rsquo;hygi\u00e8ne. Toutes les machines Shemesh offrent une construction sans vis avec des soudures sanitaires pour tous les tuyaux et canalisations de liquides.<strong> Nos machines comprennent des modes de nettoyage automatique faciles et rapides, avec des options de nettoyage en place (CIP) et de lavage en place (WIP) \u00e9galement disponibles.<\/strong><\/p>\n<p>Si vous avez des questions sur nos processus et sur la mani\u00e8re dont nous pouvons vous aider \u00e0 rendre votre production plus durable, contactez-nous d\u00e8s aujourd&rsquo;hui !<\/p>\n","protected":false},"excerpt":{"rendered":"<p>Important pour vous. Important pour vos clients. Important pour nous. Le d\u00e9veloppement durable est un sujet d&rsquo;actualit\u00e9 dans tous les secteurs d&rsquo;activit\u00e9, et cela est bien normal. Nous avons tous la responsabilit\u00e9 de prendre soin de l&rsquo;environnement et du monde qui nous entoure. Chez Shemesh, nous nous pr\u00e9occupons du d\u00e9veloppement durable &#8211; parce que nous&#8230;  <a class=\"excerpt-read-more\" href=\"https:\/\/shemeshautomation.com\/fr\/a-propos\/developpement-durable\/\" title=\"LireD\u00e9veloppement durable\">Lire la suite &raquo;<\/a><\/p>\n","protected":false},"author":6,"featured_media":9683,"parent":11795,"menu_order":0,"comment_status":"closed","ping_status":"closed","template":"page-about.php","meta":{"_acf_changed":false,"inline_featured_image":false,"footnotes":""},"class_list":["post-11833","page","type-page","status-publish","has-post-thumbnail","hentry"],"acf":[],"yoast_head":"<!-- This site is optimized with the Yoast SEO plugin v24.5 - https:\/\/yoast.com\/wordpress\/plugins\/seo\/ -->\n<title>D\u00e9veloppement durable - Shemesh Automation<\/title>\n<meta name=\"description\" content=\"Le d\u00e9veloppement durable est un sujet d&#039;actualit\u00e9 dans tous les secteurs d&#039;activit\u00e9, et cela est bien normal. Nous avons tous la responsabilit\u00e9 de prendre soin de l&#039;environnement et du monde qui nous entoure. Chez Shemesh, nous sommes soucieux - parce que nous savons que vous l&#039;\u00eates, et que vos clients le sont aussi. Par cons\u00e9quent, toutes les machines Shemesh sont construites dans un souci de durabilit\u00e9.\" \/>\n<meta name=\"robots\" content=\"index, follow, max-snippet:-1, max-image-preview:large, max-video-preview:-1\" \/>\n<link rel=\"canonical\" href=\"https:\/\/shemeshautomation.com\/fr\/a-propos\/developpement-durable\/\" \/>\n<meta property=\"og:locale\" content=\"fr_FR\" \/>\n<meta property=\"og:type\" content=\"article\" \/>\n<meta property=\"og:title\" content=\"D\u00e9veloppement durable - Shemesh Automation\" \/>\n<meta property=\"og:description\" content=\"Le d\u00e9veloppement durable est un sujet d&#039;actualit\u00e9 dans tous les secteurs d&#039;activit\u00e9, et cela est bien normal. Nous avons tous la responsabilit\u00e9 de prendre soin de l&#039;environnement et du monde qui nous entoure. Chez Shemesh, nous sommes soucieux - parce que nous savons que vous l&#039;\u00eates, et que vos clients le sont aussi. Par cons\u00e9quent, toutes les machines Shemesh sont construites dans un souci de durabilit\u00e9.\" \/>\n<meta property=\"og:url\" content=\"https:\/\/shemeshautomation.com\/fr\/a-propos\/developpement-durable\/\" \/>\n<meta property=\"og:site_name\" content=\"Shemesh Automation\" \/>\n<meta property=\"article:modified_time\" content=\"2023-02-15T16:30:10+00:00\" \/>\n<meta property=\"og:image\" content=\"https:\/\/shemeshautomation.com\/wp-content\/uploads\/2020\/12\/Sustainability-Page.png\" \/>\n\t<meta property=\"og:image:width\" content=\"800\" \/>\n\t<meta property=\"og:image:height\" content=\"450\" \/>\n\t<meta property=\"og:image:type\" content=\"image\/png\" \/>\n<meta name=\"twitter:card\" content=\"summary_large_image\" \/>\n<meta name=\"twitter:label1\" content=\"Dur\u00e9e de lecture estim\u00e9e\" \/>\n\t<meta name=\"twitter:data1\" content=\"2 minutes\" \/>\n<script type=\"application\/ld+json\" class=\"yoast-schema-graph\">{\"@context\":\"https:\/\/schema.org\",\"@graph\":[{\"@type\":\"WebPage\",\"@id\":\"https:\/\/shemeshautomation.com\/fr\/a-propos\/developpement-durable\/\",\"url\":\"https:\/\/shemeshautomation.com\/fr\/a-propos\/developpement-durable\/\",\"name\":\"D\u00e9veloppement durable - Shemesh Automation\",\"isPartOf\":{\"@id\":\"https:\/\/shemeshautomation.com\/fr\/#website\"},\"primaryImageOfPage\":{\"@id\":\"https:\/\/shemeshautomation.com\/fr\/a-propos\/developpement-durable\/#primaryimage\"},\"image\":{\"@id\":\"https:\/\/shemeshautomation.com\/fr\/a-propos\/developpement-durable\/#primaryimage\"},\"thumbnailUrl\":\"https:\/\/shemeshautomation.com\/wp-content\/uploads\/2020\/12\/Sustainability-Page.png\",\"datePublished\":\"2020-12-23T15:05:43+00:00\",\"dateModified\":\"2023-02-15T16:30:10+00:00\",\"description\":\"Le d\u00e9veloppement durable est un sujet d'actualit\u00e9 dans tous les secteurs d'activit\u00e9, et cela est bien normal. Nous avons tous la responsabilit\u00e9 de prendre soin de l'environnement et du monde qui nous entoure. Chez Shemesh, nous sommes soucieux - parce que nous savons que vous l'\u00eates, et que vos clients le sont aussi. Par cons\u00e9quent, toutes les machines Shemesh sont construites dans un souci de durabilit\u00e9.\",\"breadcrumb\":{\"@id\":\"https:\/\/shemeshautomation.com\/fr\/a-propos\/developpement-durable\/#breadcrumb\"},\"inLanguage\":\"fr-FR\",\"potentialAction\":[{\"@type\":\"ReadAction\",\"target\":[\"https:\/\/shemeshautomation.com\/fr\/a-propos\/developpement-durable\/\"]}]},{\"@type\":\"ImageObject\",\"inLanguage\":\"fr-FR\",\"@id\":\"https:\/\/shemeshautomation.com\/fr\/a-propos\/developpement-durable\/#primaryimage\",\"url\":\"https:\/\/shemeshautomation.com\/wp-content\/uploads\/2020\/12\/Sustainability-Page.png\",\"contentUrl\":\"https:\/\/shemeshautomation.com\/wp-content\/uploads\/2020\/12\/Sustainability-Page.png\",\"width\":800,\"height\":450,\"caption\":\"Sustainability Page\"},{\"@type\":\"BreadcrumbList\",\"@id\":\"https:\/\/shemeshautomation.com\/fr\/a-propos\/developpement-durable\/#breadcrumb\",\"itemListElement\":[{\"@type\":\"ListItem\",\"position\":1,\"name\":\"Home\",\"item\":\"https:\/\/shemeshautomation.com\/fr\/\"},{\"@type\":\"ListItem\",\"position\":2,\"name\":\"\u00c0 propos\",\"item\":\"https:\/\/shemeshautomation.com\/fr\/a-propos\/\"},{\"@type\":\"ListItem\",\"position\":3,\"name\":\"D\u00e9veloppement durable\"}]},{\"@type\":\"WebSite\",\"@id\":\"https:\/\/shemeshautomation.com\/fr\/#website\",\"url\":\"https:\/\/shemeshautomation.com\/fr\/\",\"name\":\"Shemesh Automation\",\"description\":\"Prudent Packaging Solutions\",\"potentialAction\":[{\"@type\":\"SearchAction\",\"target\":{\"@type\":\"EntryPoint\",\"urlTemplate\":\"https:\/\/shemeshautomation.com\/fr\/?s={search_term_string}\"},\"query-input\":{\"@type\":\"PropertyValueSpecification\",\"valueRequired\":true,\"valueName\":\"search_term_string\"}}],\"inLanguage\":\"fr-FR\"}]}<\/script>\n<!-- \/ Yoast SEO plugin. -->","yoast_head_json":{"title":"D\u00e9veloppement durable - Shemesh Automation","description":"Le d\u00e9veloppement durable est un sujet d'actualit\u00e9 dans tous les secteurs d'activit\u00e9, et cela est bien normal. Nous avons tous la responsabilit\u00e9 de prendre soin de l'environnement et du monde qui nous entoure. Chez Shemesh, nous sommes soucieux - parce que nous savons que vous l'\u00eates, et que vos clients le sont aussi. Par cons\u00e9quent, toutes les machines Shemesh sont construites dans un souci de durabilit\u00e9.","robots":{"index":"index","follow":"follow","max-snippet":"max-snippet:-1","max-image-preview":"max-image-preview:large","max-video-preview":"max-video-preview:-1"},"canonical":"https:\/\/shemeshautomation.com\/fr\/a-propos\/developpement-durable\/","og_locale":"fr_FR","og_type":"article","og_title":"D\u00e9veloppement durable - Shemesh Automation","og_description":"Le d\u00e9veloppement durable est un sujet d'actualit\u00e9 dans tous les secteurs d'activit\u00e9, et cela est bien normal. Nous avons tous la responsabilit\u00e9 de prendre soin de l'environnement et du monde qui nous entoure. Chez Shemesh, nous sommes soucieux - parce que nous savons que vous l'\u00eates, et que vos clients le sont aussi. Par cons\u00e9quent, toutes les machines Shemesh sont construites dans un souci de durabilit\u00e9.","og_url":"https:\/\/shemeshautomation.com\/fr\/a-propos\/developpement-durable\/","og_site_name":"Shemesh Automation","article_modified_time":"2023-02-15T16:30:10+00:00","og_image":[{"width":800,"height":450,"url":"https:\/\/shemeshautomation.com\/wp-content\/uploads\/2020\/12\/Sustainability-Page.png","type":"image\/png"}],"twitter_card":"summary_large_image","twitter_misc":{"Dur\u00e9e de lecture estim\u00e9e":"2 minutes"},"schema":{"@context":"https:\/\/schema.org","@graph":[{"@type":"WebPage","@id":"https:\/\/shemeshautomation.com\/fr\/a-propos\/developpement-durable\/","url":"https:\/\/shemeshautomation.com\/fr\/a-propos\/developpement-durable\/","name":"D\u00e9veloppement durable - Shemesh Automation","isPartOf":{"@id":"https:\/\/shemeshautomation.com\/fr\/#website"},"primaryImageOfPage":{"@id":"https:\/\/shemeshautomation.com\/fr\/a-propos\/developpement-durable\/#primaryimage"},"image":{"@id":"https:\/\/shemeshautomation.com\/fr\/a-propos\/developpement-durable\/#primaryimage"},"thumbnailUrl":"https:\/\/shemeshautomation.com\/wp-content\/uploads\/2020\/12\/Sustainability-Page.png","datePublished":"2020-12-23T15:05:43+00:00","dateModified":"2023-02-15T16:30:10+00:00","description":"Le d\u00e9veloppement durable est un sujet d'actualit\u00e9 dans tous les secteurs d'activit\u00e9, et cela est bien normal. Nous avons tous la responsabilit\u00e9 de prendre soin de l'environnement et du monde qui nous entoure. Chez Shemesh, nous sommes soucieux - parce que nous savons que vous l'\u00eates, et que vos clients le sont aussi. Par cons\u00e9quent, toutes les machines Shemesh sont construites dans un souci de durabilit\u00e9.","breadcrumb":{"@id":"https:\/\/shemeshautomation.com\/fr\/a-propos\/developpement-durable\/#breadcrumb"},"inLanguage":"fr-FR","potentialAction":[{"@type":"ReadAction","target":["https:\/\/shemeshautomation.com\/fr\/a-propos\/developpement-durable\/"]}]},{"@type":"ImageObject","inLanguage":"fr-FR","@id":"https:\/\/shemeshautomation.com\/fr\/a-propos\/developpement-durable\/#primaryimage","url":"https:\/\/shemeshautomation.com\/wp-content\/uploads\/2020\/12\/Sustainability-Page.png","contentUrl":"https:\/\/shemeshautomation.com\/wp-content\/uploads\/2020\/12\/Sustainability-Page.png","width":800,"height":450,"caption":"Sustainability Page"},{"@type":"BreadcrumbList","@id":"https:\/\/shemeshautomation.com\/fr\/a-propos\/developpement-durable\/#breadcrumb","itemListElement":[{"@type":"ListItem","position":1,"name":"Home","item":"https:\/\/shemeshautomation.com\/fr\/"},{"@type":"ListItem","position":2,"name":"\u00c0 propos","item":"https:\/\/shemeshautomation.com\/fr\/a-propos\/"},{"@type":"ListItem","position":3,"name":"D\u00e9veloppement durable"}]},{"@type":"WebSite","@id":"https:\/\/shemeshautomation.com\/fr\/#website","url":"https:\/\/shemeshautomation.com\/fr\/","name":"Shemesh Automation","description":"Prudent Packaging Solutions","potentialAction":[{"@type":"SearchAction","target":{"@type":"EntryPoint","urlTemplate":"https:\/\/shemeshautomation.com\/fr\/?s={search_term_string}"},"query-input":{"@type":"PropertyValueSpecification","valueRequired":true,"valueName":"search_term_string"}}],"inLanguage":"fr-FR"}]}},"_links":{"self":[{"href":"https:\/\/shemeshautomation.com\/fr\/wp-json\/wp\/v2\/pages\/11833","targetHints":{"allow":["GET"]}}],"collection":[{"href":"https:\/\/shemeshautomation.com\/fr\/wp-json\/wp\/v2\/pages"}],"about":[{"href":"https:\/\/shemeshautomation.com\/fr\/wp-json\/wp\/v2\/types\/page"}],"author":[{"embeddable":true,"href":"https:\/\/shemeshautomation.com\/fr\/wp-json\/wp\/v2\/users\/6"}],"replies":[{"embeddable":true,"href":"https:\/\/shemeshautomation.com\/fr\/wp-json\/wp\/v2\/comments?post=11833"}],"version-history":[{"count":2,"href":"https:\/\/shemeshautomation.com\/fr\/wp-json\/wp\/v2\/pages\/11833\/revisions"}],"predecessor-version":[{"id":17038,"href":"https:\/\/shemeshautomation.com\/fr\/wp-json\/wp\/v2\/pages\/11833\/revisions\/17038"}],"up":[{"embeddable":true,"href":"https:\/\/shemeshautomation.com\/fr\/wp-json\/wp\/v2\/pages\/11795"}],"wp:featuredmedia":[{"embeddable":true,"href":"https:\/\/shemeshautomation.com\/fr\/wp-json\/wp\/v2\/media\/9683"}],"wp:attachment":[{"href":"https:\/\/shemeshautomation.com\/fr\/wp-json\/wp\/v2\/media?parent=11833"}],"curies":[{"name":"wp","href":"https:\/\/api.w.org\/{rel}","templated":true}]}}