{"id":11805,"date":"2017-03-17T15:08:01","date_gmt":"2017-03-17T15:08:01","guid":{"rendered":"https:\/\/shemeshautomation.com\/a-propos-shemesh-automation-solutions-d-emballage\/clients\/"},"modified":"2023-05-17T11:26:47","modified_gmt":"2023-05-17T10:26:47","slug":"clients","status":"publish","type":"page","link":"https:\/\/shemeshautomation.com\/fr\/a-propos\/clients\/","title":{"rendered":"R\u00e9f\u00e9rences Clients"},"content":{"rendered":"<p>eliaVous trouverez ci-dessous quelques-uns de nos clients et de leurs secteurs respectifs avec lesquels Shemesh Automation s&rsquo;est associ\u00e9 pour r\u00e9pondre \u00e0 leurs besoins d&rsquo;efficacit\u00e9 accrue. C\u2019est avec certitude que nous sommes extr\u00eamement fiers d&rsquo;avoir d\u00e9velopp\u00e9 et install\u00e9 nos machines d&#8217;emballage automatis\u00e9es pour certains des leaders mondiaux dans les secteurs nous sommes sp\u00e9cialis\u00e9s, notamment : <a href=\"\/sectors\/cosmetics-packaging-health-and-beauty\/\" target=\"_blank\" rel=\"noopener\">Cosmetique &amp; Soins<\/a>, <a href=\"\/sectors\/automated-packaging-solutions-for-chemicals\/\" target=\"_blank\" rel=\"noopener\">Chimie<\/a>, <a href=\"\/sectors\/automated-pharmaceutical-packaging-machines\/\" target=\"_blank\" rel=\"noopener\">Produits Pharmaceutiques<\/a>, <a href=\"\/sectors\/nonwovens-packaging-machinery\/\" target=\"_blank\" rel=\"noopener\">Non-tiss\u00e9<\/a> et <a href=\"\/sectors\/beverage-and-food-filling-machines\/\" target=\"_blank\" rel=\"noopener\">Aliments et Boissons<\/a>:<\/p>\n","protected":false},"excerpt":{"rendered":"<p>eliaVous trouverez ci-dessous quelques-uns de nos clients et de leurs secteurs respectifs avec lesquels Shemesh Automation s&rsquo;est associ\u00e9 pour r\u00e9pondre \u00e0 leurs besoins d&rsquo;efficacit\u00e9 accrue. C\u2019est avec certitude que nous sommes extr\u00eamement fiers d&rsquo;avoir d\u00e9velopp\u00e9 et install\u00e9 nos machines d&#8217;emballage automatis\u00e9es pour certains des leaders mondiaux dans les secteurs nous sommes sp\u00e9cialis\u00e9s, notamment : Cosmetique&#8230;  <a class=\"excerpt-read-more\" href=\"https:\/\/shemeshautomation.com\/fr\/a-propos\/clients\/\" title=\"LireR\u00e9f\u00e9rences Clients\">Lire la suite &raquo;<\/a><\/p>\n","protected":false},"author":6,"featured_media":0,"parent":11795,"menu_order":0,"comment_status":"closed","ping_status":"closed","template":"page-about-clients.php","meta":{"_acf_changed":false,"inline_featured_image":false,"footnotes":""},"class_list":["post-11805","page","type-page","status-publish","hentry"],"acf":[],"yoast_head":"<!-- This site is optimized with the Yoast SEO plugin v24.5 - https:\/\/yoast.com\/wordpress\/plugins\/seo\/ -->\n<title>R\u00e9f\u00e9rences Clients | Quelques succ\u00e8s | Shemesh Automation<\/title>\n<meta name=\"description\" content=\"Quelques-unes des marques avec lesquelles nous travaillons en partenariat .\" \/>\n<meta name=\"robots\" content=\"index, follow, max-snippet:-1, max-image-preview:large, max-video-preview:-1\" \/>\n<link rel=\"canonical\" href=\"https:\/\/shemeshautomation.com\/fr\/a-propos\/clients\/\" \/>\n<meta property=\"og:locale\" content=\"fr_FR\" \/>\n<meta property=\"og:type\" content=\"article\" \/>\n<meta property=\"og:title\" content=\"R\u00e9f\u00e9rences Clients | Quelques succ\u00e8s | Shemesh Automation\" \/>\n<meta property=\"og:description\" content=\"Quelques-unes des marques avec lesquelles nous travaillons en partenariat .\" \/>\n<meta property=\"og:url\" content=\"https:\/\/shemeshautomation.com\/fr\/a-propos\/clients\/\" \/>\n<meta property=\"og:site_name\" content=\"Shemesh Automation\" \/>\n<meta property=\"article:modified_time\" content=\"2023-05-17T10:26:47+00:00\" \/>\n<meta name=\"twitter:card\" content=\"summary_large_image\" \/>\n<meta name=\"twitter:label1\" content=\"Dur\u00e9e de lecture estim\u00e9e\" \/>\n\t<meta name=\"twitter:data1\" content=\"1 minute\" \/>\n<script type=\"application\/ld+json\" class=\"yoast-schema-graph\">{\"@context\":\"https:\/\/schema.org\",\"@graph\":[{\"@type\":\"WebPage\",\"@id\":\"https:\/\/shemeshautomation.com\/fr\/a-propos\/clients\/\",\"url\":\"https:\/\/shemeshautomation.com\/fr\/a-propos\/clients\/\",\"name\":\"R\u00e9f\u00e9rences Clients | Quelques succ\u00e8s | Shemesh Automation\",\"isPartOf\":{\"@id\":\"https:\/\/shemeshautomation.com\/fr\/#website\"},\"datePublished\":\"2017-03-17T15:08:01+00:00\",\"dateModified\":\"2023-05-17T10:26:47+00:00\",\"description\":\"Quelques-unes des marques avec lesquelles nous travaillons en partenariat .\",\"breadcrumb\":{\"@id\":\"https:\/\/shemeshautomation.com\/fr\/a-propos\/clients\/#breadcrumb\"},\"inLanguage\":\"fr-FR\",\"potentialAction\":[{\"@type\":\"ReadAction\",\"target\":[\"https:\/\/shemeshautomation.com\/fr\/a-propos\/clients\/\"]}]},{\"@type\":\"BreadcrumbList\",\"@id\":\"https:\/\/shemeshautomation.com\/fr\/a-propos\/clients\/#breadcrumb\",\"itemListElement\":[{\"@type\":\"ListItem\",\"position\":1,\"name\":\"Home\",\"item\":\"https:\/\/shemeshautomation.com\/fr\/\"},{\"@type\":\"ListItem\",\"position\":2,\"name\":\"\u00c0 propos\",\"item\":\"https:\/\/shemeshautomation.com\/fr\/a-propos\/\"},{\"@type\":\"ListItem\",\"position\":3,\"name\":\"R\u00e9f\u00e9rences Clients\"}]},{\"@type\":\"WebSite\",\"@id\":\"https:\/\/shemeshautomation.com\/fr\/#website\",\"url\":\"https:\/\/shemeshautomation.com\/fr\/\",\"name\":\"Shemesh Automation\",\"description\":\"Prudent Packaging Solutions\",\"potentialAction\":[{\"@type\":\"SearchAction\",\"target\":{\"@type\":\"EntryPoint\",\"urlTemplate\":\"https:\/\/shemeshautomation.com\/fr\/?s={search_term_string}\"},\"query-input\":{\"@type\":\"PropertyValueSpecification\",\"valueRequired\":true,\"valueName\":\"search_term_string\"}}],\"inLanguage\":\"fr-FR\"}]}<\/script>\n<!-- \/ Yoast SEO plugin. -->","yoast_head_json":{"title":"R\u00e9f\u00e9rences Clients | Quelques succ\u00e8s | Shemesh Automation","description":"Quelques-unes des marques avec lesquelles nous travaillons en partenariat .","robots":{"index":"index","follow":"follow","max-snippet":"max-snippet:-1","max-image-preview":"max-image-preview:large","max-video-preview":"max-video-preview:-1"},"canonical":"https:\/\/shemeshautomation.com\/fr\/a-propos\/clients\/","og_locale":"fr_FR","og_type":"article","og_title":"R\u00e9f\u00e9rences Clients | Quelques succ\u00e8s | Shemesh Automation","og_description":"Quelques-unes des marques avec lesquelles nous travaillons en partenariat .","og_url":"https:\/\/shemeshautomation.com\/fr\/a-propos\/clients\/","og_site_name":"Shemesh Automation","article_modified_time":"2023-05-17T10:26:47+00:00","twitter_card":"summary_large_image","twitter_misc":{"Dur\u00e9e de lecture estim\u00e9e":"1 minute"},"schema":{"@context":"https:\/\/schema.org","@graph":[{"@type":"WebPage","@id":"https:\/\/shemeshautomation.com\/fr\/a-propos\/clients\/","url":"https:\/\/shemeshautomation.com\/fr\/a-propos\/clients\/","name":"R\u00e9f\u00e9rences Clients | Quelques succ\u00e8s | Shemesh Automation","isPartOf":{"@id":"https:\/\/shemeshautomation.com\/fr\/#website"},"datePublished":"2017-03-17T15:08:01+00:00","dateModified":"2023-05-17T10:26:47+00:00","description":"Quelques-unes des marques avec lesquelles nous travaillons en partenariat .","breadcrumb":{"@id":"https:\/\/shemeshautomation.com\/fr\/a-propos\/clients\/#breadcrumb"},"inLanguage":"fr-FR","potentialAction":[{"@type":"ReadAction","target":["https:\/\/shemeshautomation.com\/fr\/a-propos\/clients\/"]}]},{"@type":"BreadcrumbList","@id":"https:\/\/shemeshautomation.com\/fr\/a-propos\/clients\/#breadcrumb","itemListElement":[{"@type":"ListItem","position":1,"name":"Home","item":"https:\/\/shemeshautomation.com\/fr\/"},{"@type":"ListItem","position":2,"name":"\u00c0 propos","item":"https:\/\/shemeshautomation.com\/fr\/a-propos\/"},{"@type":"ListItem","position":3,"name":"R\u00e9f\u00e9rences Clients"}]},{"@type":"WebSite","@id":"https:\/\/shemeshautomation.com\/fr\/#website","url":"https:\/\/shemeshautomation.com\/fr\/","name":"Shemesh Automation","description":"Prudent Packaging Solutions","potentialAction":[{"@type":"SearchAction","target":{"@type":"EntryPoint","urlTemplate":"https:\/\/shemeshautomation.com\/fr\/?s={search_term_string}"},"query-input":{"@type":"PropertyValueSpecification","valueRequired":true,"valueName":"search_term_string"}}],"inLanguage":"fr-FR"}]}},"_links":{"self":[{"href":"https:\/\/shemeshautomation.com\/fr\/wp-json\/wp\/v2\/pages\/11805","targetHints":{"allow":["GET"]}}],"collection":[{"href":"https:\/\/shemeshautomation.com\/fr\/wp-json\/wp\/v2\/pages"}],"about":[{"href":"https:\/\/shemeshautomation.com\/fr\/wp-json\/wp\/v2\/types\/page"}],"author":[{"embeddable":true,"href":"https:\/\/shemeshautomation.com\/fr\/wp-json\/wp\/v2\/users\/6"}],"replies":[{"embeddable":true,"href":"https:\/\/shemeshautomation.com\/fr\/wp-json\/wp\/v2\/comments?post=11805"}],"version-history":[{"count":7,"href":"https:\/\/shemeshautomation.com\/fr\/wp-json\/wp\/v2\/pages\/11805\/revisions"}],"predecessor-version":[{"id":18201,"href":"https:\/\/shemeshautomation.com\/fr\/wp-json\/wp\/v2\/pages\/11805\/revisions\/18201"}],"up":[{"embeddable":true,"href":"https:\/\/shemeshautomation.com\/fr\/wp-json\/wp\/v2\/pages\/11795"}],"wp:attachment":[{"href":"https:\/\/shemeshautomation.com\/fr\/wp-json\/wp\/v2\/media?parent=11805"}],"curies":[{"name":"wp","href":"https:\/\/api.w.org\/{rel}","templated":true}]}}