{"id":11795,"date":"2016-09-12T13:03:47","date_gmt":"2016-09-12T12:03:47","guid":{"rendered":"https:\/\/shemeshautomation.com\/a-propos-shemesh-automation-solutions-d-emballage\/"},"modified":"2025-10-03T17:25:05","modified_gmt":"2025-10-03T16:25:05","slug":"a-propos","status":"publish","type":"page","link":"https:\/\/shemeshautomation.com\/fr\/a-propos\/","title":{"rendered":"\u00c0 propos"},"content":{"rendered":"<h2 style=\"text-align:center; color:#172333; margin:40px 15px; line-height:1.4; font-size:20px;\">\n  Shemesh Automation UK est votre unique partenaire de confiance pour des lignes de conditionnement cl\u00e9s en main \u2013<br \/>\n  toutes con\u00e7ues, produites, livr\u00e9es et install\u00e9es par un seul fabricant.<br \/>\n<\/h2>\n<section class=\"about-us\" style=\"padding:5px 15px; max-width:900px; margin:0 auto; font-family:Arial,sans-serif; line-height:1.6; color:#333;\">\n<h2 style=\"text-align:center; color:#172333; margin-bottom:15px;\">\u00c0 propos de nous<\/h2>\n<p>  Fond\u00e9e en 1990, Shemesh Automation est une entreprise soutenue par des fonds de capital-investissement, avec plus de 30 ans d\u2019exp\u00e9rience dans la <a href=\"https:\/\/shemeshautomation.com\/fr\/machinery\/equipements-de-la-gamme-principale\/remplisseuses-automatiques-pour-liquides-fr\/\">fourniture de lignes de remplissage automatis\u00e9es<\/a> et de   <a href=\"https:\/\/shemeshautomation.com\/fr\/machinery\/lignes-dembouteillage-automatisees\/\">solutions cl\u00e9s en main<\/a>. Du convoyage automatique des bouteilles, bocaux, doypacks ou sachets jusqu\u2019\u00e0 la ligne de remplissage, nous <a href=\"https:\/\/shemeshautomation.com\/machinery\/equipements-de-la-gamme-principale\/remplisseuses-automatiques-pour-liquides-fr\/bottling-machines\/\">remplissons<\/a>, <a href=\"https:\/\/shemeshautomation.com\/fr\/machinery\/equipements-de-la-gamme-principale\/boucheuses-visseuses-automatique\/\">bouchons<\/a>, <a href=\"https:\/\/shemeshautomation.com\/fr\/machinery\/equipements-de-la-gamme-principale\/thermoscelleuses-automatiques\/\">scellons<\/a>, <a href=\"https:\/\/shemeshautomation.com\/fr\/machinery\/equipements-de-la-gamme-principale\/etiqueteuses-automatiques-fr\/\">\u00e9tiquetons<\/a>, s\u00e9rialisons, <a href=\"https:\/\/shemeshautomation.com\/fr\/machinery\/equipements-de-fin-de-ligne\/\">emballons et palettisons automatiquement<\/a>.<\/p>\n<p>Avec plus de 3 000 machines install\u00e9es dans le monde et des si\u00e8ges situ\u00e9s au Royaume-Uni, aux \u00c9tats-Unis, en France et en Isra\u00ebl, nos \u00e9quipes techniques et commerciales locales sont pr\u00eates \u00e0 r\u00e9pondre \u00e0 tous vos besoins. Nous ne proposons pas de solution \u201cstandard\u201d: nous fournissons des technologies avanc\u00e9es et sur mesure, soutenues par notre \u00e9quipe mondiale d\u2019experts. <\/p>\n<p>Shemesh Automation est votre unique partenaire pour des lignes de conditionnement cl\u00e9s en main \u2013 toutes con\u00e7ues, produites, livr\u00e9es et install\u00e9es par un seul fabricant. Nos \u00e9quipes techniques et commerciales internationales sont \u00e0 vos c\u00f4t\u00e9s \u00e0 chaque \u00e9tape de votre projet, pour garantir efficacit\u00e9 et tranquillit\u00e9 d\u2019esprit.<br \/>\n<\/section>\n<section class=\"about-the-founder\" style=\"padding:40px 10px; max-width:900px; margin:0 auto; font-family:Arial,sans-serif; line-height:1.6; color:#333;\">\n<h4 style=\"text-align:center; color:#172333; margin-bottom:10px;\">\n    \u00c0 propos du fondateur \u2013 Eli Shemesh, fondateur de l\u2019entreprise<br \/>\n  <\/h4>\n<p style=\"text-align:center; margin:0 0 20px;\">\n    Eli \u00e9tait un ing\u00e9nieur passionn\u00e9, profond\u00e9ment engag\u00e9 dans l\u2019automatisation. Il a fond\u00e9 Shemesh Automation en avril 1990 et a dirig\u00e9 l\u2019entreprise avec vision et d\u00e9vouement pendant trois d\u00e9cennies, jusqu\u2019en f\u00e9vrier 2020. Son h\u00e9ritage continue d\u2019inspirer notre \u00e9quipe et de porter l\u2019innovation dans chacun de nos projets.<\/p>\n<div style=\"text-align:center; margin:40px 0;\">\n<h2 style=\"font-size:20px; color:#172333; margin-bottom:15px;\">\n    De la d\u00e9finition du projet \u00e0 la r\u00e9ception sur site (SAT) \u2013 8 \u00e9tapes cl\u00e9s pour la r\u00e9ussite de votre projet d\u2019automatisation<br \/>\n  <\/h2>\n<p>  <img decoding=\"async\" src=\"https:\/\/shemeshautomation.com\/wp-content\/uploads\/\/2025\/09\/From-scoping-to-Site-Acceptance-Test-image.svg\" \n       alt=\"De la d\u00e9finition du projet \u00e0 la r\u00e9ception sur site (SAT) \u2013 8 \u00e9tapes cl\u00e9s pour la r\u00e9ussite de votre projet d\u2019automatisation\" \n       style=\"max-width:900px; width:100%; height:auto;\" \/>\n<\/div>\n","protected":false},"excerpt":{"rendered":"<p>Shemesh Automation UK est votre unique partenaire de confiance pour des lignes de conditionnement cl\u00e9s en main \u2013 toutes con\u00e7ues, produites, livr\u00e9es et install\u00e9es par un seul fabricant. \u00c0 propos de nous Fond\u00e9e en 1990, Shemesh Automation est une entreprise soutenue par des fonds de capital-investissement, avec plus de 30 ans d\u2019exp\u00e9rience dans la fourniture&#8230;  <a class=\"excerpt-read-more\" href=\"https:\/\/shemeshautomation.com\/fr\/a-propos\/\" title=\"Lire\u00c0 propos\">Lire la suite &raquo;<\/a><\/p>\n","protected":false},"author":6,"featured_media":52963,"parent":0,"menu_order":10,"comment_status":"closed","ping_status":"closed","template":"page-about.php","meta":{"_acf_changed":false,"inline_featured_image":false,"footnotes":""},"class_list":["post-11795","page","type-page","status-publish","has-post-thumbnail","hentry"],"acf":[],"yoast_head":"<!-- This site is optimized with the Yoast SEO plugin v24.5 - https:\/\/yoast.com\/wordpress\/plugins\/seo\/ -->\n<title>A propos I Shemesh Automation<\/title>\n<meta name=\"description\" content=\"Les lignes d\u2019embouteillage automatis\u00e9es r\u00e9pondre aux besoins et aux exigences de nos clients. Nous construisons une vision \u00e0 long terme pour nos clients.\" \/>\n<meta name=\"robots\" content=\"index, follow, max-snippet:-1, max-image-preview:large, max-video-preview:-1\" \/>\n<link rel=\"canonical\" href=\"https:\/\/shemeshautomation.com\/fr\/a-propos\/\" \/>\n<meta property=\"og:locale\" content=\"fr_FR\" \/>\n<meta property=\"og:type\" content=\"article\" \/>\n<meta property=\"og:title\" content=\"A propos I Shemesh Automation\" \/>\n<meta property=\"og:description\" content=\"Les lignes d\u2019embouteillage automatis\u00e9es r\u00e9pondre aux besoins et aux exigences de nos clients. Nous construisons une vision \u00e0 long terme pour nos clients.\" \/>\n<meta property=\"og:url\" content=\"https:\/\/shemeshautomation.com\/fr\/a-propos\/\" \/>\n<meta property=\"og:site_name\" content=\"Shemesh Automation\" \/>\n<meta property=\"article:modified_time\" content=\"2025-10-03T16:25:05+00:00\" \/>\n<meta property=\"og:image\" content=\"https:\/\/shemeshautomation.com\/wp-content\/uploads\/2025\/09\/about-featured-update-img.png\" \/>\n\t<meta property=\"og:image:width\" content=\"1002\" \/>\n\t<meta property=\"og:image:height\" content=\"578\" \/>\n\t<meta property=\"og:image:type\" content=\"image\/png\" \/>\n<meta name=\"twitter:card\" content=\"summary_large_image\" \/>\n<meta name=\"twitter:label1\" content=\"Dur\u00e9e de lecture estim\u00e9e\" \/>\n\t<meta name=\"twitter:data1\" content=\"2 minutes\" \/>\n<script type=\"application\/ld+json\" class=\"yoast-schema-graph\">{\"@context\":\"https:\/\/schema.org\",\"@graph\":[{\"@type\":\"WebPage\",\"@id\":\"https:\/\/shemeshautomation.com\/fr\/a-propos\/\",\"url\":\"https:\/\/shemeshautomation.com\/fr\/a-propos\/\",\"name\":\"A propos I Shemesh Automation\",\"isPartOf\":{\"@id\":\"https:\/\/shemeshautomation.com\/fr\/#website\"},\"primaryImageOfPage\":{\"@id\":\"https:\/\/shemeshautomation.com\/fr\/a-propos\/#primaryimage\"},\"image\":{\"@id\":\"https:\/\/shemeshautomation.com\/fr\/a-propos\/#primaryimage\"},\"thumbnailUrl\":\"https:\/\/shemeshautomation.com\/wp-content\/uploads\/2025\/09\/about-featured-update-img.png\",\"datePublished\":\"2016-09-12T12:03:47+00:00\",\"dateModified\":\"2025-10-03T16:25:05+00:00\",\"description\":\"Les lignes d\u2019embouteillage automatis\u00e9es r\u00e9pondre aux besoins et aux exigences de nos clients. Nous construisons une vision \u00e0 long terme pour nos clients.\",\"breadcrumb\":{\"@id\":\"https:\/\/shemeshautomation.com\/fr\/a-propos\/#breadcrumb\"},\"inLanguage\":\"fr-FR\",\"potentialAction\":[{\"@type\":\"ReadAction\",\"target\":[\"https:\/\/shemeshautomation.com\/fr\/a-propos\/\"]}]},{\"@type\":\"ImageObject\",\"inLanguage\":\"fr-FR\",\"@id\":\"https:\/\/shemeshautomation.com\/fr\/a-propos\/#primaryimage\",\"url\":\"https:\/\/shemeshautomation.com\/wp-content\/uploads\/2025\/09\/about-featured-update-img.png\",\"contentUrl\":\"https:\/\/shemeshautomation.com\/wp-content\/uploads\/2025\/09\/about-featured-update-img.png\",\"width\":1002,\"height\":578,\"caption\":\"about-featured update-img\"},{\"@type\":\"BreadcrumbList\",\"@id\":\"https:\/\/shemeshautomation.com\/fr\/a-propos\/#breadcrumb\",\"itemListElement\":[{\"@type\":\"ListItem\",\"position\":1,\"name\":\"Home\",\"item\":\"https:\/\/shemeshautomation.com\/fr\/\"},{\"@type\":\"ListItem\",\"position\":2,\"name\":\"\u00c0 propos\"}]},{\"@type\":\"WebSite\",\"@id\":\"https:\/\/shemeshautomation.com\/fr\/#website\",\"url\":\"https:\/\/shemeshautomation.com\/fr\/\",\"name\":\"Shemesh Automation\",\"description\":\"Prudent Packaging Solutions\",\"potentialAction\":[{\"@type\":\"SearchAction\",\"target\":{\"@type\":\"EntryPoint\",\"urlTemplate\":\"https:\/\/shemeshautomation.com\/fr\/?s={search_term_string}\"},\"query-input\":{\"@type\":\"PropertyValueSpecification\",\"valueRequired\":true,\"valueName\":\"search_term_string\"}}],\"inLanguage\":\"fr-FR\"}]}<\/script>\n<!-- \/ Yoast SEO plugin. -->","yoast_head_json":{"title":"A propos I Shemesh Automation","description":"Les lignes d\u2019embouteillage automatis\u00e9es r\u00e9pondre aux besoins et aux exigences de nos clients. Nous construisons une vision \u00e0 long terme pour nos clients.","robots":{"index":"index","follow":"follow","max-snippet":"max-snippet:-1","max-image-preview":"max-image-preview:large","max-video-preview":"max-video-preview:-1"},"canonical":"https:\/\/shemeshautomation.com\/fr\/a-propos\/","og_locale":"fr_FR","og_type":"article","og_title":"A propos I Shemesh Automation","og_description":"Les lignes d\u2019embouteillage automatis\u00e9es r\u00e9pondre aux besoins et aux exigences de nos clients. Nous construisons une vision \u00e0 long terme pour nos clients.","og_url":"https:\/\/shemeshautomation.com\/fr\/a-propos\/","og_site_name":"Shemesh Automation","article_modified_time":"2025-10-03T16:25:05+00:00","og_image":[{"width":1002,"height":578,"url":"https:\/\/shemeshautomation.com\/wp-content\/uploads\/2025\/09\/about-featured-update-img.png","type":"image\/png"}],"twitter_card":"summary_large_image","twitter_misc":{"Dur\u00e9e de lecture estim\u00e9e":"2 minutes"},"schema":{"@context":"https:\/\/schema.org","@graph":[{"@type":"WebPage","@id":"https:\/\/shemeshautomation.com\/fr\/a-propos\/","url":"https:\/\/shemeshautomation.com\/fr\/a-propos\/","name":"A propos I Shemesh Automation","isPartOf":{"@id":"https:\/\/shemeshautomation.com\/fr\/#website"},"primaryImageOfPage":{"@id":"https:\/\/shemeshautomation.com\/fr\/a-propos\/#primaryimage"},"image":{"@id":"https:\/\/shemeshautomation.com\/fr\/a-propos\/#primaryimage"},"thumbnailUrl":"https:\/\/shemeshautomation.com\/wp-content\/uploads\/2025\/09\/about-featured-update-img.png","datePublished":"2016-09-12T12:03:47+00:00","dateModified":"2025-10-03T16:25:05+00:00","description":"Les lignes d\u2019embouteillage automatis\u00e9es r\u00e9pondre aux besoins et aux exigences de nos clients. Nous construisons une vision \u00e0 long terme pour nos clients.","breadcrumb":{"@id":"https:\/\/shemeshautomation.com\/fr\/a-propos\/#breadcrumb"},"inLanguage":"fr-FR","potentialAction":[{"@type":"ReadAction","target":["https:\/\/shemeshautomation.com\/fr\/a-propos\/"]}]},{"@type":"ImageObject","inLanguage":"fr-FR","@id":"https:\/\/shemeshautomation.com\/fr\/a-propos\/#primaryimage","url":"https:\/\/shemeshautomation.com\/wp-content\/uploads\/2025\/09\/about-featured-update-img.png","contentUrl":"https:\/\/shemeshautomation.com\/wp-content\/uploads\/2025\/09\/about-featured-update-img.png","width":1002,"height":578,"caption":"about-featured update-img"},{"@type":"BreadcrumbList","@id":"https:\/\/shemeshautomation.com\/fr\/a-propos\/#breadcrumb","itemListElement":[{"@type":"ListItem","position":1,"name":"Home","item":"https:\/\/shemeshautomation.com\/fr\/"},{"@type":"ListItem","position":2,"name":"\u00c0 propos"}]},{"@type":"WebSite","@id":"https:\/\/shemeshautomation.com\/fr\/#website","url":"https:\/\/shemeshautomation.com\/fr\/","name":"Shemesh Automation","description":"Prudent Packaging Solutions","potentialAction":[{"@type":"SearchAction","target":{"@type":"EntryPoint","urlTemplate":"https:\/\/shemeshautomation.com\/fr\/?s={search_term_string}"},"query-input":{"@type":"PropertyValueSpecification","valueRequired":true,"valueName":"search_term_string"}}],"inLanguage":"fr-FR"}]}},"_links":{"self":[{"href":"https:\/\/shemeshautomation.com\/fr\/wp-json\/wp\/v2\/pages\/11795","targetHints":{"allow":["GET"]}}],"collection":[{"href":"https:\/\/shemeshautomation.com\/fr\/wp-json\/wp\/v2\/pages"}],"about":[{"href":"https:\/\/shemeshautomation.com\/fr\/wp-json\/wp\/v2\/types\/page"}],"author":[{"embeddable":true,"href":"https:\/\/shemeshautomation.com\/fr\/wp-json\/wp\/v2\/users\/6"}],"replies":[{"embeddable":true,"href":"https:\/\/shemeshautomation.com\/fr\/wp-json\/wp\/v2\/comments?post=11795"}],"version-history":[{"count":22,"href":"https:\/\/shemeshautomation.com\/fr\/wp-json\/wp\/v2\/pages\/11795\/revisions"}],"predecessor-version":[{"id":53206,"href":"https:\/\/shemeshautomation.com\/fr\/wp-json\/wp\/v2\/pages\/11795\/revisions\/53206"}],"wp:featuredmedia":[{"embeddable":true,"href":"https:\/\/shemeshautomation.com\/fr\/wp-json\/wp\/v2\/media\/52963"}],"wp:attachment":[{"href":"https:\/\/shemeshautomation.com\/fr\/wp-json\/wp\/v2\/media?parent=11795"}],"curies":[{"name":"wp","href":"https:\/\/api.w.org\/{rel}","templated":true}]}}