{"id":11794,"date":"2017-04-05T16:50:00","date_gmt":"2017-04-05T15:50:00","guid":{"rendered":"https:\/\/shemeshautomation.com\/support-des-machines-demballage-automatique-de-shemesh\/conseils-techniques\/"},"modified":"2023-02-22T11:55:32","modified_gmt":"2023-02-22T11:55:32","slug":"conseils-techniques","status":"publish","type":"page","link":"https:\/\/shemeshautomation.com\/fr\/assistance-et-support-technique\/conseils-techniques\/","title":{"rendered":"Conseils techniques"},"content":{"rendered":"<p>Veuillez remplir le formulaire ci-dessous pour recevoir les conseils d&rsquo;un de nos ing\u00e9nieurs exp\u00e9riment\u00e9s.<\/p>\n\n<div class=\"wpcf7 no-js\" id=\"wpcf7-f17000-o1\" lang=\"fr-FR\" dir=\"ltr\" data-wpcf7-id=\"17000\">\n<div class=\"screen-reader-response\"><p role=\"status\" aria-live=\"polite\" aria-atomic=\"true\"><\/p> <ul><\/ul><\/div>\n<form action=\"\/fr\/wp-json\/wp\/v2\/pages\/11794#wpcf7-f17000-o1\" method=\"post\" class=\"wpcf7-form init sa-support-form\" aria-label=\"Formulaire de contact\" novalidate=\"novalidate\" data-status=\"init\">\n<div style=\"display: none;\">\n<input type=\"hidden\" name=\"_wpcf7\" value=\"17000\" \/>\n<input type=\"hidden\" name=\"_wpcf7_version\" value=\"6.0.4\" \/>\n<input type=\"hidden\" name=\"_wpcf7_locale\" value=\"fr_FR\" \/>\n<input type=\"hidden\" name=\"_wpcf7_unit_tag\" value=\"wpcf7-f17000-o1\" \/>\n<input type=\"hidden\" name=\"_wpcf7_container_post\" value=\"0\" \/>\n<input type=\"hidden\" name=\"_wpcf7_posted_data_hash\" value=\"\" \/>\n<input type=\"hidden\" name=\"_wpcf7dtx_version\" value=\"5.0.3\" \/>\n<input type=\"hidden\" name=\"_wpcf7_recaptcha_response\" value=\"\" \/>\n<\/div>\n<h2>Coordonn\u00e9es de contact\n<\/h2>\n<div id=\"first-name\" class=\"cf\">\n\t<p><label>Pr\u00e9nom <span>*<\/span><\/label><span class=\"wpcf7-form-control-wrap\" data-name=\"your-first-name\"><input size=\"40\" maxlength=\"400\" class=\"wpcf7-form-control wpcf7-text wpcf7-validates-as-required\" aria-required=\"true\" aria-invalid=\"false\" value=\"\" type=\"text\" name=\"your-first-name\" \/><\/span>\n\t<\/p>\n<\/div>\n<div id=\"surname\" class=\"cf\">\n\t<p><label>Nom <span>*<\/span><\/label><span class=\"wpcf7-form-control-wrap\" data-name=\"your-surname\"><input size=\"40\" maxlength=\"400\" class=\"wpcf7-form-control wpcf7-text wpcf7-validates-as-required\" aria-required=\"true\" aria-invalid=\"false\" value=\"\" type=\"text\" name=\"your-surname\" \/><\/span>\n\t<\/p>\n<\/div>\n<div id=\"company\" class=\"cf\">\n\t<p><label>Entreprise <span>*<\/span><\/label><span class=\"wpcf7-form-control-wrap\" data-name=\"your-company\"><input size=\"40\" maxlength=\"400\" class=\"wpcf7-form-control wpcf7-text wpcf7-validates-as-required\" aria-required=\"true\" aria-invalid=\"false\" value=\"\" type=\"text\" name=\"your-company\" \/><\/span>\n\t<\/p>\n<\/div>\n<div id=\"phone\" class=\"cf\">\n\t<p><label>T\u00e9l\u00e9phone <span>*<\/span><\/label><span class=\"wpcf7-form-control-wrap\" data-name=\"your-tel\"><input size=\"40\" maxlength=\"400\" class=\"wpcf7-form-control wpcf7-tel wpcf7-validates-as-required wpcf7-text wpcf7-validates-as-tel\" aria-required=\"true\" aria-invalid=\"false\" value=\"\" type=\"tel\" name=\"your-tel\" \/><\/span>\n\t<\/p>\n<\/div>\n<div id=\"email\" class=\"cf\">\n\t<p><label>Email <span>*<\/span><\/label><span class=\"wpcf7-form-control-wrap\" data-name=\"your-email\"><input size=\"40\" maxlength=\"400\" class=\"wpcf7-form-control wpcf7-email wpcf7-validates-as-required wpcf7-text wpcf7-validates-as-email\" aria-required=\"true\" aria-invalid=\"false\" value=\"\" type=\"email\" name=\"your-email\" \/><\/span>\n\t<\/p>\n<\/div>\n<div class=\"col-1\">\n\t<h2>Adresse\n\t<\/h2>\n\t<div id=\"street-no\" class=\"cf\">\n\t\t<p><label>Rue \/ No. <span>*<\/span><\/label><span class=\"wpcf7-form-control-wrap\" data-name=\"service-street-no\"><input size=\"40\" maxlength=\"400\" class=\"wpcf7-form-control wpcf7-text wpcf7-validates-as-required\" aria-required=\"true\" aria-invalid=\"false\" value=\"\" type=\"text\" name=\"service-street-no\" \/><\/span>\n\t\t<\/p>\n\t<\/div>\n\t<div id=\"postcode-city\" class=\"cf\">\n\t\t<p><label>Code Postal \/ City <span>*<\/span><\/label><span class=\"wpcf7-form-control-wrap\" data-name=\"service-postcode-city\"><input size=\"40\" maxlength=\"400\" class=\"wpcf7-form-control wpcf7-text wpcf7-validates-as-required\" aria-required=\"true\" aria-invalid=\"false\" value=\"\" type=\"text\" name=\"service-postcode-city\" \/><\/span>\n\t\t<\/p>\n\t<\/div>\n\t<div id=\"country\" class=\"cf\">\n\t\t<p><label>Pays <span>*<\/span><\/label><span class=\"wpcf7-form-control-wrap\" data-name=\"service-country\"><input size=\"40\" maxlength=\"400\" class=\"wpcf7-form-control wpcf7-text wpcf7-validates-as-required\" aria-required=\"true\" aria-invalid=\"false\" value=\"\" type=\"text\" name=\"service-country\" \/><\/span>\n\t\t<\/p>\n\t<\/div>\n<\/div>\n<div class=\"col-2\">\n\t<h2>Probl\u00e8me de r\u00e9parations\n\t<\/h2>\n\t<div id=\"machine-no\" class=\"cf\">\n\t\t<p><label>N\u00b0 de la machine. <span>*<\/span><\/label><span class=\"wpcf7-form-control-wrap\" data-name=\"machine-no\"><input size=\"40\" maxlength=\"400\" class=\"wpcf7-form-control wpcf7-text wpcf7-validates-as-required\" aria-required=\"true\" aria-invalid=\"false\" value=\"\" type=\"text\" name=\"machine-no\" \/><\/span>\n\t\t<\/p>\n\t<\/div>\n\t<div id=\"machine-type\" class=\"cf\">\n\t\t<p><label>Type de machine <span>*<\/span><\/label><span class=\"wpcf7-form-control-wrap\" data-name=\"machine-type\"><input size=\"40\" maxlength=\"400\" class=\"wpcf7-form-control wpcf7-text wpcf7-validates-as-required\" aria-required=\"true\" aria-invalid=\"false\" value=\"\" type=\"text\" name=\"machine-type\" \/><\/span>\n\t\t<\/p>\n\t<\/div>\n\t<div id=\"description\" class=\"cf\">\n\t\t<p><label>D\u00e9crire la r\u00e9paration n\u00e9c\u00e9ssaire<\/label><span class=\"wpcf7-form-control-wrap\" data-name=\"description\"><textarea cols=\"40\" rows=\"10\" maxlength=\"2000\" class=\"wpcf7-form-control wpcf7-textarea wpcf7-validates-as-required\" aria-required=\"true\" aria-invalid=\"false\" name=\"description\"><\/textarea><\/span>\n\t\t<\/p>\n\t<\/div>\n<\/div>\n<div id=\"marketing-acceptance\" class=\"cf\">\n\t<h3>Communications permanentes\n\t<\/h3>\n\t<p><label>Je souhaite obtenir des communications ponctuelles sur les produits de Shemesh Automation :<span>*<\/span><\/label><br \/>\n<span class=\"wpcf7-form-control-wrap\" data-name=\"marketing-acceptance\"><span class=\"wpcf7-form-control wpcf7-radio\"><span class=\"wpcf7-list-item first\"><label><input type=\"radio\" name=\"marketing-acceptance\" value=\"Oui\" \/><span class=\"wpcf7-list-item-label\">Oui<\/span><\/label><\/span><span class=\"wpcf7-list-item last\"><label><input type=\"radio\" name=\"marketing-acceptance\" value=\"Non\" \/><span class=\"wpcf7-list-item-label\">Non<\/span><\/label><\/span><\/span><\/span><br \/>\n<label><a href=\"\/privacy-policy\/\">Plus d'information<\/a><\/label>\n\t<\/p>\n<\/div>\n\n<div>\n\t<p><input class=\"wpcf7-form-control wpcf7-submit has-spinner\" type=\"submit\" value=\"Envoyer\" \/>\n\t<\/p>\n<\/div>\n<p class=\"note\"><span>*<\/span> Champ requis\n<\/p><div class=\"wpcf7-response-output\" aria-hidden=\"true\"><\/div>\n<\/form>\n<\/div>\n\n","protected":false},"excerpt":{"rendered":"<p>Veuillez remplir le formulaire ci-dessous pour recevoir les conseils d&rsquo;un de nos ing\u00e9nieurs exp\u00e9riment\u00e9s.<\/p>\n","protected":false},"author":6,"featured_media":0,"parent":11778,"menu_order":5,"comment_status":"closed","ping_status":"closed","template":"page-support.php","meta":{"_acf_changed":false,"inline_featured_image":false,"footnotes":""},"class_list":["post-11794","page","type-page","status-publish","hentry"],"acf":[],"yoast_head":"<!-- This site is optimized with the Yoast SEO plugin v24.5 - https:\/\/yoast.com\/wordpress\/plugins\/seo\/ -->\n<title>Conseils techniques - Shemesh Automation<\/title>\n<meta name=\"robots\" content=\"index, follow, max-snippet:-1, max-image-preview:large, max-video-preview:-1\" \/>\n<link rel=\"canonical\" href=\"https:\/\/shemeshautomation.com\/fr\/assistance-et-support-technique\/conseils-techniques\/\" \/>\n<meta property=\"og:locale\" content=\"fr_FR\" \/>\n<meta property=\"og:type\" content=\"article\" \/>\n<meta property=\"og:title\" content=\"Conseils techniques - Shemesh Automation\" \/>\n<meta property=\"og:description\" content=\"Veuillez remplir le formulaire ci-dessous pour recevoir les conseils d&rsquo;un de nos ing\u00e9nieurs exp\u00e9riment\u00e9s.\" \/>\n<meta property=\"og:url\" content=\"https:\/\/shemeshautomation.com\/fr\/assistance-et-support-technique\/conseils-techniques\/\" \/>\n<meta property=\"og:site_name\" content=\"Shemesh Automation\" \/>\n<meta property=\"article:modified_time\" content=\"2023-02-22T11:55:32+00:00\" \/>\n<meta name=\"twitter:card\" content=\"summary_large_image\" \/>\n<meta name=\"twitter:label1\" content=\"Dur\u00e9e de lecture estim\u00e9e\" \/>\n\t<meta name=\"twitter:data1\" content=\"1 minute\" \/>\n<script type=\"application\/ld+json\" class=\"yoast-schema-graph\">{\"@context\":\"https:\/\/schema.org\",\"@graph\":[{\"@type\":\"WebPage\",\"@id\":\"https:\/\/shemeshautomation.com\/fr\/assistance-et-support-technique\/conseils-techniques\/\",\"url\":\"https:\/\/shemeshautomation.com\/fr\/assistance-et-support-technique\/conseils-techniques\/\",\"name\":\"Conseils techniques - Shemesh Automation\",\"isPartOf\":{\"@id\":\"https:\/\/shemeshautomation.com\/fr\/#website\"},\"datePublished\":\"2017-04-05T15:50:00+00:00\",\"dateModified\":\"2023-02-22T11:55:32+00:00\",\"breadcrumb\":{\"@id\":\"https:\/\/shemeshautomation.com\/fr\/assistance-et-support-technique\/conseils-techniques\/#breadcrumb\"},\"inLanguage\":\"fr-FR\",\"potentialAction\":[{\"@type\":\"ReadAction\",\"target\":[\"https:\/\/shemeshautomation.com\/fr\/assistance-et-support-technique\/conseils-techniques\/\"]}]},{\"@type\":\"BreadcrumbList\",\"@id\":\"https:\/\/shemeshautomation.com\/fr\/assistance-et-support-technique\/conseils-techniques\/#breadcrumb\",\"itemListElement\":[{\"@type\":\"ListItem\",\"position\":1,\"name\":\"Home\",\"item\":\"https:\/\/shemeshautomation.com\/fr\/\"},{\"@type\":\"ListItem\",\"position\":2,\"name\":\"Shemesh Automation Support\",\"item\":\"https:\/\/shemeshautomation.com\/fr\/assistance-et-support-technique\/\"},{\"@type\":\"ListItem\",\"position\":3,\"name\":\"Conseils techniques\"}]},{\"@type\":\"WebSite\",\"@id\":\"https:\/\/shemeshautomation.com\/fr\/#website\",\"url\":\"https:\/\/shemeshautomation.com\/fr\/\",\"name\":\"Shemesh Automation\",\"description\":\"Prudent Packaging Solutions\",\"potentialAction\":[{\"@type\":\"SearchAction\",\"target\":{\"@type\":\"EntryPoint\",\"urlTemplate\":\"https:\/\/shemeshautomation.com\/fr\/?s={search_term_string}\"},\"query-input\":{\"@type\":\"PropertyValueSpecification\",\"valueRequired\":true,\"valueName\":\"search_term_string\"}}],\"inLanguage\":\"fr-FR\"}]}<\/script>\n<!-- \/ Yoast SEO plugin. -->","yoast_head_json":{"title":"Conseils techniques - Shemesh Automation","robots":{"index":"index","follow":"follow","max-snippet":"max-snippet:-1","max-image-preview":"max-image-preview:large","max-video-preview":"max-video-preview:-1"},"canonical":"https:\/\/shemeshautomation.com\/fr\/assistance-et-support-technique\/conseils-techniques\/","og_locale":"fr_FR","og_type":"article","og_title":"Conseils techniques - Shemesh Automation","og_description":"Veuillez remplir le formulaire ci-dessous pour recevoir les conseils d&rsquo;un de nos ing\u00e9nieurs exp\u00e9riment\u00e9s.","og_url":"https:\/\/shemeshautomation.com\/fr\/assistance-et-support-technique\/conseils-techniques\/","og_site_name":"Shemesh Automation","article_modified_time":"2023-02-22T11:55:32+00:00","twitter_card":"summary_large_image","twitter_misc":{"Dur\u00e9e de lecture estim\u00e9e":"1 minute"},"schema":{"@context":"https:\/\/schema.org","@graph":[{"@type":"WebPage","@id":"https:\/\/shemeshautomation.com\/fr\/assistance-et-support-technique\/conseils-techniques\/","url":"https:\/\/shemeshautomation.com\/fr\/assistance-et-support-technique\/conseils-techniques\/","name":"Conseils techniques - Shemesh Automation","isPartOf":{"@id":"https:\/\/shemeshautomation.com\/fr\/#website"},"datePublished":"2017-04-05T15:50:00+00:00","dateModified":"2023-02-22T11:55:32+00:00","breadcrumb":{"@id":"https:\/\/shemeshautomation.com\/fr\/assistance-et-support-technique\/conseils-techniques\/#breadcrumb"},"inLanguage":"fr-FR","potentialAction":[{"@type":"ReadAction","target":["https:\/\/shemeshautomation.com\/fr\/assistance-et-support-technique\/conseils-techniques\/"]}]},{"@type":"BreadcrumbList","@id":"https:\/\/shemeshautomation.com\/fr\/assistance-et-support-technique\/conseils-techniques\/#breadcrumb","itemListElement":[{"@type":"ListItem","position":1,"name":"Home","item":"https:\/\/shemeshautomation.com\/fr\/"},{"@type":"ListItem","position":2,"name":"Shemesh Automation Support","item":"https:\/\/shemeshautomation.com\/fr\/assistance-et-support-technique\/"},{"@type":"ListItem","position":3,"name":"Conseils techniques"}]},{"@type":"WebSite","@id":"https:\/\/shemeshautomation.com\/fr\/#website","url":"https:\/\/shemeshautomation.com\/fr\/","name":"Shemesh Automation","description":"Prudent Packaging Solutions","potentialAction":[{"@type":"SearchAction","target":{"@type":"EntryPoint","urlTemplate":"https:\/\/shemeshautomation.com\/fr\/?s={search_term_string}"},"query-input":{"@type":"PropertyValueSpecification","valueRequired":true,"valueName":"search_term_string"}}],"inLanguage":"fr-FR"}]}},"_links":{"self":[{"href":"https:\/\/shemeshautomation.com\/fr\/wp-json\/wp\/v2\/pages\/11794","targetHints":{"allow":["GET"]}}],"collection":[{"href":"https:\/\/shemeshautomation.com\/fr\/wp-json\/wp\/v2\/pages"}],"about":[{"href":"https:\/\/shemeshautomation.com\/fr\/wp-json\/wp\/v2\/types\/page"}],"author":[{"embeddable":true,"href":"https:\/\/shemeshautomation.com\/fr\/wp-json\/wp\/v2\/users\/6"}],"replies":[{"embeddable":true,"href":"https:\/\/shemeshautomation.com\/fr\/wp-json\/wp\/v2\/comments?post=11794"}],"version-history":[{"count":1,"href":"https:\/\/shemeshautomation.com\/fr\/wp-json\/wp\/v2\/pages\/11794\/revisions"}],"predecessor-version":[{"id":17201,"href":"https:\/\/shemeshautomation.com\/fr\/wp-json\/wp\/v2\/pages\/11794\/revisions\/17201"}],"up":[{"embeddable":true,"href":"https:\/\/shemeshautomation.com\/fr\/wp-json\/wp\/v2\/pages\/11778"}],"wp:attachment":[{"href":"https:\/\/shemeshautomation.com\/fr\/wp-json\/wp\/v2\/media?parent=11794"}],"curies":[{"name":"wp","href":"https:\/\/api.w.org\/{rel}","templated":true}]}}