{"id":11778,"date":"2016-09-21T16:29:02","date_gmt":"2016-09-21T15:29:02","guid":{"rendered":"https:\/\/shemeshautomation.com\/support-des-machines-demballage-automatique-de-shemesh\/"},"modified":"2023-02-13T17:09:21","modified_gmt":"2023-02-13T17:09:21","slug":"assistance-et-support-technique","status":"publish","type":"page","link":"https:\/\/shemeshautomation.com\/fr\/assistance-et-support-technique\/","title":{"rendered":"Shemesh Automation Support"},"content":{"rendered":"<p>Shemesh Automation Support dispose d&rsquo;un r\u00e9seau mondial de repr\u00e9sentants commerciaux et de sp\u00e9cialistes du service apr\u00e8s-vente pour vous offrir <a href=\"https:\/\/shemeshautomation.com\/contact-us\">une assistance<\/a> flexible et efficace. Shemesh Automation Support partage ses connaissances pour garantir la productivit\u00e9 maximale de vos machines et notre r\u00e9seau mondial de techniciens qualifi\u00e9s vous assure une solution rapide, o\u00f9 et quand vous en avez besoin.<\/p>\n<p>Shemesh Automation Support met son expertise et sa technologie de pointe au service de ses clients, leur apportant une valeur ajout\u00e9e ainsi que l&rsquo;avantage concurrentiel n\u00e9cessaire pour progresser sur les march\u00e9s mondiaux. En tant que concepteurs de machines et int\u00e9grateurs de syst\u00e8mes experts, nous offrons un service complet de bout en bout. Nous pouvons tout fournir, du simple composant \u00e0 une solution cl\u00e9 en main pour une ligne de production compl\u00e8te.<\/p>\n<p>Shemesh Automation Support fournit \u00e9galement des services int\u00e9graux qui couvrent tous les aspects du support technique et des besoins apr\u00e8s-vente en un seul contrat : des solutions de bout en bout int\u00e9gr\u00e9es, fiables et rentables.<\/p>\n<p><strong>L&rsquo;avantage du guichet unique<\/strong><\/p>\n<p>L&rsquo;avantage d&rsquo;une seule entit\u00e9 \u00e9limine les questions de responsabilit\u00e9 et minimise les co\u00fbts li\u00e9s \u00e0 la gestion de plusieurs fournisseurs. La relation ouverte ainsi cr\u00e9\u00e9e peut d\u00e9boucher sur une plus grande expertise, une efficacit\u00e9 accrue, une r\u00e9duction des co\u00fbts et une am\u00e9lioration de la qualit\u00e9 des produits.<\/p>\n<p>Il en r\u00e9sulte des opportunit\u00e9s de parts de march\u00e9 accrues et des marges b\u00e9n\u00e9ficiaires globales plus \u00e9lev\u00e9es pour nos clients.<\/p>\n<p><strong>Une valeur ajout\u00e9e pour nos clients<\/strong><\/p>\n<p>Notre personnel est notre atout le plus important et nos sites de production sont situ\u00e9s dans le centre de haute technologie d&rsquo;Isra\u00ebl, ce qui nous donne acc\u00e8s \u00e0 certains des meilleurs cerveaux du secteur. Avec l&rsquo;ensemble des comp\u00e9tences de la communaut\u00e9 isra\u00e9lienne de haute technologie \u00e0 notre disposition, l&rsquo;innovation est naturellement ancr\u00e9e dans notre esprit et dans notre portefeuille de produits les plus exclusifs. Nous avons souvent vu nos produits d\u00e9passer la concurrence, r\u00e9volutionner les pratiques de travail, perturber les march\u00e9s et avoir un impact consid\u00e9rable sur les r\u00e9sultats de nos clients.<\/p>\n<p>En s&rsquo;associant avec Shemesh Automation, nos clients n&rsquo;obtiennent pas simplement une machine, mais s&rsquo;engagent dans une relation significative et \u00e0 long terme gr\u00e2ce \u00e0 laquelle ils peuvent b\u00e2tir leur entreprise sur notre exp\u00e9rience, nos connaissances, notre fiabilit\u00e9 et, surtout, notre int\u00e9grit\u00e9. Proche de nos clients, nous assurons un suivi de qualit\u00e9 pour fournir un service efficace. Apr\u00e8s tout, leur succ\u00e8s est aussi le n\u00f4tre, purement et simplement.<\/p>\n","protected":false},"excerpt":{"rendered":"<p>Shemesh Automation Support dispose d&rsquo;un r\u00e9seau mondial de repr\u00e9sentants commerciaux et de sp\u00e9cialistes du service apr\u00e8s-vente pour vous offrir une assistance flexible et efficace. Shemesh Automation Support partage ses connaissances pour garantir la productivit\u00e9 maximale de vos machines et notre r\u00e9seau mondial de techniciens qualifi\u00e9s vous assure une solution rapide, o\u00f9 et quand vous en&#8230;  <a class=\"excerpt-read-more\" href=\"https:\/\/shemeshautomation.com\/fr\/assistance-et-support-technique\/\" title=\"LireShemesh Automation Support\">Lire la suite &raquo;<\/a><\/p>\n","protected":false},"author":6,"featured_media":11436,"parent":0,"menu_order":6,"comment_status":"closed","ping_status":"closed","template":"page-support.php","meta":{"_acf_changed":false,"inline_featured_image":false,"footnotes":""},"class_list":["post-11778","page","type-page","status-publish","has-post-thumbnail","hentry"],"acf":[],"yoast_head":"<!-- This site is optimized with the Yoast SEO plugin v24.5 - https:\/\/yoast.com\/wordpress\/plugins\/seo\/ -->\n<title>Equipements automatiques d&#039;embouteillage - Shemesh Automation, Global Support<\/title>\n<meta name=\"description\" content=\"Shemesh propose une assistance pour nos \u00e9quipements automatiques d&#039;embouteillage et dispose d&#039;un r\u00e9seau mondial de repr\u00e9sentants commerciaux et de sp\u00e9cialistes du service apr\u00e8s-vente pour vous aider.\" \/>\n<meta name=\"robots\" content=\"index, follow, max-snippet:-1, max-image-preview:large, max-video-preview:-1\" \/>\n<link rel=\"canonical\" href=\"https:\/\/shemeshautomation.com\/fr\/assistance-et-support-technique\/\" \/>\n<meta property=\"og:locale\" content=\"fr_FR\" \/>\n<meta property=\"og:type\" content=\"article\" \/>\n<meta property=\"og:title\" content=\"Equipements automatiques d&#039;embouteillage - Shemesh Automation, Global Support\" \/>\n<meta property=\"og:description\" content=\"Shemesh propose une assistance pour nos \u00e9quipements automatiques d&#039;embouteillage et dispose d&#039;un r\u00e9seau mondial de repr\u00e9sentants commerciaux et de sp\u00e9cialistes du service apr\u00e8s-vente pour vous aider.\" \/>\n<meta property=\"og:url\" content=\"https:\/\/shemeshautomation.com\/fr\/assistance-et-support-technique\/\" \/>\n<meta property=\"og:site_name\" content=\"Shemesh Automation\" \/>\n<meta property=\"article:modified_time\" content=\"2023-02-13T17:09:21+00:00\" \/>\n<meta property=\"og:image\" content=\"https:\/\/shemeshautomation.com\/wp-content\/uploads\/2016\/09\/support-featured-img.jpg\" \/>\n\t<meta property=\"og:image:width\" content=\"860\" \/>\n\t<meta property=\"og:image:height\" content=\"476\" \/>\n\t<meta property=\"og:image:type\" content=\"image\/jpeg\" \/>\n<meta name=\"twitter:card\" content=\"summary_large_image\" \/>\n<meta name=\"twitter:label1\" content=\"Dur\u00e9e de lecture estim\u00e9e\" \/>\n\t<meta name=\"twitter:data1\" content=\"2 minutes\" \/>\n<script type=\"application\/ld+json\" class=\"yoast-schema-graph\">{\"@context\":\"https:\/\/schema.org\",\"@graph\":[{\"@type\":\"WebPage\",\"@id\":\"https:\/\/shemeshautomation.com\/fr\/assistance-et-support-technique\/\",\"url\":\"https:\/\/shemeshautomation.com\/fr\/assistance-et-support-technique\/\",\"name\":\"Equipements automatiques d'embouteillage - Shemesh Automation, Global Support\",\"isPartOf\":{\"@id\":\"https:\/\/shemeshautomation.com\/fr\/#website\"},\"primaryImageOfPage\":{\"@id\":\"https:\/\/shemeshautomation.com\/fr\/assistance-et-support-technique\/#primaryimage\"},\"image\":{\"@id\":\"https:\/\/shemeshautomation.com\/fr\/assistance-et-support-technique\/#primaryimage\"},\"thumbnailUrl\":\"https:\/\/shemeshautomation.com\/wp-content\/uploads\/2016\/09\/support-featured-img.jpg\",\"datePublished\":\"2016-09-21T15:29:02+00:00\",\"dateModified\":\"2023-02-13T17:09:21+00:00\",\"description\":\"Shemesh propose une assistance pour nos \u00e9quipements automatiques d'embouteillage et dispose d'un r\u00e9seau mondial de repr\u00e9sentants commerciaux et de sp\u00e9cialistes du service apr\u00e8s-vente pour vous aider.\",\"breadcrumb\":{\"@id\":\"https:\/\/shemeshautomation.com\/fr\/assistance-et-support-technique\/#breadcrumb\"},\"inLanguage\":\"fr-FR\",\"potentialAction\":[{\"@type\":\"ReadAction\",\"target\":[\"https:\/\/shemeshautomation.com\/fr\/assistance-et-support-technique\/\"]}]},{\"@type\":\"ImageObject\",\"inLanguage\":\"fr-FR\",\"@id\":\"https:\/\/shemeshautomation.com\/fr\/assistance-et-support-technique\/#primaryimage\",\"url\":\"https:\/\/shemeshautomation.com\/wp-content\/uploads\/2016\/09\/support-featured-img.jpg\",\"contentUrl\":\"https:\/\/shemeshautomation.com\/wp-content\/uploads\/2016\/09\/support-featured-img.jpg\",\"width\":860,\"height\":476,\"caption\":\"Shemesh Automation fournit une assistance pour les machines d'emballage automatis\u00e9es dans le monde entier\"},{\"@type\":\"BreadcrumbList\",\"@id\":\"https:\/\/shemeshautomation.com\/fr\/assistance-et-support-technique\/#breadcrumb\",\"itemListElement\":[{\"@type\":\"ListItem\",\"position\":1,\"name\":\"Home\",\"item\":\"https:\/\/shemeshautomation.com\/fr\/\"},{\"@type\":\"ListItem\",\"position\":2,\"name\":\"Shemesh Automation Support\"}]},{\"@type\":\"WebSite\",\"@id\":\"https:\/\/shemeshautomation.com\/fr\/#website\",\"url\":\"https:\/\/shemeshautomation.com\/fr\/\",\"name\":\"Shemesh Automation\",\"description\":\"Prudent Packaging Solutions\",\"potentialAction\":[{\"@type\":\"SearchAction\",\"target\":{\"@type\":\"EntryPoint\",\"urlTemplate\":\"https:\/\/shemeshautomation.com\/fr\/?s={search_term_string}\"},\"query-input\":{\"@type\":\"PropertyValueSpecification\",\"valueRequired\":true,\"valueName\":\"search_term_string\"}}],\"inLanguage\":\"fr-FR\"}]}<\/script>\n<!-- \/ Yoast SEO plugin. -->","yoast_head_json":{"title":"Equipements automatiques d'embouteillage - Shemesh Automation, Global Support","description":"Shemesh propose une assistance pour nos \u00e9quipements automatiques d'embouteillage et dispose d'un r\u00e9seau mondial de repr\u00e9sentants commerciaux et de sp\u00e9cialistes du service apr\u00e8s-vente pour vous aider.","robots":{"index":"index","follow":"follow","max-snippet":"max-snippet:-1","max-image-preview":"max-image-preview:large","max-video-preview":"max-video-preview:-1"},"canonical":"https:\/\/shemeshautomation.com\/fr\/assistance-et-support-technique\/","og_locale":"fr_FR","og_type":"article","og_title":"Equipements automatiques d'embouteillage - Shemesh Automation, Global Support","og_description":"Shemesh propose une assistance pour nos \u00e9quipements automatiques d'embouteillage et dispose d'un r\u00e9seau mondial de repr\u00e9sentants commerciaux et de sp\u00e9cialistes du service apr\u00e8s-vente pour vous aider.","og_url":"https:\/\/shemeshautomation.com\/fr\/assistance-et-support-technique\/","og_site_name":"Shemesh Automation","article_modified_time":"2023-02-13T17:09:21+00:00","og_image":[{"width":860,"height":476,"url":"https:\/\/shemeshautomation.com\/wp-content\/uploads\/2016\/09\/support-featured-img.jpg","type":"image\/jpeg"}],"twitter_card":"summary_large_image","twitter_misc":{"Dur\u00e9e de lecture estim\u00e9e":"2 minutes"},"schema":{"@context":"https:\/\/schema.org","@graph":[{"@type":"WebPage","@id":"https:\/\/shemeshautomation.com\/fr\/assistance-et-support-technique\/","url":"https:\/\/shemeshautomation.com\/fr\/assistance-et-support-technique\/","name":"Equipements automatiques d'embouteillage - Shemesh Automation, Global Support","isPartOf":{"@id":"https:\/\/shemeshautomation.com\/fr\/#website"},"primaryImageOfPage":{"@id":"https:\/\/shemeshautomation.com\/fr\/assistance-et-support-technique\/#primaryimage"},"image":{"@id":"https:\/\/shemeshautomation.com\/fr\/assistance-et-support-technique\/#primaryimage"},"thumbnailUrl":"https:\/\/shemeshautomation.com\/wp-content\/uploads\/2016\/09\/support-featured-img.jpg","datePublished":"2016-09-21T15:29:02+00:00","dateModified":"2023-02-13T17:09:21+00:00","description":"Shemesh propose une assistance pour nos \u00e9quipements automatiques d'embouteillage et dispose d'un r\u00e9seau mondial de repr\u00e9sentants commerciaux et de sp\u00e9cialistes du service apr\u00e8s-vente pour vous aider.","breadcrumb":{"@id":"https:\/\/shemeshautomation.com\/fr\/assistance-et-support-technique\/#breadcrumb"},"inLanguage":"fr-FR","potentialAction":[{"@type":"ReadAction","target":["https:\/\/shemeshautomation.com\/fr\/assistance-et-support-technique\/"]}]},{"@type":"ImageObject","inLanguage":"fr-FR","@id":"https:\/\/shemeshautomation.com\/fr\/assistance-et-support-technique\/#primaryimage","url":"https:\/\/shemeshautomation.com\/wp-content\/uploads\/2016\/09\/support-featured-img.jpg","contentUrl":"https:\/\/shemeshautomation.com\/wp-content\/uploads\/2016\/09\/support-featured-img.jpg","width":860,"height":476,"caption":"Shemesh Automation fournit une assistance pour les machines d'emballage automatis\u00e9es dans le monde entier"},{"@type":"BreadcrumbList","@id":"https:\/\/shemeshautomation.com\/fr\/assistance-et-support-technique\/#breadcrumb","itemListElement":[{"@type":"ListItem","position":1,"name":"Home","item":"https:\/\/shemeshautomation.com\/fr\/"},{"@type":"ListItem","position":2,"name":"Shemesh Automation Support"}]},{"@type":"WebSite","@id":"https:\/\/shemeshautomation.com\/fr\/#website","url":"https:\/\/shemeshautomation.com\/fr\/","name":"Shemesh Automation","description":"Prudent Packaging Solutions","potentialAction":[{"@type":"SearchAction","target":{"@type":"EntryPoint","urlTemplate":"https:\/\/shemeshautomation.com\/fr\/?s={search_term_string}"},"query-input":{"@type":"PropertyValueSpecification","valueRequired":true,"valueName":"search_term_string"}}],"inLanguage":"fr-FR"}]}},"_links":{"self":[{"href":"https:\/\/shemeshautomation.com\/fr\/wp-json\/wp\/v2\/pages\/11778","targetHints":{"allow":["GET"]}}],"collection":[{"href":"https:\/\/shemeshautomation.com\/fr\/wp-json\/wp\/v2\/pages"}],"about":[{"href":"https:\/\/shemeshautomation.com\/fr\/wp-json\/wp\/v2\/types\/page"}],"author":[{"embeddable":true,"href":"https:\/\/shemeshautomation.com\/fr\/wp-json\/wp\/v2\/users\/6"}],"replies":[{"embeddable":true,"href":"https:\/\/shemeshautomation.com\/fr\/wp-json\/wp\/v2\/comments?post=11778"}],"version-history":[{"count":20,"href":"https:\/\/shemeshautomation.com\/fr\/wp-json\/wp\/v2\/pages\/11778\/revisions"}],"predecessor-version":[{"id":16900,"href":"https:\/\/shemeshautomation.com\/fr\/wp-json\/wp\/v2\/pages\/11778\/revisions\/16900"}],"wp:featuredmedia":[{"embeddable":true,"href":"https:\/\/shemeshautomation.com\/fr\/wp-json\/wp\/v2\/media\/11436"}],"wp:attachment":[{"href":"https:\/\/shemeshautomation.com\/fr\/wp-json\/wp\/v2\/media?parent=11778"}],"curies":[{"name":"wp","href":"https:\/\/api.w.org\/{rel}","templated":true}]}}