{"id":11751,"date":"2016-09-20T11:41:58","date_gmt":"2016-09-20T10:41:58","guid":{"rendered":"https:\/\/shemeshautomation.com\/secteurs-de-lemballage\/"},"modified":"2025-04-04T15:39:11","modified_gmt":"2025-04-04T14:39:11","slug":"secteurs-d-application","status":"publish","type":"page","link":"https:\/\/shemeshautomation.com\/fr\/secteurs-d-application\/","title":{"rendered":"SECTEURS D&rsquo;APPLICATION"},"content":{"rendered":"<p><a href=\"https:\/\/shemeshautomation.com\/fr\/nous-contacter-2\/?referred_from=\/fr\/wp-json\/wp\/v2\/pages\/11751\" target=\"_blank\" rel=\"noopener\"><img loading=\"lazy\" decoding=\"async\" class=\"size-medium wp-image-16842 alignleft\" src=\"\/wp-content\/uploads\/2024\/04\/FR-Budgetary-Quote-button.svg\" alt=\"Obtenez un devis budg\u00e9taire d\u00e8s aujourd'hui\u00a0!\" width=\"300\" height=\"87\" \/><\/a> Nous concevons, fabriquons et fournissons un support technique complet pour nos machines de remplissage et d&#8217;emballage, adapt\u00e9es \u00e0 une vaste gamme de secteurs industriels. Bien que notre service de solutions sur mesure r\u00e9ponde aux besoins de l&rsquo;ensemble de l&rsquo;industrie de l&#8217;emballage, nous sommes particuli\u00e8rement fiers de notre expertise dans l&rsquo;accompagnement des entreprises de premier plan dans les domaines suivants :<\/p>\n<h3><a href=\"https:\/\/shemeshautomation.com\/fr\/sectors\/agroalimentaire\/\">Agroalimentaire<\/a><\/a><\/h3>\n<p>Nous offrons une gamme compl\u00e8te de machines automatiques, notamment des <a href=\"https:\/\/shemeshautomation.com\/fr\/remplisseuse-de-liquides\/\">remplisseuses pour liquides<\/a>, produits secs et poudres, des scelleuses, des boucheuses, des encaisseuses, et bien d&rsquo;autres, toutes sp\u00e9cifiquement con\u00e7ues pour r\u00e9pondre aux besoins du secteur agroalimentaire.<\/p>\n<p>Avec des centaines de solutions d&rsquo;automatisation d\u00e9j\u00e0 vendues aux principaux fabricants de produits<strong>alimentaires et de boissons<\/strong> du monde entier, vous pouvez \u00eatre s\u00fbr que nos machines d&#8217;emballage vous permettront de garder une longueur d&rsquo;avance sur la concurrence.<\/p>\n<h3><a href=\"https:\/\/shemeshautomation.com\/fr\/sectors\/le-secteur-des-cosmetiques\/\"><\/a>Cosm\u00e9tiques, sant\u00e9 et beaut\u00e9<\/h3>\n<p>Que ce soit pour des <strong>machines de remplissage de shampooings<\/strong>, des <strong>lignes de scellage et de bouchage de produits cosm\u00e9tiques<\/strong>, ou des monoblocs complets pour le conditionnement de d\u00e9sinfectants pour les mains, Shemesh Automation est le leader indiscut\u00e9 en mati\u00e8re de <strong>solutions d&rsquo;automatisation pour l&rsquo;industrie cosm\u00e9tique, de la sant\u00e9 et de la beaut\u00e9<\/strong>. Notre expertise in\u00e9gal\u00e9e garantit des performances optimales pour votre production.<\/p>\n<h3><a href=\"https:\/\/shemeshautomation.com\/fr\/sectors\/pharma-et-biotech\/\"><\/a>Produits pharmaceutiques et biotech<\/a><\/h3>\n<p>R\u00e9unissez tous vos besoins en mati\u00e8re de pharmacie et de biotechnologie en un seul endroit. Chez Shemesh Automation, nous concevons des machines d&#8217;emballage sur mesure, parfaitement adapt\u00e9es aux exigences sp\u00e9cifiques de nos clients. Notre gamme compl\u00e8te de solutions, incluant le <strong>remplissage, le scellage, le bouchage et l&rsquo;\u00e9tiquetage<\/strong> pour les <strong>produits pharmaceutiques<\/strong>, int\u00e8gre les derni\u00e8res avanc\u00e9es technologiques tout en offrant la flexibilit\u00e9, la fiabilit\u00e9 et la propret\u00e9 que vous attendez d&rsquo;un leader mondial.<\/p>\n<p>Qu&rsquo;il s&rsquo;agisse de la fabrication de seringues, de capsules, de flacons ou de bouteilles, notre expertise dans le conditionnement de produits pharmaceutiques, qu&rsquo;ils soient liquides ou \u00e0 haute viscosit\u00e9, est in\u00e9gal\u00e9e. Notre vaste gamme de machines, nos solutions cl\u00e9s en main, et notre monobloc d\u00e9di\u00e9 SAMBAX pour les flacons sont minutieusement con\u00e7us pour r\u00e9pondre de mani\u00e8re pr\u00e9cise et personnalis\u00e9e \u00e0 vos besoins sp\u00e9cifiques. Pour des solutions d&#8217;emballage pharmaceutique de pointe, faites confiance \u00e0 Shemesh Automation, votre partenaire de confiance.<\/p>\n<h3><a href=\"https:\/\/shemeshautomation.com\/fr\/sectors\/pharma-et-biotech\/\"><\/a>Produits chimiques<\/h3>\n<p>Les solutions de conditionnement chimique de Shemesh offrent une technologie antid\u00e9flagrante, fiable et implacable pour pratiquement toutes les applications.<\/p>\n<p>Lorsqu&rsquo;il s&rsquo;agit de l&#8217;emballage de produits chimiques, il est essentiel de pouvoir compter sur un partenaire de confiance. Forte de plus de 30 ans d&rsquo;exp\u00e9rience, Shemesh Automation est un leader incontest\u00e9 dans le domaine des lignes de conditionnement chimique, que ce soit pour des poudres, des particules ou des liquides, quelle que soit leur viscosit\u00e9.<\/p>\n<p>Notre expertise englobe une vaste gamme de solutions, allant des <strong>machines de dosage et de remplissage<\/strong> aux <strong>machines verticales de formage, de remplissage et de scellement, en passant par le bouchage, l&rsquo;\u00e9tiquetage et bien plus encore<\/strong>. De plus, nous sommes en mesure de concevoir et de mettre en place des lignes de production cl\u00e9s en main, enti\u00e8rement personnalis\u00e9es pour r\u00e9pondre \u00e0 vos besoins sp\u00e9cifiques.<\/p>\n<p>En ce qui concerne les lingettes non tiss\u00e9es, notre branche sp\u00e9cialis\u00e9e, <a href=\"https:\/\/sawetwipes.com\/\">Shemesh Automation Wipes (SAW)<\/a>, propose une technologie cl\u00e9 en main pour la production de lingettes humides en canisters, seaux ou sachets de haute qualit\u00e9, avec une vari\u00e9t\u00e9 d&rsquo;options d&#8217;emballage. En tant que leader dans la fabrication d&rsquo;\u00e9quipements de conditionnement de bobineaux de lingettes, SAW s&rsquo;engage \u00e0 d\u00e9passer les attentes de ses clients, y compris les principaux producteurs de lingettes rondes humides, en leur offrant des lignes de production cl\u00e9s en main exceptionnelles.<\/p>\n<p>Chez Shemesh Automation, nous nous engageons \u00e0 r\u00e9pondre \u00e0 vos besoins en mati\u00e8re de conditionnement d&#8217;emballages. Vous pouvez avoir confiance en notre exp\u00e9rience et notre d\u00e9vouement pour r\u00e9ussir votre prochain projet.<\/p>\n","protected":false},"excerpt":{"rendered":"<p>Nous concevons, fabriquons et fournissons un support technique complet pour nos machines de remplissage et d&#8217;emballage, adapt\u00e9es \u00e0 une vaste gamme de secteurs industriels. Bien que notre service de solutions sur mesure r\u00e9ponde aux besoins de l&rsquo;ensemble de l&rsquo;industrie de l&#8217;emballage, nous sommes particuli\u00e8rement fiers de notre expertise dans l&rsquo;accompagnement des entreprises de premier plan&#8230;  <a class=\"excerpt-read-more\" href=\"https:\/\/shemeshautomation.com\/fr\/secteurs-d-application\/\" title=\"LireSECTEURS D&rsquo;APPLICATION\">Lire la suite &raquo;<\/a><\/p>\n","protected":false},"author":6,"featured_media":39991,"parent":0,"menu_order":3,"comment_status":"closed","ping_status":"closed","template":"page-sectors-overview.php","meta":{"_acf_changed":false,"inline_featured_image":false,"footnotes":""},"class_list":["post-11751","page","type-page","status-publish","has-post-thumbnail","hentry"],"acf":[],"yoast_head":"<!-- This site is optimized with the Yoast SEO plugin v24.5 - https:\/\/yoast.com\/wordpress\/plugins\/seo\/ -->\n<title>SECTEURS D&#039;APPLICATION - Shemesh Automation<\/title>\n<meta name=\"description\" content=\"Nous fabriquons des machines de remplissage et d&#039;emballage destin\u00e9es \u00e0 \u00eatre utilis\u00e9es sur un large \u00e9ventail de march\u00e9s verticaux, tandis que notre service de solutions personnalis\u00e9es r\u00e9pond \u00e0 tous les march\u00e9s.\" \/>\n<meta name=\"robots\" content=\"index, follow, max-snippet:-1, max-image-preview:large, max-video-preview:-1\" \/>\n<link rel=\"canonical\" href=\"https:\/\/shemeshautomation.com\/fr\/secteurs-d-application\/\" \/>\n<meta property=\"og:locale\" content=\"fr_FR\" \/>\n<meta property=\"og:type\" content=\"article\" \/>\n<meta property=\"og:title\" content=\"SECTEURS D&#039;APPLICATION - Shemesh Automation\" \/>\n<meta property=\"og:description\" content=\"Nous fabriquons des machines de remplissage et d&#039;emballage destin\u00e9es \u00e0 \u00eatre utilis\u00e9es sur un large \u00e9ventail de march\u00e9s verticaux, tandis que notre service de solutions personnalis\u00e9es r\u00e9pond \u00e0 tous les march\u00e9s.\" \/>\n<meta property=\"og:url\" content=\"https:\/\/shemeshautomation.com\/fr\/secteurs-d-application\/\" \/>\n<meta property=\"og:site_name\" content=\"Shemesh Automation\" \/>\n<meta property=\"article:modified_time\" content=\"2025-04-04T14:39:11+00:00\" \/>\n<meta property=\"og:image\" content=\"https:\/\/shemeshautomation.com\/wp-content\/uploads\/2024\/07\/Cosmetics-Production-of-plastic-dispenser-bottles2.png\" \/>\n\t<meta property=\"og:image:width\" content=\"900\" \/>\n\t<meta property=\"og:image:height\" content=\"637\" \/>\n\t<meta property=\"og:image:type\" content=\"image\/png\" \/>\n<meta name=\"twitter:card\" content=\"summary_large_image\" \/>\n<meta name=\"twitter:label1\" content=\"Dur\u00e9e de lecture estim\u00e9e\" \/>\n\t<meta name=\"twitter:data1\" content=\"8 minutes\" \/>\n<script type=\"application\/ld+json\" class=\"yoast-schema-graph\">{\"@context\":\"https:\/\/schema.org\",\"@graph\":[{\"@type\":\"WebPage\",\"@id\":\"https:\/\/shemeshautomation.com\/fr\/secteurs-d-application\/\",\"url\":\"https:\/\/shemeshautomation.com\/fr\/secteurs-d-application\/\",\"name\":\"SECTEURS D'APPLICATION - Shemesh Automation\",\"isPartOf\":{\"@id\":\"https:\/\/shemeshautomation.com\/fr\/#website\"},\"primaryImageOfPage\":{\"@id\":\"https:\/\/shemeshautomation.com\/fr\/secteurs-d-application\/#primaryimage\"},\"image\":{\"@id\":\"https:\/\/shemeshautomation.com\/fr\/secteurs-d-application\/#primaryimage\"},\"thumbnailUrl\":\"https:\/\/shemeshautomation.com\/wp-content\/uploads\/2024\/07\/Cosmetics-Production-of-plastic-dispenser-bottles2.png\",\"datePublished\":\"2016-09-20T10:41:58+00:00\",\"dateModified\":\"2025-04-04T14:39:11+00:00\",\"description\":\"Nous fabriquons des machines de remplissage et d'emballage destin\u00e9es \u00e0 \u00eatre utilis\u00e9es sur un large \u00e9ventail de march\u00e9s verticaux, tandis que notre service de solutions personnalis\u00e9es r\u00e9pond \u00e0 tous les march\u00e9s.\",\"breadcrumb\":{\"@id\":\"https:\/\/shemeshautomation.com\/fr\/secteurs-d-application\/#breadcrumb\"},\"inLanguage\":\"fr-FR\",\"potentialAction\":[{\"@type\":\"ReadAction\",\"target\":[\"https:\/\/shemeshautomation.com\/fr\/secteurs-d-application\/\"]}]},{\"@type\":\"ImageObject\",\"inLanguage\":\"fr-FR\",\"@id\":\"https:\/\/shemeshautomation.com\/fr\/secteurs-d-application\/#primaryimage\",\"url\":\"https:\/\/shemeshautomation.com\/wp-content\/uploads\/2024\/07\/Cosmetics-Production-of-plastic-dispenser-bottles2.png\",\"contentUrl\":\"https:\/\/shemeshautomation.com\/wp-content\/uploads\/2024\/07\/Cosmetics-Production-of-plastic-dispenser-bottles2.png\",\"width\":900,\"height\":637,\"caption\":\"Cosmetics Production of plastic dispenser bottles2\"},{\"@type\":\"BreadcrumbList\",\"@id\":\"https:\/\/shemeshautomation.com\/fr\/secteurs-d-application\/#breadcrumb\",\"itemListElement\":[{\"@type\":\"ListItem\",\"position\":1,\"name\":\"Home\",\"item\":\"https:\/\/shemeshautomation.com\/fr\/\"},{\"@type\":\"ListItem\",\"position\":2,\"name\":\"SECTEURS D&#8217;APPLICATION\"}]},{\"@type\":\"WebSite\",\"@id\":\"https:\/\/shemeshautomation.com\/fr\/#website\",\"url\":\"https:\/\/shemeshautomation.com\/fr\/\",\"name\":\"Shemesh Automation\",\"description\":\"Prudent Packaging Solutions\",\"potentialAction\":[{\"@type\":\"SearchAction\",\"target\":{\"@type\":\"EntryPoint\",\"urlTemplate\":\"https:\/\/shemeshautomation.com\/fr\/?s={search_term_string}\"},\"query-input\":{\"@type\":\"PropertyValueSpecification\",\"valueRequired\":true,\"valueName\":\"search_term_string\"}}],\"inLanguage\":\"fr-FR\"}]}<\/script>\n<!-- \/ Yoast SEO plugin. -->","yoast_head_json":{"title":"SECTEURS D'APPLICATION - Shemesh Automation","description":"Nous fabriquons des machines de remplissage et d'emballage destin\u00e9es \u00e0 \u00eatre utilis\u00e9es sur un large \u00e9ventail de march\u00e9s verticaux, tandis que notre service de solutions personnalis\u00e9es r\u00e9pond \u00e0 tous les march\u00e9s.","robots":{"index":"index","follow":"follow","max-snippet":"max-snippet:-1","max-image-preview":"max-image-preview:large","max-video-preview":"max-video-preview:-1"},"canonical":"https:\/\/shemeshautomation.com\/fr\/secteurs-d-application\/","og_locale":"fr_FR","og_type":"article","og_title":"SECTEURS D'APPLICATION - Shemesh Automation","og_description":"Nous fabriquons des machines de remplissage et d'emballage destin\u00e9es \u00e0 \u00eatre utilis\u00e9es sur un large \u00e9ventail de march\u00e9s verticaux, tandis que notre service de solutions personnalis\u00e9es r\u00e9pond \u00e0 tous les march\u00e9s.","og_url":"https:\/\/shemeshautomation.com\/fr\/secteurs-d-application\/","og_site_name":"Shemesh Automation","article_modified_time":"2025-04-04T14:39:11+00:00","og_image":[{"width":900,"height":637,"url":"https:\/\/shemeshautomation.com\/wp-content\/uploads\/2024\/07\/Cosmetics-Production-of-plastic-dispenser-bottles2.png","type":"image\/png"}],"twitter_card":"summary_large_image","twitter_misc":{"Dur\u00e9e de lecture estim\u00e9e":"8 minutes"},"schema":{"@context":"https:\/\/schema.org","@graph":[{"@type":"WebPage","@id":"https:\/\/shemeshautomation.com\/fr\/secteurs-d-application\/","url":"https:\/\/shemeshautomation.com\/fr\/secteurs-d-application\/","name":"SECTEURS D'APPLICATION - Shemesh Automation","isPartOf":{"@id":"https:\/\/shemeshautomation.com\/fr\/#website"},"primaryImageOfPage":{"@id":"https:\/\/shemeshautomation.com\/fr\/secteurs-d-application\/#primaryimage"},"image":{"@id":"https:\/\/shemeshautomation.com\/fr\/secteurs-d-application\/#primaryimage"},"thumbnailUrl":"https:\/\/shemeshautomation.com\/wp-content\/uploads\/2024\/07\/Cosmetics-Production-of-plastic-dispenser-bottles2.png","datePublished":"2016-09-20T10:41:58+00:00","dateModified":"2025-04-04T14:39:11+00:00","description":"Nous fabriquons des machines de remplissage et d'emballage destin\u00e9es \u00e0 \u00eatre utilis\u00e9es sur un large \u00e9ventail de march\u00e9s verticaux, tandis que notre service de solutions personnalis\u00e9es r\u00e9pond \u00e0 tous les march\u00e9s.","breadcrumb":{"@id":"https:\/\/shemeshautomation.com\/fr\/secteurs-d-application\/#breadcrumb"},"inLanguage":"fr-FR","potentialAction":[{"@type":"ReadAction","target":["https:\/\/shemeshautomation.com\/fr\/secteurs-d-application\/"]}]},{"@type":"ImageObject","inLanguage":"fr-FR","@id":"https:\/\/shemeshautomation.com\/fr\/secteurs-d-application\/#primaryimage","url":"https:\/\/shemeshautomation.com\/wp-content\/uploads\/2024\/07\/Cosmetics-Production-of-plastic-dispenser-bottles2.png","contentUrl":"https:\/\/shemeshautomation.com\/wp-content\/uploads\/2024\/07\/Cosmetics-Production-of-plastic-dispenser-bottles2.png","width":900,"height":637,"caption":"Cosmetics Production of plastic dispenser bottles2"},{"@type":"BreadcrumbList","@id":"https:\/\/shemeshautomation.com\/fr\/secteurs-d-application\/#breadcrumb","itemListElement":[{"@type":"ListItem","position":1,"name":"Home","item":"https:\/\/shemeshautomation.com\/fr\/"},{"@type":"ListItem","position":2,"name":"SECTEURS D&#8217;APPLICATION"}]},{"@type":"WebSite","@id":"https:\/\/shemeshautomation.com\/fr\/#website","url":"https:\/\/shemeshautomation.com\/fr\/","name":"Shemesh Automation","description":"Prudent Packaging Solutions","potentialAction":[{"@type":"SearchAction","target":{"@type":"EntryPoint","urlTemplate":"https:\/\/shemeshautomation.com\/fr\/?s={search_term_string}"},"query-input":{"@type":"PropertyValueSpecification","valueRequired":true,"valueName":"search_term_string"}}],"inLanguage":"fr-FR"}]}},"_links":{"self":[{"href":"https:\/\/shemeshautomation.com\/fr\/wp-json\/wp\/v2\/pages\/11751","targetHints":{"allow":["GET"]}}],"collection":[{"href":"https:\/\/shemeshautomation.com\/fr\/wp-json\/wp\/v2\/pages"}],"about":[{"href":"https:\/\/shemeshautomation.com\/fr\/wp-json\/wp\/v2\/types\/page"}],"author":[{"embeddable":true,"href":"https:\/\/shemeshautomation.com\/fr\/wp-json\/wp\/v2\/users\/6"}],"replies":[{"embeddable":true,"href":"https:\/\/shemeshautomation.com\/fr\/wp-json\/wp\/v2\/comments?post=11751"}],"version-history":[{"count":7,"href":"https:\/\/shemeshautomation.com\/fr\/wp-json\/wp\/v2\/pages\/11751\/revisions"}],"predecessor-version":[{"id":44392,"href":"https:\/\/shemeshautomation.com\/fr\/wp-json\/wp\/v2\/pages\/11751\/revisions\/44392"}],"wp:featuredmedia":[{"embeddable":true,"href":"https:\/\/shemeshautomation.com\/fr\/wp-json\/wp\/v2\/media\/39991"}],"wp:attachment":[{"href":"https:\/\/shemeshautomation.com\/fr\/wp-json\/wp\/v2\/media?parent=11751"}],"curies":[{"name":"wp","href":"https:\/\/api.w.org\/{rel}","templated":true}]}}