{"id":11747,"date":"2017-01-30T09:35:34","date_gmt":"2017-01-30T09:35:34","guid":{"rendered":"https:\/\/shemeshautomation.com\/machines-demballage-automatisees\/"},"modified":"2024-02-23T13:44:10","modified_gmt":"2024-02-23T13:44:10","slug":"equipements-automatiques","status":"publish","type":"page","link":"https:\/\/shemeshautomation.com\/fr\/equipements-automatiques\/","title":{"rendered":"\u00c9quipements automatiques"},"content":{"rendered":"<p>\u00c9voluant au sein de tous les secteurs industriels, Shemesh Automation a b\u00e2ti sa renomm\u00e9e sur des machines de conditionnement automatis\u00e9es de qualit\u00e9. Notre \u00e9quipe d&rsquo;ing\u00e9nieurs isra\u00e9liens chevronn\u00e9e, et un service client exceptionnel avec bas\u00e9 \u00e0 Londres. En plus de nos solutions fondamentales &#8211; alimentation, chargement, remplissage, bouchage, scellage, \u00e9tiquetage et la fermeture de caisses &#8211; Shemesh Automation propose des <a href=\"https:\/\/shemeshautomation.com\/fr\/machinery\/lignes-completes\/\" target=\"_blank\" rel=\"noopener\">applications cl\u00e9s en main<\/a> ainsi que des <a href=\"https:\/\/shemeshautomation.com\/fr\/machinery\/equipements-monoblocs\/\" target=\"_blank\" rel=\"noopener\">machines monoblocs<\/a> con\u00e7ues sur mesure. Nous sommes \u00e9galement leaders dans l&rsquo;industrie des lingettes humides. Notre division <a href=\"http:\/\/www.sawetwipes.com\" target=\"_blank\" rel=\"noopener\">Shemesh Automation Wet Wipes<\/a>, sp\u00e9cialis\u00e9e dans les \u00e9quipements pour le conditionnement <strong> des lingettes humides<\/strong>, est reconnue comme un pionnier mondial dans l\u2019industrie du <strong>non-tiss\u00e9<\/strong>.<\/p>\n<p>Shemesh Automation se distingue par la fabrication de <a href=\"https:\/\/shemeshautomation.com\/fr\/machinery\/gamme-principale\/remplisseuses-produits-liquides-fr\/\" target=\"_blank\" rel=\"noopener\"><strong>machines de d\u2019embouteillage<\/strong> <\/a> de premi\u00e8re qualit\u00e9, destin\u00e9es aux emballages <strong><a href=\"https:\/\/shemeshautomation.com\/fr\/machines\/encore-ensacheuse-pour-sachets-ou-doypacks\/\" target=\"_blank\" rel=\"noopener\">flexibles<\/a><\/strong> et <strong><a href=\"https:\/\/shemeshautomation.com\/fr\/machinery\/equipements-monoblocs\/emballage-rigide\/\">rigides<\/a><\/strong>. Notre gamme compl\u00e8te de syst\u00e8mes individuels et int\u00e9gr\u00e9s offre une production plus rapide, plus intelligente et plus rentable.<\/p>\n<p>Nos produits riches en fonctionnalit\u00e9s offrent une gestion rigoureuse des d\u00e9chets, un temps d&rsquo;arr\u00eat minimal, la s\u00e9curit\u00e9, la protection des produits, le contr\u00f4le qualit\u00e9, la flexibilit\u00e9 op\u00e9rationnelle et une fiabilit\u00e9 \u00e0 long terme. Nous r\u00e9alisons tout cela sous un m\u00eame toit en exploitant notre approche innovante et notre expertise en ing\u00e9nierie.<\/p>\n<p>Toute ligne d&#8217;embouteillage de haute qualit\u00e9 requiert des machines de pointe comme base. La gamme de machines fondamentales de Shemesh Automation apporte de l&rsquo;innovation \u00e0 chaque \u00e9tape, assurant une fiabilit\u00e9 sur laquelle vous pouvez compter. En tant qu&rsquo;entreprise familiale op\u00e9rant \u00e0 l&rsquo;\u00e9chelle mondiale, notre combinaison unique de talents et d&rsquo;expertise \u00e9tablit la confiance n\u00e9cessaire pour des partenariats durables. <\/p>\n<p>Forts de plus de 30 ans d&rsquo;exp\u00e9rience dans le domaine des machines d&#8217;embouteillage automatis\u00e9es, nous avons con\u00e7u des solutions de haute qualit\u00e9 pour les principaux fabricants mondiaux. Nous soutenons actuellement plus de 1400 machines r\u00e9parties dans plus de 30 pays. Shemesh Automation se distingue par sa compr\u00e9hension approfondie des besoins actuels des entreprises et par sa capacit\u00e9 exceptionnelle \u00e0 proposer des solutions de pointe pour les machines d&#8217;embouteillage de demain.<\/p>\n<p>De la gestion de l&rsquo;alimentation de vos produits et de l&#8217;emballage \u00e0 l&rsquo;utilisation d&rsquo;une encaisseuse pour caisses am\u00e9ricaines, rares sont les entreprises qui offrent l&rsquo;avantage d&rsquo;un service complet, de A \u00e0 Z, avec une qualit\u00e9 exceptionnelle. De surcro\u00eet, notre soci\u00e9t\u00e9 se distingue par l&rsquo;association exclusive d&rsquo;une haute technologie d&rsquo;origine isra\u00e9lienne, d&rsquo;un si\u00e8ge social bas\u00e9 \u00e0 Londres et du respect des normes commerciales europ\u00e9ennes.<\/p>\n<h3>Secteurs Applicables<\/h3>\n<ul>\n<li><a href=\"https:\/\/shemeshautomation.com\/fr\/sectors\/agroalimentaire\/\">Agroalimentaire<\/a><\/li>\n<li><a href=\"https:\/\/shemeshautomation.com\/fr\/sectors\/le-secteur-des-cosmetiques\/\">Cosm\u00e9tiques, Sant\u00e9 &#038; Beaut\u00e9<\/a><\/li>\n<li><a href=\"https:\/\/shemeshautomation.com\/fr\/sectors\/pharma-et-biotech\/\">Pharmacie et Biotechnologie<\/a><\/li>\n<li><a href=\"https:\/\/shemeshautomation.com\/fr\/sectors\/chimie\/\">Produits Chimiques<\/a><\/li>\n<li><a href=\"https:\/\/shemeshautomation.com\/fr\/sectors\/lingettes-non-tissees\/\">Non-tiss\u00e9<\/a><\/li>\n<\/ul>\n<h2>Types de Machines<\/h2>\n<ul>\n<li><a href=\"https:\/\/shemeshautomation.com\/fr\/machinery\/debut-de-ligne\/\">Machines de Chargement<\/a><\/li>\n<li><a href=\"https:\/\/shemeshautomation.com\/fr\/machinery\/gamme-principale\/remplisseuses-produits-liquides-fr\/\">Remplisseuses pour les produits liquides<\/a><\/li>\n<li><a href=\"https:\/\/shemeshautomation.com\/fr\/machinery\/gamme-principale\/remplisseuses-produits-secs-fr\/\">Remplisseuses pour les produits secs<\/a><\/li>\n<li><a href=\"https:\/\/shemeshautomation.com\/fr\/machinery\/gamme-principale\/etiqueteuses-automatiques-fr\/\">Scelleuses Automatiques<\/a><\/li>\n<li><a href=\"https:\/\/shemeshautomation.com\/fr\/machinery\/gamme-principale\/boucheuses-visseuses-automatique\/\">Boucheuses Visseuses<\/a><\/li>\n<li><a href=\"https:\/\/shemeshautomation.com\/fr\/machinery\/gamme-principale\/etiqueteuses-automatiques-fr\/\">Etiqueteuses<\/a><\/li>\n<\/ul>\n","protected":false},"excerpt":{"rendered":"<p>\u00c9voluant au sein de tous les secteurs industriels, Shemesh Automation a b\u00e2ti sa renomm\u00e9e sur des machines de conditionnement automatis\u00e9es de qualit\u00e9. Notre \u00e9quipe d&rsquo;ing\u00e9nieurs isra\u00e9liens chevronn\u00e9e, et un service client exceptionnel avec bas\u00e9 \u00e0 Londres. En plus de nos solutions fondamentales &#8211; alimentation, chargement, remplissage, bouchage, scellage, \u00e9tiquetage et la fermeture de caisses &#8211;&#8230;  <a class=\"excerpt-read-more\" href=\"https:\/\/shemeshautomation.com\/fr\/equipements-automatiques\/\" title=\"Lire\u00c9quipements automatiques\">Lire la suite &raquo;<\/a><\/p>\n","protected":false},"author":6,"featured_media":45359,"parent":0,"menu_order":2,"comment_status":"closed","ping_status":"closed","template":"page-machines.php","meta":{"_acf_changed":false,"inline_featured_image":false,"footnotes":""},"class_list":["post-11747","page","type-page","status-publish","has-post-thumbnail","hentry"],"acf":[],"yoast_head":"<!-- This site is optimized with the Yoast SEO plugin v24.5 - https:\/\/yoast.com\/wordpress\/plugins\/seo\/ -->\n<title>Shemesh Automation | \u00c9quipements automatiques<\/title>\n<meta name=\"description\" content=\"Machines d&#039;embouteillage automatis\u00e9es, con\u00e7ues par des ing\u00e9nieurs sp\u00e9cialis\u00e9s pour des solutions fiables r\u00e9pondant \u00e0 vos besoins.\" \/>\n<meta name=\"robots\" content=\"index, follow, max-snippet:-1, max-image-preview:large, max-video-preview:-1\" \/>\n<link rel=\"canonical\" href=\"https:\/\/shemeshautomation.com\/fr\/equipements-automatiques\/\" \/>\n<meta property=\"og:locale\" content=\"fr_FR\" \/>\n<meta property=\"og:type\" content=\"article\" \/>\n<meta property=\"og:title\" content=\"Shemesh Automation | \u00c9quipements automatiques\" \/>\n<meta property=\"og:description\" content=\"Machines d&#039;embouteillage automatis\u00e9es, con\u00e7ues par des ing\u00e9nieurs sp\u00e9cialis\u00e9s pour des solutions fiables r\u00e9pondant \u00e0 vos besoins.\" \/>\n<meta property=\"og:url\" content=\"https:\/\/shemeshautomation.com\/fr\/equipements-automatiques\/\" \/>\n<meta property=\"og:site_name\" content=\"Shemesh Automation\" \/>\n<meta property=\"article:modified_time\" content=\"2024-02-23T13:44:10+00:00\" \/>\n<meta property=\"og:image\" content=\"https:\/\/shemeshautomation.com\/wp-content\/uploads\/2017\/01\/Machinery_image.png\" \/>\n\t<meta property=\"og:image:width\" content=\"861\" \/>\n\t<meta property=\"og:image:height\" content=\"386\" \/>\n\t<meta property=\"og:image:type\" content=\"image\/png\" \/>\n<meta name=\"twitter:card\" content=\"summary_large_image\" \/>\n<meta name=\"twitter:label1\" content=\"Dur\u00e9e de lecture estim\u00e9e\" \/>\n\t<meta name=\"twitter:data1\" content=\"3 minutes\" \/>\n<script type=\"application\/ld+json\" class=\"yoast-schema-graph\">{\"@context\":\"https:\/\/schema.org\",\"@graph\":[{\"@type\":\"WebPage\",\"@id\":\"https:\/\/shemeshautomation.com\/fr\/equipements-automatiques\/\",\"url\":\"https:\/\/shemeshautomation.com\/fr\/equipements-automatiques\/\",\"name\":\"Shemesh Automation | \u00c9quipements automatiques\",\"isPartOf\":{\"@id\":\"https:\/\/shemeshautomation.com\/fr\/#website\"},\"primaryImageOfPage\":{\"@id\":\"https:\/\/shemeshautomation.com\/fr\/equipements-automatiques\/#primaryimage\"},\"image\":{\"@id\":\"https:\/\/shemeshautomation.com\/fr\/equipements-automatiques\/#primaryimage\"},\"thumbnailUrl\":\"https:\/\/shemeshautomation.com\/wp-content\/uploads\/2025\/04\/turnkey-solutions-packaging-line.jpg\",\"datePublished\":\"2017-01-30T09:35:34+00:00\",\"dateModified\":\"2024-02-23T13:44:10+00:00\",\"description\":\"Machines d'embouteillage automatis\u00e9es, con\u00e7ues par des ing\u00e9nieurs sp\u00e9cialis\u00e9s pour des solutions fiables r\u00e9pondant \u00e0 vos besoins.\",\"breadcrumb\":{\"@id\":\"https:\/\/shemeshautomation.com\/fr\/equipements-automatiques\/#breadcrumb\"},\"inLanguage\":\"fr-FR\",\"potentialAction\":[{\"@type\":\"ReadAction\",\"target\":[\"https:\/\/shemeshautomation.com\/fr\/equipements-automatiques\/\"]}]},{\"@type\":\"ImageObject\",\"inLanguage\":\"fr-FR\",\"@id\":\"https:\/\/shemeshautomation.com\/fr\/equipements-automatiques\/#primaryimage\",\"url\":\"https:\/\/shemeshautomation.com\/wp-content\/uploads\/2025\/04\/turnkey-solutions-packaging-line.jpg\",\"contentUrl\":\"https:\/\/shemeshautomation.com\/wp-content\/uploads\/2025\/04\/turnkey-solutions-packaging-line.jpg\",\"width\":800,\"height\":450,\"caption\":\"turnkey-solutions-packaging-line\"},{\"@type\":\"BreadcrumbList\",\"@id\":\"https:\/\/shemeshautomation.com\/fr\/equipements-automatiques\/#breadcrumb\",\"itemListElement\":[{\"@type\":\"ListItem\",\"position\":1,\"name\":\"Home\",\"item\":\"https:\/\/shemeshautomation.com\/fr\/\"},{\"@type\":\"ListItem\",\"position\":2,\"name\":\"\u00c9quipements automatiques\"}]},{\"@type\":\"WebSite\",\"@id\":\"https:\/\/shemeshautomation.com\/fr\/#website\",\"url\":\"https:\/\/shemeshautomation.com\/fr\/\",\"name\":\"Shemesh Automation\",\"description\":\"Prudent Packaging Solutions\",\"potentialAction\":[{\"@type\":\"SearchAction\",\"target\":{\"@type\":\"EntryPoint\",\"urlTemplate\":\"https:\/\/shemeshautomation.com\/fr\/?s={search_term_string}\"},\"query-input\":{\"@type\":\"PropertyValueSpecification\",\"valueRequired\":true,\"valueName\":\"search_term_string\"}}],\"inLanguage\":\"fr-FR\"}]}<\/script>\n<!-- \/ Yoast SEO plugin. -->","yoast_head_json":{"title":"Shemesh Automation | \u00c9quipements automatiques","description":"Machines d'embouteillage automatis\u00e9es, con\u00e7ues par des ing\u00e9nieurs sp\u00e9cialis\u00e9s pour des solutions fiables r\u00e9pondant \u00e0 vos besoins.","robots":{"index":"index","follow":"follow","max-snippet":"max-snippet:-1","max-image-preview":"max-image-preview:large","max-video-preview":"max-video-preview:-1"},"canonical":"https:\/\/shemeshautomation.com\/fr\/equipements-automatiques\/","og_locale":"fr_FR","og_type":"article","og_title":"Shemesh Automation | \u00c9quipements automatiques","og_description":"Machines d'embouteillage automatis\u00e9es, con\u00e7ues par des ing\u00e9nieurs sp\u00e9cialis\u00e9s pour des solutions fiables r\u00e9pondant \u00e0 vos besoins.","og_url":"https:\/\/shemeshautomation.com\/fr\/equipements-automatiques\/","og_site_name":"Shemesh Automation","article_modified_time":"2024-02-23T13:44:10+00:00","og_image":[{"width":861,"height":386,"url":"https:\/\/shemeshautomation.com\/wp-content\/uploads\/2017\/01\/Machinery_image.png","type":"image\/png"}],"twitter_card":"summary_large_image","twitter_misc":{"Dur\u00e9e de lecture estim\u00e9e":"3 minutes"},"schema":{"@context":"https:\/\/schema.org","@graph":[{"@type":"WebPage","@id":"https:\/\/shemeshautomation.com\/fr\/equipements-automatiques\/","url":"https:\/\/shemeshautomation.com\/fr\/equipements-automatiques\/","name":"Shemesh Automation | \u00c9quipements automatiques","isPartOf":{"@id":"https:\/\/shemeshautomation.com\/fr\/#website"},"primaryImageOfPage":{"@id":"https:\/\/shemeshautomation.com\/fr\/equipements-automatiques\/#primaryimage"},"image":{"@id":"https:\/\/shemeshautomation.com\/fr\/equipements-automatiques\/#primaryimage"},"thumbnailUrl":"https:\/\/shemeshautomation.com\/wp-content\/uploads\/2025\/04\/turnkey-solutions-packaging-line.jpg","datePublished":"2017-01-30T09:35:34+00:00","dateModified":"2024-02-23T13:44:10+00:00","description":"Machines d'embouteillage automatis\u00e9es, con\u00e7ues par des ing\u00e9nieurs sp\u00e9cialis\u00e9s pour des solutions fiables r\u00e9pondant \u00e0 vos besoins.","breadcrumb":{"@id":"https:\/\/shemeshautomation.com\/fr\/equipements-automatiques\/#breadcrumb"},"inLanguage":"fr-FR","potentialAction":[{"@type":"ReadAction","target":["https:\/\/shemeshautomation.com\/fr\/equipements-automatiques\/"]}]},{"@type":"ImageObject","inLanguage":"fr-FR","@id":"https:\/\/shemeshautomation.com\/fr\/equipements-automatiques\/#primaryimage","url":"https:\/\/shemeshautomation.com\/wp-content\/uploads\/2025\/04\/turnkey-solutions-packaging-line.jpg","contentUrl":"https:\/\/shemeshautomation.com\/wp-content\/uploads\/2025\/04\/turnkey-solutions-packaging-line.jpg","width":800,"height":450,"caption":"turnkey-solutions-packaging-line"},{"@type":"BreadcrumbList","@id":"https:\/\/shemeshautomation.com\/fr\/equipements-automatiques\/#breadcrumb","itemListElement":[{"@type":"ListItem","position":1,"name":"Home","item":"https:\/\/shemeshautomation.com\/fr\/"},{"@type":"ListItem","position":2,"name":"\u00c9quipements automatiques"}]},{"@type":"WebSite","@id":"https:\/\/shemeshautomation.com\/fr\/#website","url":"https:\/\/shemeshautomation.com\/fr\/","name":"Shemesh Automation","description":"Prudent Packaging Solutions","potentialAction":[{"@type":"SearchAction","target":{"@type":"EntryPoint","urlTemplate":"https:\/\/shemeshautomation.com\/fr\/?s={search_term_string}"},"query-input":{"@type":"PropertyValueSpecification","valueRequired":true,"valueName":"search_term_string"}}],"inLanguage":"fr-FR"}]}},"_links":{"self":[{"href":"https:\/\/shemeshautomation.com\/fr\/wp-json\/wp\/v2\/pages\/11747","targetHints":{"allow":["GET"]}}],"collection":[{"href":"https:\/\/shemeshautomation.com\/fr\/wp-json\/wp\/v2\/pages"}],"about":[{"href":"https:\/\/shemeshautomation.com\/fr\/wp-json\/wp\/v2\/types\/page"}],"author":[{"embeddable":true,"href":"https:\/\/shemeshautomation.com\/fr\/wp-json\/wp\/v2\/users\/6"}],"replies":[{"embeddable":true,"href":"https:\/\/shemeshautomation.com\/fr\/wp-json\/wp\/v2\/comments?post=11747"}],"version-history":[{"count":14,"href":"https:\/\/shemeshautomation.com\/fr\/wp-json\/wp\/v2\/pages\/11747\/revisions"}],"predecessor-version":[{"id":38511,"href":"https:\/\/shemeshautomation.com\/fr\/wp-json\/wp\/v2\/pages\/11747\/revisions\/38511"}],"wp:featuredmedia":[{"embeddable":true,"href":"https:\/\/shemeshautomation.com\/fr\/wp-json\/wp\/v2\/media\/45359"}],"wp:attachment":[{"href":"https:\/\/shemeshautomation.com\/fr\/wp-json\/wp\/v2\/media?parent=11747"}],"curies":[{"name":"wp","href":"https:\/\/api.w.org\/{rel}","templated":true}]}}