{"id":11456,"date":"2021-03-18T12:28:20","date_gmt":"2021-03-18T12:28:20","guid":{"rendered":"https:\/\/shemeshautomation.com\/remplisseuse-de-liquides\/"},"modified":"2023-02-22T12:51:03","modified_gmt":"2023-02-22T12:51:03","slug":"remplisseuse-de-liquides","status":"publish","type":"page","link":"https:\/\/shemeshautomation.com\/fr\/remplisseuse-de-liquides\/","title":{"rendered":"Remplisseuse de liquides"},"content":{"rendered":"<p><iframe loading=\"lazy\" src=\"https:\/\/player.vimeo.com\/video\/463030114\" width=\"560px\" height=\"315px\"><\/iframe><\/p>\n<h3>Remplisseuse de liquide<\/h3>\n<p>La gamme de remplisseuses de liquides de Shemesh Automation convient aux r\u00e9cipients de tous les formats et tailles les plus courants pour les industries de l&rsquo;alimentation et des boissons, des produits chimiques, des cosm\u00e9tiques et des non-tiss\u00e9s. Pour les entreprises allant des PME aux grandes multinationales, nos machines peuvent \u00eatre utilis\u00e9es pour un large \u00e9ventail d&rsquo;applications telles que l&rsquo;eau, les boissons gazeuse, l&rsquo;encre en passant par le beurre de cacahu\u00e8te, les p\u00e2tes, les cr\u00e8mes mais aussi les peintures. La gamme de remplisseuses automatiques Shemesh est con\u00e7ue pour fonctionner avec une large gamme de liquides et de substances avec un large spectre de niveaux de viscosit\u00e9.<\/p>\n<p>Avec des vitesses allant jusqu&rsquo;\u00e0 180 ppm (jusqu&rsquo;\u00e0 un volume de liquide de 500 ml), toutes les machines de notre gamme de remplisseuses de liquides sont dot\u00e9es des caract\u00e9ristiques standards suivantes :<\/p>\n<ul style=\"list-style: disc inside none;\">\n<li><a href=\"https:\/\/en.wikipedia.org\/wiki\/Industry_4.0\">Pr\u00eat pour l&rsquo;industrie 4.0<\/a><\/li>\n<li>Festo (Allemagne) pneumatique et syst\u00e8mes Servo<\/li>\n<li>Conception compl\u00e8te du SST304\/316L<\/li>\n<li>Tuyauterie approuv\u00e9e par la FDA applicable<\/li>\n<li>SIEMENS (Allemagne) PLC &amp; HMI et MOTEURS<\/li>\n<li>Capteurs BANNERS<\/li>\n<li>Les boutons d&rsquo;arr\u00eat d&rsquo;urgence et les verrouillages de s\u00e9curit\u00e9 sont c\u00e2bl\u00e9s par le contr\u00f4leur de s\u00e9curit\u00e9 CAT IV.<\/li>\n<li>Marquage CE<\/li>\n<\/ul>\n<p><center><a href=\"https:\/\/shemeshautomation.com\/contact-us\/\"><button style=\"padding: 10px 100px; background: #de2826; color: #fff; border: 1px solid #de2826; border-radius: 5px; font-weight: bold;\">NOUS CONTACTER<\/button><\/a><\/center><\/p>\n<div>Si vous ne trouvez pas de machine adapt\u00e9e dans notre gamme, notre \u00e9quipe d&rsquo;ing\u00e9nieurs est \u00e0 votre disposition pour discuter des modifications et des solutions de conception de machines sur mesure. Pour discuter de vos besoins, <a href=\"https:\/\/shemeshautomation.com\/contact-us\/\">veuillez nous contacter<\/a><\/div>\n<p>&nbsp;<\/p>\n<h3>Voir notre gamme de Remplisseuses automatiques de liquides<\/h3>\n<div style=\"background-color: grey !important;\">\n<div><a href=\"https:\/\/shemeshautomation.com\/machines\/sa-stratum-automatic-liquid-filling-machine\/\"><img decoding=\"async\" class=\"alignleft size-full wp-image-11460\" src=\"https:\/\/shemeshautomation.com\/wp-content\/uploads\/2018\/12\/Liquid-Filling-Machine-Shemesh-Automation-01.jpg\" alt=\"Remplisseuse de liquides Shemesh Automation\" width=\"270\" \/><\/a><a href=\"https:\/\/shemeshautomation.com\/machines\/xpander-round-wipes-monoblock-packaging-machine\/\"><img decoding=\"async\" class=\"alignleft size-full wp-image-11458\" src=\"https:\/\/shemeshautomation.com\/wp-content\/uploads\/2018\/12\/Liquid-Filling-Machine-Shemesh-Automation-02.jpg\" alt=\"Emballage automatis\u00e9 Shemesh Automation\" width=\"270\" \/><\/a><a href=\"https:\/\/shemeshautomation.com\/machines\/sambax-z-monoblock-packaging-machine\/\"><img decoding=\"async\" class=\"alignleft size-full wp-image-11459\" src=\"https:\/\/shemeshautomation.com\/wp-content\/uploads\/2018\/12\/Liquid-Filling-Machine-Shemesh-Automation-03.jpg\" alt=\"Remplisseuse de liquides Shemesh Automation 01\" width=\"270\" \/><\/a><\/div>\n<div><a href=\"https:\/\/shemeshautomation.com\/machines\/explosion-ex-and-corrosion-protection\/\"><img decoding=\"async\" class=\"alignleft size-full wp-image-11460\" src=\"https:\/\/shemeshautomation.com\/wp-content\/uploads\/2018\/12\/Liquid-Filling-Machine-Shemesh-Automation-04.jpg\" alt=\"Emballage automatis\u00e9 Shemesh Automation\" width=\"270\" \/><\/a><a href=\"https:\/\/shemeshautomation.com\/machines\/citadel-automated-packaging-machine\/\"><img decoding=\"async\" class=\"alignleft size-full wp-image-11461\" src=\"https:\/\/shemeshautomation.com\/wp-content\/uploads\/2018\/12\/Liquid-Filling-Machine-Shemesh-Automation-05.jpg\" alt=\"Remplisseuse de liquides Shemesh Automation 02\" width=\"270\" \/><\/a><a href=\"https:\/\/shemeshautomation.com\/machines\/encore-monoblock-packing-machine\/\"><img decoding=\"async\" class=\"alignleft size-full wp-image-11462\" src=\"https:\/\/shemeshautomation.com\/wp-content\/uploads\/2018\/12\/Liquid-Filling-Machine-Shemesh-Automation-06.jpg\" alt=\"Remplissage et conditionnement automatis\u00e9s Shemesh Automation\" width=\"270\" \/><\/a><\/div>\n<div><a href=\"https:\/\/shemeshautomation.com\/machines\/sambax\/\"><img decoding=\"async\" class=\"alignleft size-full wp-image-11463\" src=\"https:\/\/shemeshautomation.com\/wp-content\/uploads\/2018\/12\/Liquid-Filling-Machine-Shemesh-Automation-07.jpg\" alt=\"Remplisseuses de liquides Shemesh Automation 07\" width=\"270\" \/><\/a><a href=\"https:\/\/shemeshautomation.com\/machines\/xpander-2\/\"><img decoding=\"async\" class=\"alignleft size-full wp-image-11464\" src=\"https:\/\/shemeshautomation.com\/wp-content\/uploads\/2018\/12\/Liquid-Filling-Machine-Shemesh-Automation-08.jpg\" alt=\"Remplisseuse de liquides Shemesh Automation 08\" width=\"270\" \/><\/a><a href=\"https:\/\/shemeshautomation.com\/machines\/fgw120-automatic-liquid-filling-machine\/\"><img decoding=\"async\" class=\"alignleft size-full wp-image-11465\" src=\"https:\/\/shemeshautomation.com\/wp-content\/uploads\/2018\/12\/Liquid-Filling-Machine-Shemesh-Automation-09.jpg\" alt=\"Remplisseuse de liquides Shemesh Automation 09\" width=\"270\" \/><\/a><\/div>\n<\/div>\n<table style=\"border: none;\" width=\"100%\">\n<tbody>\n<tr style=\"border: none;\">\n<td style=\"border: none;\" width=\"33.3%\"><\/td>\n<td style=\"border: none;\" width=\"33.3%\"><center><a href=\"https:\/\/shemeshautomation.com\/contact-us\/\"><button style=\"width: 80%; padding: 10px 0px; background: #de2826; color: #fff; border: 1px solid #de2826; border-radius: 5px; font-weight: bold;\">NOUS CONTACTER<\/button><\/a><\/center><\/td>\n<td style=\"border: none;\" width=\"33.3%\"><\/td>\n<\/tr>\n<\/tbody>\n<\/table>\n","protected":false},"excerpt":{"rendered":"<p>Remplisseuse de liquide La gamme de remplisseuses de liquides de Shemesh Automation convient aux r\u00e9cipients de tous les formats et tailles les plus courants pour les industries de l&rsquo;alimentation et des boissons, des produits chimiques, des cosm\u00e9tiques et des non-tiss\u00e9s. Pour les entreprises allant des PME aux grandes multinationales, nos machines peuvent \u00eatre utilis\u00e9es pour&#8230;  <a class=\"excerpt-read-more\" href=\"https:\/\/shemeshautomation.com\/fr\/remplisseuse-de-liquides\/\" title=\"LireRemplisseuse de liquides\">Lire la suite &raquo;<\/a><\/p>\n","protected":false},"author":6,"featured_media":0,"parent":0,"menu_order":0,"comment_status":"closed","ping_status":"closed","template":"page-fullwidth.php","meta":{"_acf_changed":false,"inline_featured_image":false,"footnotes":""},"class_list":["post-11456","page","type-page","status-publish","hentry"],"acf":[],"yoast_head":"<!-- This site is optimized with the Yoast SEO plugin v24.5 - https:\/\/yoast.com\/wordpress\/plugins\/seo\/ -->\n<title>Remplisseuse de liquides - Toutes Industries - Shemesh Automation<\/title>\n<meta name=\"description\" content=\"La gamme de remplisseuses de liquides fabriqu\u00e9es par Shemesh Automation convient aux r\u00e9cipients de tous les formats et tailles les plus courants.\" \/>\n<meta name=\"robots\" content=\"index, follow, max-snippet:-1, max-image-preview:large, max-video-preview:-1\" \/>\n<link rel=\"canonical\" href=\"https:\/\/shemeshautomation.com\/fr\/remplisseuse-de-liquides\/\" \/>\n<meta property=\"og:locale\" content=\"fr_FR\" \/>\n<meta property=\"og:type\" content=\"article\" \/>\n<meta property=\"og:title\" content=\"Remplisseuse de liquides - Toutes Industries - Shemesh Automation\" \/>\n<meta property=\"og:description\" content=\"La gamme de remplisseuses de liquides fabriqu\u00e9es par Shemesh Automation convient aux r\u00e9cipients de tous les formats et tailles les plus courants.\" \/>\n<meta property=\"og:url\" content=\"https:\/\/shemeshautomation.com\/fr\/remplisseuse-de-liquides\/\" \/>\n<meta property=\"og:site_name\" content=\"Shemesh Automation\" \/>\n<meta property=\"article:modified_time\" content=\"2023-02-22T12:51:03+00:00\" \/>\n<meta property=\"og:image\" content=\"https:\/\/shemeshautomation.com\/wp-content\/uploads\/2018\/12\/Liquid-Filling-Machine-Shemesh-Automation-01.jpg\" \/>\n<meta name=\"twitter:card\" content=\"summary_large_image\" \/>\n<meta name=\"twitter:label1\" content=\"Dur\u00e9e de lecture estim\u00e9e\" \/>\n\t<meta name=\"twitter:data1\" content=\"3 minutes\" \/>\n<script type=\"application\/ld+json\" class=\"yoast-schema-graph\">{\"@context\":\"https:\/\/schema.org\",\"@graph\":[{\"@type\":\"WebPage\",\"@id\":\"https:\/\/shemeshautomation.com\/fr\/remplisseuse-de-liquides\/\",\"url\":\"https:\/\/shemeshautomation.com\/fr\/remplisseuse-de-liquides\/\",\"name\":\"Remplisseuse de liquides - Toutes Industries - Shemesh Automation\",\"isPartOf\":{\"@id\":\"https:\/\/shemeshautomation.com\/fr\/#website\"},\"primaryImageOfPage\":{\"@id\":\"https:\/\/shemeshautomation.com\/fr\/remplisseuse-de-liquides\/#primaryimage\"},\"image\":{\"@id\":\"https:\/\/shemeshautomation.com\/fr\/remplisseuse-de-liquides\/#primaryimage\"},\"thumbnailUrl\":\"https:\/\/shemeshautomation.com\/wp-content\/uploads\/2018\/12\/Liquid-Filling-Machine-Shemesh-Automation-01.jpg\",\"datePublished\":\"2021-03-18T12:28:20+00:00\",\"dateModified\":\"2023-02-22T12:51:03+00:00\",\"description\":\"La gamme de remplisseuses de liquides fabriqu\u00e9es par Shemesh Automation convient aux r\u00e9cipients de tous les formats et tailles les plus courants.\",\"breadcrumb\":{\"@id\":\"https:\/\/shemeshautomation.com\/fr\/remplisseuse-de-liquides\/#breadcrumb\"},\"inLanguage\":\"fr-FR\",\"potentialAction\":[{\"@type\":\"ReadAction\",\"target\":[\"https:\/\/shemeshautomation.com\/fr\/remplisseuse-de-liquides\/\"]}]},{\"@type\":\"ImageObject\",\"inLanguage\":\"fr-FR\",\"@id\":\"https:\/\/shemeshautomation.com\/fr\/remplisseuse-de-liquides\/#primaryimage\",\"url\":\"https:\/\/shemeshautomation.com\/wp-content\/uploads\/2018\/12\/Liquid-Filling-Machine-Shemesh-Automation-01.jpg\",\"contentUrl\":\"https:\/\/shemeshautomation.com\/wp-content\/uploads\/2018\/12\/Liquid-Filling-Machine-Shemesh-Automation-01.jpg\"},{\"@type\":\"BreadcrumbList\",\"@id\":\"https:\/\/shemeshautomation.com\/fr\/remplisseuse-de-liquides\/#breadcrumb\",\"itemListElement\":[{\"@type\":\"ListItem\",\"position\":1,\"name\":\"Home\",\"item\":\"https:\/\/shemeshautomation.com\/fr\/\"},{\"@type\":\"ListItem\",\"position\":2,\"name\":\"Remplisseuse de liquides\"}]},{\"@type\":\"WebSite\",\"@id\":\"https:\/\/shemeshautomation.com\/fr\/#website\",\"url\":\"https:\/\/shemeshautomation.com\/fr\/\",\"name\":\"Shemesh Automation\",\"description\":\"Prudent Packaging Solutions\",\"potentialAction\":[{\"@type\":\"SearchAction\",\"target\":{\"@type\":\"EntryPoint\",\"urlTemplate\":\"https:\/\/shemeshautomation.com\/fr\/?s={search_term_string}\"},\"query-input\":{\"@type\":\"PropertyValueSpecification\",\"valueRequired\":true,\"valueName\":\"search_term_string\"}}],\"inLanguage\":\"fr-FR\"}]}<\/script>\n<!-- \/ Yoast SEO plugin. -->","yoast_head_json":{"title":"Remplisseuse de liquides - Toutes Industries - Shemesh Automation","description":"La gamme de remplisseuses de liquides fabriqu\u00e9es par Shemesh Automation convient aux r\u00e9cipients de tous les formats et tailles les plus courants.","robots":{"index":"index","follow":"follow","max-snippet":"max-snippet:-1","max-image-preview":"max-image-preview:large","max-video-preview":"max-video-preview:-1"},"canonical":"https:\/\/shemeshautomation.com\/fr\/remplisseuse-de-liquides\/","og_locale":"fr_FR","og_type":"article","og_title":"Remplisseuse de liquides - Toutes Industries - Shemesh Automation","og_description":"La gamme de remplisseuses de liquides fabriqu\u00e9es par Shemesh Automation convient aux r\u00e9cipients de tous les formats et tailles les plus courants.","og_url":"https:\/\/shemeshautomation.com\/fr\/remplisseuse-de-liquides\/","og_site_name":"Shemesh Automation","article_modified_time":"2023-02-22T12:51:03+00:00","og_image":[{"url":"https:\/\/shemeshautomation.com\/wp-content\/uploads\/2018\/12\/Liquid-Filling-Machine-Shemesh-Automation-01.jpg","type":"","width":"","height":""}],"twitter_card":"summary_large_image","twitter_misc":{"Dur\u00e9e de lecture estim\u00e9e":"3 minutes"},"schema":{"@context":"https:\/\/schema.org","@graph":[{"@type":"WebPage","@id":"https:\/\/shemeshautomation.com\/fr\/remplisseuse-de-liquides\/","url":"https:\/\/shemeshautomation.com\/fr\/remplisseuse-de-liquides\/","name":"Remplisseuse de liquides - Toutes Industries - Shemesh Automation","isPartOf":{"@id":"https:\/\/shemeshautomation.com\/fr\/#website"},"primaryImageOfPage":{"@id":"https:\/\/shemeshautomation.com\/fr\/remplisseuse-de-liquides\/#primaryimage"},"image":{"@id":"https:\/\/shemeshautomation.com\/fr\/remplisseuse-de-liquides\/#primaryimage"},"thumbnailUrl":"https:\/\/shemeshautomation.com\/wp-content\/uploads\/2018\/12\/Liquid-Filling-Machine-Shemesh-Automation-01.jpg","datePublished":"2021-03-18T12:28:20+00:00","dateModified":"2023-02-22T12:51:03+00:00","description":"La gamme de remplisseuses de liquides fabriqu\u00e9es par Shemesh Automation convient aux r\u00e9cipients de tous les formats et tailles les plus courants.","breadcrumb":{"@id":"https:\/\/shemeshautomation.com\/fr\/remplisseuse-de-liquides\/#breadcrumb"},"inLanguage":"fr-FR","potentialAction":[{"@type":"ReadAction","target":["https:\/\/shemeshautomation.com\/fr\/remplisseuse-de-liquides\/"]}]},{"@type":"ImageObject","inLanguage":"fr-FR","@id":"https:\/\/shemeshautomation.com\/fr\/remplisseuse-de-liquides\/#primaryimage","url":"https:\/\/shemeshautomation.com\/wp-content\/uploads\/2018\/12\/Liquid-Filling-Machine-Shemesh-Automation-01.jpg","contentUrl":"https:\/\/shemeshautomation.com\/wp-content\/uploads\/2018\/12\/Liquid-Filling-Machine-Shemesh-Automation-01.jpg"},{"@type":"BreadcrumbList","@id":"https:\/\/shemeshautomation.com\/fr\/remplisseuse-de-liquides\/#breadcrumb","itemListElement":[{"@type":"ListItem","position":1,"name":"Home","item":"https:\/\/shemeshautomation.com\/fr\/"},{"@type":"ListItem","position":2,"name":"Remplisseuse de liquides"}]},{"@type":"WebSite","@id":"https:\/\/shemeshautomation.com\/fr\/#website","url":"https:\/\/shemeshautomation.com\/fr\/","name":"Shemesh Automation","description":"Prudent Packaging Solutions","potentialAction":[{"@type":"SearchAction","target":{"@type":"EntryPoint","urlTemplate":"https:\/\/shemeshautomation.com\/fr\/?s={search_term_string}"},"query-input":{"@type":"PropertyValueSpecification","valueRequired":true,"valueName":"search_term_string"}}],"inLanguage":"fr-FR"}]}},"_links":{"self":[{"href":"https:\/\/shemeshautomation.com\/fr\/wp-json\/wp\/v2\/pages\/11456","targetHints":{"allow":["GET"]}}],"collection":[{"href":"https:\/\/shemeshautomation.com\/fr\/wp-json\/wp\/v2\/pages"}],"about":[{"href":"https:\/\/shemeshautomation.com\/fr\/wp-json\/wp\/v2\/types\/page"}],"author":[{"embeddable":true,"href":"https:\/\/shemeshautomation.com\/fr\/wp-json\/wp\/v2\/users\/6"}],"replies":[{"embeddable":true,"href":"https:\/\/shemeshautomation.com\/fr\/wp-json\/wp\/v2\/comments?post=11456"}],"version-history":[{"count":1,"href":"https:\/\/shemeshautomation.com\/fr\/wp-json\/wp\/v2\/pages\/11456\/revisions"}],"predecessor-version":[{"id":17209,"href":"https:\/\/shemeshautomation.com\/fr\/wp-json\/wp\/v2\/pages\/11456\/revisions\/17209"}],"wp:attachment":[{"href":"https:\/\/shemeshautomation.com\/fr\/wp-json\/wp\/v2\/media?parent=11456"}],"curies":[{"name":"wp","href":"https:\/\/api.w.org\/{rel}","templated":true}]}}