{"id":11446,"date":"2021-03-18T12:29:57","date_gmt":"2021-03-18T12:29:57","guid":{"rendered":"https:\/\/shemeshautomation.com\/scelleuse\/"},"modified":"2021-03-18T12:29:57","modified_gmt":"2021-03-18T12:29:57","slug":"scelleuse","status":"publish","type":"page","link":"https:\/\/shemeshautomation.com\/fr\/scelleuse\/","title":{"rendered":"Scelleuse automatique"},"content":{"rendered":"<p><iframe loading=\"lazy\" width=\"560px\" height=\"315px\" src=\"https:\/\/player.vimeo.com\/video\/247495686\"><\/iframe><\/p>\n<h2>Scelleuse automatique<\/h2>\n<p>SEALPRO est le nom donn\u00e9 \u00e0 la pi\u00e8ce ma\u00eetresse de<a href=\"\/machines\/sa-sealpro-sealing-machine\/\">la gamme de scelleuses automatiques<\/a> de Shemesh.<\/p>\n<p>La SEALPRO est <a href=\"\/machines\/sa-sealpro-sealing-machine\/\">la thermoscelleuse automatique la plus avanc\u00e9e<\/a> de son genre sur le march\u00e9 actuel. Elle d\u00e9coupe le lamin\u00e9 de scellage en fonction de la taille de votre produit et le scelle par conduction avec pr\u00e9cision en position. Elle offre six t\u00eates de soudage \u00e0 temp\u00e9rature contr\u00f4l\u00e9e individuellement, int\u00e9gr\u00e9es dans un bloc de scellement robuste permettant une application constante de la chaleur pour garantir un scellement parfait.<\/p>\n<p>Shemesh Automation propose \u00e9galement une large gamme de machines polyvalentes et enti\u00e8rement programmables pour le scellage, le scellage-remplissage ou le scellage-remplissage-capuchon, en configuration en ligne ou monobloc, avec des d\u00e9bits compris entre 1 000 et 12 000 pph.<\/p>\n<p>Les scelleuses sont propos\u00e9es soit comme solution Cut &amp; Seal, qui coupe et scelle le film \u00e0 partir d&rsquo;une bobine, soit comme solution Seal Only, qui utilise des couvercles pr\u00e9d\u00e9coup\u00e9s.<\/p>\n<p>Les produits peuvent \u00eatre des gobelets (en PS, PP, PET, APET CPET, aluminium et carton accoupl\u00e9), des plateaux, des sacs ou des contenants (en plastique, verre et m\u00e9tal).<\/p>\n<p>Des solutions sont disponibles pour le scellage seul ou avec des installations de vide\/gaz pour prolonger la dur\u00e9e de conservation du produit.<\/p>\n<p>Un syst\u00e8me de contr\u00f4le de qualit\u00e9 int\u00e9gr\u00e9 pour les options de scellage sous vide OUI\/NON ou total est \u00e9galement disponible.<\/p>\n<p>La thermoscelleuse SA SEALPRO de Shemesh Automation a d\u00e9j\u00e0 \u00e9t\u00e9 vendue \u00e0 des fabricants leaders dans les secteurs de l&#8217;emballage des non-tiss\u00e9s, des aliments et des boissons, des produits chimiques, des produits de sant\u00e9 et de beaut\u00e9 ainsi que de l&#8217;emballage des produits pharmaceutiques.<br \/>\n<center><a href=\"https:\/\/shemeshautomation.com\/contact-us\/\"><button style=\"padding: 10px 100px; background: #de2826; color: #fff; border: 1px solid #de2826; border-radius: 5px; font-weight: bold;\">NOUS CONTACTER<\/button><\/a><\/center><\/p>\n<h2>Sp\u00e9cifications standard<\/h2>\n<p>Toutes les machines de la gamme Shemesh sont livr\u00e9es avec les sp\u00e9cifications standards suivantes :<\/p>\n<ul style=\"list-style: disc inside none;\">\n<li>FESTO (Allemagne) pneumatique et syst\u00e8mes servo<\/li>\n<li>Conception compl\u00e8te du SST304\/316L<\/li>\n<li>Tuyauterie approuv\u00e9e par la FDA applicable<\/li>\n<li>SIEMENS (Allemagne) PLC, HMI et MOTEURS<\/li>\n<li>Capteurs BANNERS<\/li>\n<li>Boutons d&rsquo;arr\u00eat d&rsquo;urgence et verrouillages de s\u00e9curit\u00e9 c\u00e2bl\u00e9s par un contr\u00f4leur de s\u00e9curit\u00e9 CAT IV.<\/li>\n<li>Marquage CE<\/li>\n<li><a href=\"https:\/\/www.forbes.com\/sites\/bernardmarr\/2018\/09\/02\/what-is-industry-4-0-heres-a-super-easy-explanation-for-anyone\/\">Pr\u00eat pour l&rsquo;industrie 4.0<\/a><\/li>\n<\/ul>\n<p><a href=\"\/contact-us\/\">Contactez nous<\/a> pour plus d&rsquo;informations sur la <a href=\"\/machines\/sa-sealpro-sealing-machine\/\">SEALPRO<\/a> ou pour un devis d\u00e9taill\u00e9 et laissez nous construire votre vision !<br \/>\n<\/p>\n<h3>Voir notre gamme de scelleuses automatis\u00e9es<\/h3>\n<div style=\"background-color: grey !important;\">\n<div><a href=\"https:\/\/shemeshautomation.com\/machines\/sa-sealpro-sealing-machine\/\"><img decoding=\"async\" class=\"alignleft size-full wp-image-2062\" src=\"https:\/\/shemeshautomation.com\/wp-content\/uploads\/2021\/03\/SA-Sealpro-Sealing-Machine-Shemesh-Automation-1.jpg\" alt=\"Scelleuse automatis\u00e9e Shemesh Automation\" width=\"270\"><\/a><a href=\"https:\/\/shemeshautomation.com\/machines\/explosion-ex-and-corrosion-protection\/\"><img decoding=\"async\" class=\"alignleft size-full wp-image-2062\" src=\"https:\/\/shemeshautomation.com\/wp-content\/uploads\/2021\/03\/SA-Sealpro-Sealing-Machine-Shemesh-Automation-2.jpg\" alt=\"Scelleuse automatis\u00e9e Shemesh Automation 01\" width=\"270\"><\/a><\/div>\n<\/div>\n<table width=\"100%\" style=\"border: none;\">\n<tr style=\"border: none;\">\n<td width=\"33.3%\" style=\"border: none;\"><\/td>\n<td width=\"33.3%\" style=\"border: none;\"><center><a href=\"https:\/\/shemeshautomation.com\/contact-us\/\"><button style=\"width: 80%; padding: 10px 0px; background: #de2826; color: #fff; border: 1px solid #de2826; border-radius: 5px; font-weight: bold;\">NOUS CONTACTER<\/button><\/a><\/center><\/td>\n<td width=\"33.3%\" style=\"border: none;\"><\/td>\n<\/tr>\n<\/table>\n","protected":false},"excerpt":{"rendered":"<p>Scelleuse automatique SEALPRO est le nom donn\u00e9 \u00e0 la pi\u00e8ce ma\u00eetresse dela gamme de scelleuses automatiques de Shemesh. La SEALPRO est la thermoscelleuse automatique la plus avanc\u00e9e de son genre sur le march\u00e9 actuel. Elle d\u00e9coupe le lamin\u00e9 de scellage en fonction de la taille de votre produit et le scelle par conduction avec pr\u00e9cision&#8230;  <a class=\"excerpt-read-more\" href=\"https:\/\/shemeshautomation.com\/fr\/scelleuse\/\" title=\"LireScelleuse automatique\">Lire la suite &raquo;<\/a><\/p>\n","protected":false},"author":6,"featured_media":0,"parent":0,"menu_order":0,"comment_status":"closed","ping_status":"closed","template":"page-fullwidth.php","meta":{"_acf_changed":false,"inline_featured_image":false,"footnotes":""},"class_list":["post-11446","page","type-page","status-publish","hentry"],"acf":[],"yoast_head":"<!-- This site is optimized with the Yoast SEO plugin v24.5 - https:\/\/yoast.com\/wordpress\/plugins\/seo\/ -->\n<title>Scelleuse - Gamme Sealpro - Shemesh Automation<\/title>\n<meta name=\"description\" content=\"La scelleuse automatique la plus avanc\u00e9e du march\u00e9 actuel, avec un contr\u00f4le de qualit\u00e9 int\u00e9gr\u00e9 pour les options de scellage sous vide OUI\/NON ou total sont \u00e9galement disponibles.\" \/>\n<meta name=\"robots\" content=\"index, follow, max-snippet:-1, max-image-preview:large, max-video-preview:-1\" \/>\n<link rel=\"canonical\" href=\"https:\/\/shemeshautomation.com\/fr\/scelleuse\/\" \/>\n<meta property=\"og:locale\" content=\"fr_FR\" \/>\n<meta property=\"og:type\" content=\"article\" \/>\n<meta property=\"og:title\" content=\"Scelleuse - Gamme Sealpro - Shemesh Automation\" \/>\n<meta property=\"og:description\" content=\"La scelleuse automatique la plus avanc\u00e9e du march\u00e9 actuel, avec un contr\u00f4le de qualit\u00e9 int\u00e9gr\u00e9 pour les options de scellage sous vide OUI\/NON ou total sont \u00e9galement disponibles.\" \/>\n<meta property=\"og:url\" content=\"https:\/\/shemeshautomation.com\/fr\/scelleuse\/\" \/>\n<meta property=\"og:site_name\" content=\"Shemesh Automation\" \/>\n<meta property=\"og:image\" content=\"https:\/\/shemeshautomation.com\/wp-content\/uploads\/2021\/03\/SA-Sealpro-Sealing-Machine-Shemesh-Automation-1.jpg\" \/>\n<meta name=\"twitter:card\" content=\"summary_large_image\" \/>\n<meta name=\"twitter:label1\" content=\"Dur\u00e9e de lecture estim\u00e9e\" \/>\n\t<meta name=\"twitter:data1\" content=\"2 minutes\" \/>\n<script type=\"application\/ld+json\" class=\"yoast-schema-graph\">{\"@context\":\"https:\/\/schema.org\",\"@graph\":[{\"@type\":\"WebPage\",\"@id\":\"https:\/\/shemeshautomation.com\/fr\/scelleuse\/\",\"url\":\"https:\/\/shemeshautomation.com\/fr\/scelleuse\/\",\"name\":\"Scelleuse - Gamme Sealpro - Shemesh Automation\",\"isPartOf\":{\"@id\":\"https:\/\/shemeshautomation.com\/fr\/#website\"},\"primaryImageOfPage\":{\"@id\":\"https:\/\/shemeshautomation.com\/fr\/scelleuse\/#primaryimage\"},\"image\":{\"@id\":\"https:\/\/shemeshautomation.com\/fr\/scelleuse\/#primaryimage\"},\"thumbnailUrl\":\"https:\/\/shemeshautomation.com\/wp-content\/uploads\/2021\/03\/SA-Sealpro-Sealing-Machine-Shemesh-Automation-1.jpg\",\"datePublished\":\"2021-03-18T12:29:57+00:00\",\"description\":\"La scelleuse automatique la plus avanc\u00e9e du march\u00e9 actuel, avec un contr\u00f4le de qualit\u00e9 int\u00e9gr\u00e9 pour les options de scellage sous vide OUI\/NON ou total sont \u00e9galement disponibles.\",\"breadcrumb\":{\"@id\":\"https:\/\/shemeshautomation.com\/fr\/scelleuse\/#breadcrumb\"},\"inLanguage\":\"fr-FR\",\"potentialAction\":[{\"@type\":\"ReadAction\",\"target\":[\"https:\/\/shemeshautomation.com\/fr\/scelleuse\/\"]}]},{\"@type\":\"ImageObject\",\"inLanguage\":\"fr-FR\",\"@id\":\"https:\/\/shemeshautomation.com\/fr\/scelleuse\/#primaryimage\",\"url\":\"https:\/\/shemeshautomation.com\/wp-content\/uploads\/2021\/03\/SA-Sealpro-Sealing-Machine-Shemesh-Automation-1.jpg\",\"contentUrl\":\"https:\/\/shemeshautomation.com\/wp-content\/uploads\/2021\/03\/SA-Sealpro-Sealing-Machine-Shemesh-Automation-1.jpg\"},{\"@type\":\"BreadcrumbList\",\"@id\":\"https:\/\/shemeshautomation.com\/fr\/scelleuse\/#breadcrumb\",\"itemListElement\":[{\"@type\":\"ListItem\",\"position\":1,\"name\":\"Home\",\"item\":\"https:\/\/shemeshautomation.com\/fr\/\"},{\"@type\":\"ListItem\",\"position\":2,\"name\":\"Scelleuse automatique\"}]},{\"@type\":\"WebSite\",\"@id\":\"https:\/\/shemeshautomation.com\/fr\/#website\",\"url\":\"https:\/\/shemeshautomation.com\/fr\/\",\"name\":\"Shemesh Automation\",\"description\":\"Prudent Packaging Solutions\",\"potentialAction\":[{\"@type\":\"SearchAction\",\"target\":{\"@type\":\"EntryPoint\",\"urlTemplate\":\"https:\/\/shemeshautomation.com\/fr\/?s={search_term_string}\"},\"query-input\":{\"@type\":\"PropertyValueSpecification\",\"valueRequired\":true,\"valueName\":\"search_term_string\"}}],\"inLanguage\":\"fr-FR\"}]}<\/script>\n<!-- \/ Yoast SEO plugin. -->","yoast_head_json":{"title":"Scelleuse - Gamme Sealpro - Shemesh Automation","description":"La scelleuse automatique la plus avanc\u00e9e du march\u00e9 actuel, avec un contr\u00f4le de qualit\u00e9 int\u00e9gr\u00e9 pour les options de scellage sous vide OUI\/NON ou total sont \u00e9galement disponibles.","robots":{"index":"index","follow":"follow","max-snippet":"max-snippet:-1","max-image-preview":"max-image-preview:large","max-video-preview":"max-video-preview:-1"},"canonical":"https:\/\/shemeshautomation.com\/fr\/scelleuse\/","og_locale":"fr_FR","og_type":"article","og_title":"Scelleuse - Gamme Sealpro - Shemesh Automation","og_description":"La scelleuse automatique la plus avanc\u00e9e du march\u00e9 actuel, avec un contr\u00f4le de qualit\u00e9 int\u00e9gr\u00e9 pour les options de scellage sous vide OUI\/NON ou total sont \u00e9galement disponibles.","og_url":"https:\/\/shemeshautomation.com\/fr\/scelleuse\/","og_site_name":"Shemesh Automation","og_image":[{"url":"https:\/\/shemeshautomation.com\/wp-content\/uploads\/2021\/03\/SA-Sealpro-Sealing-Machine-Shemesh-Automation-1.jpg","type":"","width":"","height":""}],"twitter_card":"summary_large_image","twitter_misc":{"Dur\u00e9e de lecture estim\u00e9e":"2 minutes"},"schema":{"@context":"https:\/\/schema.org","@graph":[{"@type":"WebPage","@id":"https:\/\/shemeshautomation.com\/fr\/scelleuse\/","url":"https:\/\/shemeshautomation.com\/fr\/scelleuse\/","name":"Scelleuse - Gamme Sealpro - Shemesh Automation","isPartOf":{"@id":"https:\/\/shemeshautomation.com\/fr\/#website"},"primaryImageOfPage":{"@id":"https:\/\/shemeshautomation.com\/fr\/scelleuse\/#primaryimage"},"image":{"@id":"https:\/\/shemeshautomation.com\/fr\/scelleuse\/#primaryimage"},"thumbnailUrl":"https:\/\/shemeshautomation.com\/wp-content\/uploads\/2021\/03\/SA-Sealpro-Sealing-Machine-Shemesh-Automation-1.jpg","datePublished":"2021-03-18T12:29:57+00:00","description":"La scelleuse automatique la plus avanc\u00e9e du march\u00e9 actuel, avec un contr\u00f4le de qualit\u00e9 int\u00e9gr\u00e9 pour les options de scellage sous vide OUI\/NON ou total sont \u00e9galement disponibles.","breadcrumb":{"@id":"https:\/\/shemeshautomation.com\/fr\/scelleuse\/#breadcrumb"},"inLanguage":"fr-FR","potentialAction":[{"@type":"ReadAction","target":["https:\/\/shemeshautomation.com\/fr\/scelleuse\/"]}]},{"@type":"ImageObject","inLanguage":"fr-FR","@id":"https:\/\/shemeshautomation.com\/fr\/scelleuse\/#primaryimage","url":"https:\/\/shemeshautomation.com\/wp-content\/uploads\/2021\/03\/SA-Sealpro-Sealing-Machine-Shemesh-Automation-1.jpg","contentUrl":"https:\/\/shemeshautomation.com\/wp-content\/uploads\/2021\/03\/SA-Sealpro-Sealing-Machine-Shemesh-Automation-1.jpg"},{"@type":"BreadcrumbList","@id":"https:\/\/shemeshautomation.com\/fr\/scelleuse\/#breadcrumb","itemListElement":[{"@type":"ListItem","position":1,"name":"Home","item":"https:\/\/shemeshautomation.com\/fr\/"},{"@type":"ListItem","position":2,"name":"Scelleuse automatique"}]},{"@type":"WebSite","@id":"https:\/\/shemeshautomation.com\/fr\/#website","url":"https:\/\/shemeshautomation.com\/fr\/","name":"Shemesh Automation","description":"Prudent Packaging Solutions","potentialAction":[{"@type":"SearchAction","target":{"@type":"EntryPoint","urlTemplate":"https:\/\/shemeshautomation.com\/fr\/?s={search_term_string}"},"query-input":{"@type":"PropertyValueSpecification","valueRequired":true,"valueName":"search_term_string"}}],"inLanguage":"fr-FR"}]}},"_links":{"self":[{"href":"https:\/\/shemeshautomation.com\/fr\/wp-json\/wp\/v2\/pages\/11446","targetHints":{"allow":["GET"]}}],"collection":[{"href":"https:\/\/shemeshautomation.com\/fr\/wp-json\/wp\/v2\/pages"}],"about":[{"href":"https:\/\/shemeshautomation.com\/fr\/wp-json\/wp\/v2\/types\/page"}],"author":[{"embeddable":true,"href":"https:\/\/shemeshautomation.com\/fr\/wp-json\/wp\/v2\/users\/6"}],"replies":[{"embeddable":true,"href":"https:\/\/shemeshautomation.com\/fr\/wp-json\/wp\/v2\/comments?post=11446"}],"version-history":[{"count":0,"href":"https:\/\/shemeshautomation.com\/fr\/wp-json\/wp\/v2\/pages\/11446\/revisions"}],"wp:attachment":[{"href":"https:\/\/shemeshautomation.com\/fr\/wp-json\/wp\/v2\/media?parent=11446"}],"curies":[{"name":"wp","href":"https:\/\/api.w.org\/{rel}","templated":true}]}}