{"id":11444,"date":"2021-03-18T12:30:41","date_gmt":"2021-03-18T12:30:41","guid":{"rendered":"https:\/\/shemeshautomation.com\/boucheuse-visseuse\/"},"modified":"2023-02-08T12:33:26","modified_gmt":"2023-02-08T12:33:26","slug":"boucheuse-visseuse","status":"publish","type":"page","link":"https:\/\/shemeshautomation.com\/fr\/boucheuse-visseuse\/","title":{"rendered":"Boucheuse Visseuse automatis\u00e9e"},"content":{"rendered":"<p><iframe loading=\"lazy\" src=\"https:\/\/player.vimeo.com\/video\/382395767\" width=\"560px\" height=\"315px\"><\/iframe><\/p>\n<h2>Boucheuse Visseuse automatis\u00e9e<\/h2>\n<p>La gamme automatis\u00e9e de machines de bouchage et vissage de Shemesh Automation est con\u00e7ue sp\u00e9cifiquement pour r\u00e9pondre aux besoins de bouchage dans les secteurs de l&rsquo;alimentation et des boissons, des produits pharmaceutiques, de la chimie, de la cosm\u00e9tique et des non-tiss\u00e9s.<\/p>\n<p>Quel que soit votre type de produit, Shemesh Automation poss\u00e8de une solution de bouchage adapt\u00e9e pour vous.<\/p>\n<h3><a href=\"https:\/\/shemeshautomation.com\/machines\/sa-thoro-multi-container-capper-series\/\">Boucheuse &#8211; visseuse (\u00e0 vis, ROPP et twist-off)<\/a><\/h3>\n<p>Des sauces aux boissons, en passant par les m\u00e9dicaments et les produtis cosm\u00e9tiques, la s\u00e9rie de boucheuse &#8211; visseuse <a href=\"https:\/\/shemeshautomation.com\/machines\/sa-thoro-multi-container-capper-series\/\">THORO Multi-Container Capper Series<\/a> de Shemesh Automation est con\u00e7ue pour fournir un bouchage pr\u00e9cis et efficace, mesur\u00e9 par un couple pour une grande vari\u00e9t\u00e9 de produits.<\/p>\n<p>Servo-motoris\u00e9e et sp\u00e9cialement con\u00e7ue pour assurer un bouchage sans fuite d&rsquo;une extr\u00eame pr\u00e9cision, la boucheuse &#8211; visseuse<a href=\"https:\/\/shemeshautomation.com\/machines\/sa-thoro-multi-container-capper-series\/\">THORO Multi-Container Capper<\/a> et disponible en verion semi-automatique ainsi qu&rsquo;enti\u00e8rement automatique pour une efficacit\u00e9 et une polyvalence maximales.<\/p>\n<p>La boucheuse &#8211; visseuse de conception<a href=\"https:\/\/shemeshautomation.com\/machines\/sa-thoro-multi-container-capper-series\/\">Servo Driven Cam<\/a> a d\u00e9j\u00e0 \u00e9t\u00e9 vendue \u00e0 de nombreux industriels de grande renomm\u00e9e, notamment Beams Packaging Services et MacPhie au Royaume-Uni.<\/p>\n<p>Parfaite pour toutes les applications de bouchage dans les secteurs de l&rsquo;agro-alimentaire et des boissons, des produits pharmaceutiques et cosm\u00e9tiques ainsi que de la chimie, la boucheuse &#8211; visseuse <a href=\"https:\/\/shemeshautomation.com\/machines\/sa-thoro-multi-container-capper-series\/\">THORO Multi-Container Capper<\/a> a \u00e9galement \u00e9t\u00e9 pr\u00e9sent\u00e9e en direct \u00e0 des milliers de visiteurs int\u00e9ress\u00e9s lors du plus grand salon de PPMA show sp\u00e9cialis\u00e9 dans l&#8217;emballage au Royaume-Uni.<\/p>\n<h3><a href=\"https:\/\/shemeshautomation.com\/machines\/valextra\/\">Boucheuse &#8211; visseuse VALEXTRA \u00e0 haute-vitesse pour bouchons Snap-on<\/a><\/h3>\n<p><strong>Id\u00e9al pour les emballages de lait maternis\u00e9, les bo\u00eetes de lingettes ou tout autre application snap-on,<\/strong> <a href=\"https:\/\/shemeshautomation.com\/machines\/valextra\/\">VALEXTRA<\/a> a \u00e9t\u00e9 sp\u00e9cialement con\u00e7ue pour appliqiuer de mani\u00e8re pr\u00e9cise, coh\u00e9rente et enti\u00e8rement automatique des couvercles snap-on de forme ronde, ovale ou autre sur des r\u00e9cipients \u00e0 orientations multiples (orientation du r\u00e9cipient, orientation du couvercle et orientation du couvercle sur le r\u00e9cipient).<\/p>\n<h3><a href=\"https:\/\/shemeshautomation.com\/machines\/air-pump-trigger-nozzle-capper\/\">Boucheuse &#8211; visseuse \u00e0 pompes vaporisateur ATLANTRA<\/a><\/h3>\n<p>Qu&rsquo;il s&rsquo;agisse de produits de nettoyage \u00e0 gachette ou de produits cosm\u00e9tiques avec des pompes \u00e0 air, l&rsquo;<a href=\"https:\/\/shemeshautomation.com\/machines\/air-pump-trigger-nozzle-capper\/\">ALANTRA<\/a> de Shemesh Automation est con\u00e7ue pour fournir un bouchage pr\u00e9cis et efficace, mesur\u00e9e par un couple, afin de satisfaire une grande vari\u00e9t\u00e9 d&rsquo;industries.<\/p>\n<p>Con\u00e7ue sp\u00e9cifiquement pour fournir un bouchage sans fuite ultra-pr\u00e9cis, l&rsquo;<a href=\"https:\/\/shemeshautomation.com\/machines\/air-pump-trigger-nozzle-capper\/\">ALANTRA<\/a> est disponible en version semi-automatique et enti\u00e8rement automatique pour une efficacit\u00e9 et une adaptablit\u00e9 maximales. <a href=\"https:\/\/shemeshautomation.com\/machines\/air-pump-trigger-nozzle-capper\/\">L&rsquo;ALANTRA<\/a> est applicable aux r\u00e9cipients courants dans les industries chimiques, cosm\u00e9tiques et pharmaceutiques ainsi qu&rsquo;alimentaires.<\/p>\n<p><a href=\"https:\/\/shemeshautomation.com\/machines\/air-pump-trigger-nozzle-capper\/\">La boucheuse &#8211; visseuse ALANTRA<\/a> est dot\u00e9e d\u2019un syst\u00e8me de contr\u00f4le qualit\u00e9 (optionnel) du bouchage et d\u2019un syst\u00e8me d\u2019\u00e9jection automatique garantissant un taux des produits non conformes inf\u00e9rieur \u00e0 1%, ce qui r\u00e9duit les pertes et les temps d\u2019arr\u00eats de la machine. La conception sans outil de l&rsquo;<a href=\"https:\/\/shemeshautomation.com\/machines\/air-pump-trigger-nozzle-capper\/\">ALANTRA<\/a> permet un changement de format en moins de vingt minutes et r\u00e9duit les temps d&rsquo;arr\u00eat, am\u00e9liorant ainsi la productivit\u00e9 de votre ligne, quel que soit le nombre de produits diff\u00e9rents qui y transitent.<\/p>\n<h3><a href=\"https:\/\/shemeshautomation.com\/machines\/ciw120-automatic-capping-machine\/\">Boucheuse &#8211; visseuse automatique CIW<\/a><\/h3>\n<p><a href=\"https:\/\/shemeshautomation.com\/machines\/ciw120-automatic-capping-machine\/\">La Boucheuse \u2013 visseuse automatique CIW120<\/a> <strong>est sp\u00e9cialement con\u00e7ue pour les lingettes non tiss\u00e9es en canisters, faisant partie de la gamme de machines d\u2019emballage pour le non tiss\u00e9 en aval.<\/strong> Notre machine automatique de grande pr\u00e9cision est adapt\u00e9 \u00e0 un large panel de bouchons et de canisters. Avec un temps de changement de format au minimum, nous avons \u00e9galement et sp\u00e9cialement con\u00e7u un m\u00e9canisme de pr\u00e9vention de la d\u00e9formation des couvercles, ce qui permet de traiter facilement pratiquement tous les types de couvercles de canisters existant sur le march\u00e9 sur une seule machine.<\/p>\n<p><center><a href=\"https:\/\/shemeshautomation.com\/contact-us\/\"><button style=\"padding: 10px 100px; background: #de2826; color: #fff; border: 1px solid #de2826; border-radius: 5px; font-weight: bold;\">NOUS CONTACTER<\/button><\/a><\/center><\/p>\n<h3>SP\u00c9CIFICATIONS STANDARD<\/h3>\n<h4>Toutes les boucheuses &#8211; visseuses Shemesh sont livr\u00e9es avec les sp\u00e9cifications standard suivantes :<\/h4>\n<ul style=\"list-style: disc inside none;\">\n<li><a href=\"https:\/\/en.wikipedia.org\/wiki\/Industry_4.0\">Pr\u00eat pour l&rsquo;industrie 4.0<\/a><\/li>\n<li>FESTO (Allemagne) pneumatique et syst\u00e8mes servo<\/li>\n<li>Conception compl\u00e8te du SST304\/316L<\/li>\n<li>Tuyauterie approuv\u00e9e par la FDA applicable<\/li>\n<li>SIEMENS (Allemagne) PLC, HMI et MOTEURS<\/li>\n<li>Capteurs BANNERS<\/li>\n<li>Boutons d&rsquo;arr\u00eat d&rsquo;urgence et verrouillages de s\u00e9curit\u00e9 c\u00e2bl\u00e9s par un contr\u00f4leur de s\u00e9curit\u00e9 CAT IV<\/li>\n<li>Marquage CE<\/li>\n<\/ul>\n<p><a href=\"\/contact-us\/\">Contactez-nous<\/a> pour plus d&rsquo;informations sur nos boucheuses &#8211; visseuses ou pour un devis d\u00e9taill\u00e9 et laissez-nous construire votre vision !<\/p>\n<h3>Voir notre gamme de boucheuses &#8211; visseuses automatis\u00e9es<\/h3>\n<table style=\"border: none;\" width=\"100%\">\n<tbody>\n<tr style=\"border: none;\">\n<td style=\"border: none;\" width=\"25%\"><a href=\"https:\/\/shemeshautomation.com\/machines\/sambax-fill-and-cap-machine-for-vials\/\"><img decoding=\"async\" class=\"alignleft size-full wp-image-2050\" src=\"https:\/\/shemeshautomation.com\/wp-content\/uploads\/2021\/03\/Automated-Capping-Machines-1.jpg\" alt=\"Boucheuses - Visseuse automatis\u00e9es Shemesh Automation\" width=\"270\" \/><\/a><\/td>\n<td style=\"border: none;\" width=\"25%\"><a href=\"https:\/\/shemeshautomation.com\/machines\/valextra\/\"><img decoding=\"async\" class=\"alignleft size-full wp-image-2051\" src=\"https:\/\/shemeshautomation.com\/wp-content\/uploads\/2021\/03\/Automated-Capping-Machines-2.jpg\" alt=\"Emballage automatis\u00e9 Shemesh Automation\" width=\"270\" \/><\/a><\/td>\n<td style=\"border: none;\" width=\"25%\"><a href=\"https:\/\/shemeshautomation.com\/machines\/sa-thoro-multi-container-capper-series\/\"><img decoding=\"async\" class=\"alignleft size-full wp-image-2052\" src=\"https:\/\/shemeshautomation.com\/wp-content\/uploads\/2021\/03\/Automated-Capping-Machines-3.jpg\" alt=\"Boucheuses - Visseuse automatis\u00e9es 2 Shemesh Automation 01\" width=\"270\" \/><\/a><\/td>\n<td style=\"border: none;\" width=\"25%\"><a href=\"https:\/\/shemeshautomation.com\/machines\/explosion-ex-and-corrosion-protection\/\"><img decoding=\"async\" class=\"alignleft size-full wp-image-2053\" src=\"https:\/\/shemeshautomation.com\/wp-content\/uploads\/2021\/03\/Automated-Capping-Machines-4.jpg\" alt=\"Emballage automatis\u00e9 Shemesh Automation\" width=\"270\" \/><\/a><\/td>\n<\/tr>\n<\/tbody>\n<\/table>\n<table style=\"border: none;\" width=\"100%\">\n<tbody>\n<tr style=\"border: none;\">\n<td style=\"border: none;\" width=\"25%\"><a href=\"https:\/\/shemeshautomation.com\/machines\/ciw120-automatic-capping-machine\/\"><img decoding=\"async\" class=\"alignnone size-full wp-image-2054\" style=\"float: left;\" src=\"https:\/\/shemeshautomation.com\/wp-content\/uploads\/2021\/03\/Automated-Capping-Machines-5.jpg\" alt=\"Boucheuses - Visseuse automatis\u00e9es 2 Shemesh Automation\" width=\"270\" \/><\/a><\/td>\n<td style=\"border: none;\" width=\"25%\"><a href=\"https:\/\/shemeshautomation.com\/machines\/air-pump-trigger-nozzle-capper\/\"><img decoding=\"async\" class=\"alignnone size-full wp-image-2055\" src=\"https:\/\/shemeshautomation.com\/wp-content\/uploads\/2021\/03\/Automated-Capping-Machines-6.jpg\" alt=\"Remplissage et conditionnement automatis\u00e9s Shemesh Automation\" width=\"270\" \/><\/a><\/td>\n<td style=\"border: none;\" width=\"25%\"><a href=\"https:\/\/shemeshautomation.com\/machines\/bucket-lid-denester-and-top-conveyor\/\"><img decoding=\"async\" class=\"alignnone size-full wp-image-2056\" src=\"https:\/\/shemeshautomation.com\/wp-content\/uploads\/2021\/03\/Automated-Capping-Machines-7.jpg\" alt=\"Remplisseuses de liquides Shemesh Automation 07\" width=\"270\" \/><\/a><\/td>\n<td style=\"border: none;\" width=\"25%\"><\/td>\n<\/tr>\n<\/tbody>\n<\/table>\n<p><center><a href=\"https:\/\/shemeshautomation.com\/contact-us\/\"><button style=\"padding: 10px 100px; background: #de2826; color: #fff; border: 1px solid #de2826; border-radius: 5px; font-weight: bold;\">NOUS CONTACTER<\/button><\/a><\/center><\/p>\n","protected":false},"excerpt":{"rendered":"<p>Boucheuse Visseuse automatis\u00e9e La gamme automatis\u00e9e de machines de bouchage et vissage de Shemesh Automation est con\u00e7ue sp\u00e9cifiquement pour r\u00e9pondre aux besoins de bouchage dans les secteurs de l&rsquo;alimentation et des boissons, des produits pharmaceutiques, de la chimie, de la cosm\u00e9tique et des non-tiss\u00e9s. Quel que soit votre type de produit, Shemesh Automation poss\u00e8de une&#8230;  <a class=\"excerpt-read-more\" href=\"https:\/\/shemeshautomation.com\/fr\/boucheuse-visseuse\/\" title=\"LireBoucheuse Visseuse automatis\u00e9e\">Lire la suite &raquo;<\/a><\/p>\n","protected":false},"author":6,"featured_media":0,"parent":0,"menu_order":0,"comment_status":"closed","ping_status":"closed","template":"page-fullwidth.php","meta":{"_acf_changed":false,"inline_featured_image":false,"footnotes":""},"class_list":["post-11444","page","type-page","status-publish","hentry"],"acf":[],"yoast_head":"<!-- This site is optimized with the Yoast SEO plugin v24.5 - https:\/\/yoast.com\/wordpress\/plugins\/seo\/ -->\n<title>Boucheuse Visseuse - Gamme Automatis\u00e9e - Shemesh Automation<\/title>\n<meta name=\"description\" content=\"La gamme automatis\u00e9e de boucheuses et visseuses de Shemesh Automation est con\u00e7ue sp\u00e9cifiquement pour r\u00e9pondre aux besoins de bouchonnage dans divers secteurs.\" \/>\n<meta name=\"robots\" content=\"index, follow, max-snippet:-1, max-image-preview:large, max-video-preview:-1\" \/>\n<link rel=\"canonical\" href=\"https:\/\/shemeshautomation.com\/fr\/boucheuse-visseuse\/\" \/>\n<meta property=\"og:locale\" content=\"fr_FR\" \/>\n<meta property=\"og:type\" content=\"article\" \/>\n<meta property=\"og:title\" content=\"Boucheuse Visseuse - Gamme Automatis\u00e9e - Shemesh Automation\" \/>\n<meta property=\"og:description\" content=\"La gamme automatis\u00e9e de boucheuses et visseuses de Shemesh Automation est con\u00e7ue sp\u00e9cifiquement pour r\u00e9pondre aux besoins de bouchonnage dans divers secteurs.\" \/>\n<meta property=\"og:url\" content=\"https:\/\/shemeshautomation.com\/fr\/boucheuse-visseuse\/\" \/>\n<meta property=\"og:site_name\" content=\"Shemesh Automation\" \/>\n<meta property=\"article:modified_time\" content=\"2023-02-08T12:33:26+00:00\" \/>\n<meta property=\"og:image\" content=\"https:\/\/shemeshautomation.com\/wp-content\/uploads\/2021\/03\/Automated-Capping-Machines-1.jpg\" \/>\n<meta name=\"twitter:card\" content=\"summary_large_image\" \/>\n<meta name=\"twitter:label1\" content=\"Dur\u00e9e de lecture estim\u00e9e\" \/>\n\t<meta name=\"twitter:data1\" content=\"5 minutes\" \/>\n<script type=\"application\/ld+json\" class=\"yoast-schema-graph\">{\"@context\":\"https:\/\/schema.org\",\"@graph\":[{\"@type\":\"WebPage\",\"@id\":\"https:\/\/shemeshautomation.com\/fr\/boucheuse-visseuse\/\",\"url\":\"https:\/\/shemeshautomation.com\/fr\/boucheuse-visseuse\/\",\"name\":\"Boucheuse Visseuse - Gamme Automatis\u00e9e - Shemesh Automation\",\"isPartOf\":{\"@id\":\"https:\/\/shemeshautomation.com\/fr\/#website\"},\"primaryImageOfPage\":{\"@id\":\"https:\/\/shemeshautomation.com\/fr\/boucheuse-visseuse\/#primaryimage\"},\"image\":{\"@id\":\"https:\/\/shemeshautomation.com\/fr\/boucheuse-visseuse\/#primaryimage\"},\"thumbnailUrl\":\"https:\/\/shemeshautomation.com\/wp-content\/uploads\/2021\/03\/Automated-Capping-Machines-1.jpg\",\"datePublished\":\"2021-03-18T12:30:41+00:00\",\"dateModified\":\"2023-02-08T12:33:26+00:00\",\"description\":\"La gamme automatis\u00e9e de boucheuses et visseuses de Shemesh Automation est con\u00e7ue sp\u00e9cifiquement pour r\u00e9pondre aux besoins de bouchonnage dans divers secteurs.\",\"breadcrumb\":{\"@id\":\"https:\/\/shemeshautomation.com\/fr\/boucheuse-visseuse\/#breadcrumb\"},\"inLanguage\":\"fr-FR\",\"potentialAction\":[{\"@type\":\"ReadAction\",\"target\":[\"https:\/\/shemeshautomation.com\/fr\/boucheuse-visseuse\/\"]}]},{\"@type\":\"ImageObject\",\"inLanguage\":\"fr-FR\",\"@id\":\"https:\/\/shemeshautomation.com\/fr\/boucheuse-visseuse\/#primaryimage\",\"url\":\"https:\/\/shemeshautomation.com\/wp-content\/uploads\/2021\/03\/Automated-Capping-Machines-1.jpg\",\"contentUrl\":\"https:\/\/shemeshautomation.com\/wp-content\/uploads\/2021\/03\/Automated-Capping-Machines-1.jpg\"},{\"@type\":\"BreadcrumbList\",\"@id\":\"https:\/\/shemeshautomation.com\/fr\/boucheuse-visseuse\/#breadcrumb\",\"itemListElement\":[{\"@type\":\"ListItem\",\"position\":1,\"name\":\"Home\",\"item\":\"https:\/\/shemeshautomation.com\/fr\/\"},{\"@type\":\"ListItem\",\"position\":2,\"name\":\"Boucheuse Visseuse automatis\u00e9e\"}]},{\"@type\":\"WebSite\",\"@id\":\"https:\/\/shemeshautomation.com\/fr\/#website\",\"url\":\"https:\/\/shemeshautomation.com\/fr\/\",\"name\":\"Shemesh Automation\",\"description\":\"Prudent Packaging Solutions\",\"potentialAction\":[{\"@type\":\"SearchAction\",\"target\":{\"@type\":\"EntryPoint\",\"urlTemplate\":\"https:\/\/shemeshautomation.com\/fr\/?s={search_term_string}\"},\"query-input\":{\"@type\":\"PropertyValueSpecification\",\"valueRequired\":true,\"valueName\":\"search_term_string\"}}],\"inLanguage\":\"fr-FR\"}]}<\/script>\n<!-- \/ Yoast SEO plugin. -->","yoast_head_json":{"title":"Boucheuse Visseuse - Gamme Automatis\u00e9e - Shemesh Automation","description":"La gamme automatis\u00e9e de boucheuses et visseuses de Shemesh Automation est con\u00e7ue sp\u00e9cifiquement pour r\u00e9pondre aux besoins de bouchonnage dans divers secteurs.","robots":{"index":"index","follow":"follow","max-snippet":"max-snippet:-1","max-image-preview":"max-image-preview:large","max-video-preview":"max-video-preview:-1"},"canonical":"https:\/\/shemeshautomation.com\/fr\/boucheuse-visseuse\/","og_locale":"fr_FR","og_type":"article","og_title":"Boucheuse Visseuse - Gamme Automatis\u00e9e - Shemesh Automation","og_description":"La gamme automatis\u00e9e de boucheuses et visseuses de Shemesh Automation est con\u00e7ue sp\u00e9cifiquement pour r\u00e9pondre aux besoins de bouchonnage dans divers secteurs.","og_url":"https:\/\/shemeshautomation.com\/fr\/boucheuse-visseuse\/","og_site_name":"Shemesh Automation","article_modified_time":"2023-02-08T12:33:26+00:00","og_image":[{"url":"https:\/\/shemeshautomation.com\/wp-content\/uploads\/2021\/03\/Automated-Capping-Machines-1.jpg","type":"","width":"","height":""}],"twitter_card":"summary_large_image","twitter_misc":{"Dur\u00e9e de lecture estim\u00e9e":"5 minutes"},"schema":{"@context":"https:\/\/schema.org","@graph":[{"@type":"WebPage","@id":"https:\/\/shemeshautomation.com\/fr\/boucheuse-visseuse\/","url":"https:\/\/shemeshautomation.com\/fr\/boucheuse-visseuse\/","name":"Boucheuse Visseuse - Gamme Automatis\u00e9e - Shemesh Automation","isPartOf":{"@id":"https:\/\/shemeshautomation.com\/fr\/#website"},"primaryImageOfPage":{"@id":"https:\/\/shemeshautomation.com\/fr\/boucheuse-visseuse\/#primaryimage"},"image":{"@id":"https:\/\/shemeshautomation.com\/fr\/boucheuse-visseuse\/#primaryimage"},"thumbnailUrl":"https:\/\/shemeshautomation.com\/wp-content\/uploads\/2021\/03\/Automated-Capping-Machines-1.jpg","datePublished":"2021-03-18T12:30:41+00:00","dateModified":"2023-02-08T12:33:26+00:00","description":"La gamme automatis\u00e9e de boucheuses et visseuses de Shemesh Automation est con\u00e7ue sp\u00e9cifiquement pour r\u00e9pondre aux besoins de bouchonnage dans divers secteurs.","breadcrumb":{"@id":"https:\/\/shemeshautomation.com\/fr\/boucheuse-visseuse\/#breadcrumb"},"inLanguage":"fr-FR","potentialAction":[{"@type":"ReadAction","target":["https:\/\/shemeshautomation.com\/fr\/boucheuse-visseuse\/"]}]},{"@type":"ImageObject","inLanguage":"fr-FR","@id":"https:\/\/shemeshautomation.com\/fr\/boucheuse-visseuse\/#primaryimage","url":"https:\/\/shemeshautomation.com\/wp-content\/uploads\/2021\/03\/Automated-Capping-Machines-1.jpg","contentUrl":"https:\/\/shemeshautomation.com\/wp-content\/uploads\/2021\/03\/Automated-Capping-Machines-1.jpg"},{"@type":"BreadcrumbList","@id":"https:\/\/shemeshautomation.com\/fr\/boucheuse-visseuse\/#breadcrumb","itemListElement":[{"@type":"ListItem","position":1,"name":"Home","item":"https:\/\/shemeshautomation.com\/fr\/"},{"@type":"ListItem","position":2,"name":"Boucheuse Visseuse automatis\u00e9e"}]},{"@type":"WebSite","@id":"https:\/\/shemeshautomation.com\/fr\/#website","url":"https:\/\/shemeshautomation.com\/fr\/","name":"Shemesh Automation","description":"Prudent Packaging Solutions","potentialAction":[{"@type":"SearchAction","target":{"@type":"EntryPoint","urlTemplate":"https:\/\/shemeshautomation.com\/fr\/?s={search_term_string}"},"query-input":{"@type":"PropertyValueSpecification","valueRequired":true,"valueName":"search_term_string"}}],"inLanguage":"fr-FR"}]}},"_links":{"self":[{"href":"https:\/\/shemeshautomation.com\/fr\/wp-json\/wp\/v2\/pages\/11444","targetHints":{"allow":["GET"]}}],"collection":[{"href":"https:\/\/shemeshautomation.com\/fr\/wp-json\/wp\/v2\/pages"}],"about":[{"href":"https:\/\/shemeshautomation.com\/fr\/wp-json\/wp\/v2\/types\/page"}],"author":[{"embeddable":true,"href":"https:\/\/shemeshautomation.com\/fr\/wp-json\/wp\/v2\/users\/6"}],"replies":[{"embeddable":true,"href":"https:\/\/shemeshautomation.com\/fr\/wp-json\/wp\/v2\/comments?post=11444"}],"version-history":[{"count":3,"href":"https:\/\/shemeshautomation.com\/fr\/wp-json\/wp\/v2\/pages\/11444\/revisions"}],"predecessor-version":[{"id":16744,"href":"https:\/\/shemeshautomation.com\/fr\/wp-json\/wp\/v2\/pages\/11444\/revisions\/16744"}],"wp:attachment":[{"href":"https:\/\/shemeshautomation.com\/fr\/wp-json\/wp\/v2\/media?parent=11444"}],"curies":[{"name":"wp","href":"https:\/\/api.w.org\/{rel}","templated":true}]}}